{"id":33819,"date":"2025-04-07T07:42:32","date_gmt":"2025-04-07T07:42:32","guid":{"rendered":"https:\/\/purama.lt\/produktas\/medicube-pdrn-pink-peptide-serum-veido-serumas\/"},"modified":"2026-04-10T13:03:27","modified_gmt":"2026-04-10T11:03:27","slug":"medicube-pdrn-roosa-peptiidide-seerum-naoseerum","status":"publish","type":"product","link":"https:\/\/purama.lt\/ee\/produktas\/medicube-pdrn-pink-peptide-serum-veido-serumas\/","title":{"rendered":"Medicube PDRN Pink Peptide Serum n\u00e4oseerum"},"content":{"rendered":"<p><strong>Kasutamine:<\/strong><br>Kandke paar tilka seerumit puhtale, toonitud nahale. Masseerige \u00f5rnalt, et aidata imendumisel. Kasutage hommikul ja\/v\u00f5i \u00f5htul.<\/p>\n\n\n\n<p><strong>Koostis:<\/strong> Vesi, niatsiinamiid, h\u00fcdrol\u00fc\u00fcsitud kollageen, naatrium-DNA (PDRN), milt ekstrakt, peptiidid (vask-tripeptiid-1, atset\u00fc\u00fclheksapeptiid-8, palmito\u00fc\u00fclpeptiidid), h\u00fcaluroonhape, gl\u00fctseriin, koens\u00fc\u00fcm Q10 (ubikinoon), adenosiin, atelokollageen, l\u00f5hekaaviari ekstrakt, ts\u00fcanokobalamiin (vit. B12), looduslikud taimeekstraktid (p\u00fcha basiilik, kurkum, neemi lehed ja \u00f5ied, punavetikad), l\u00f5hna- ja maitseained.<br><br>Kas otsite rohkem? Vaadake t\u00e4ielikku <a href=\"\/ee\/tootesildid\/medicube\/\">Medicube sortimenti<\/a>.<\/p>\n\n\n\n<p><\/p>","protected":false},"excerpt":{"rendered":"<p class=\"\" data-start=\"0\" data-end=\"127\"><strong data-start=\"0\" data-end=\"127\">Medicube PDRN roosa peptiidide seerum - <\/strong>Intensiivne parandav seerum s\u00e4rava, pinguldatud ja niiskusrohke naha jaoks. Avastage v\u00e4ga kontsentreeritud naha taaselustamise v\u00f5imsus koos <em data-start=\"188\" data-end=\"222\">Medicube PDRN roosa peptiidide seerum<\/em>. See uuenduslik n\u00e4oseerum on rikastatud isegi <strong data-start=\"270\" data-end=\"296\">10 000 ppm l\u00f5he PDRN<\/strong> - toimeaine, mis aitab stimuleerida rakkude uuenemist, taastada naha barj\u00e4\u00e4ri ja parandada selle elastsust. Ainulaadne <strong data-start=\"424\" data-end=\"454\">peptiidid ja l\u00f5he kollageen<\/strong> kompleks, mida t\u00e4iendab <strong data-start=\"478\" data-end=\"556\">h\u00fcaluroonhape, Q10 koens\u00fc\u00fcm ja tulsi (Ocimum Tenuiflorum) ekstrakt.<\/strong>, See niisutab intensiivselt, rahustab \u00e4rritunud nahka ja v\u00e4hendab pigmendilaike. Mittekleepuv tekstuur imendub kiiresti, j\u00e4tmata rasvast kihti v\u00f5i ebamugavustunnet. See seerum mitte ainult ei <strong data-start=\"738\" data-end=\"765\">tugevdab naha struktuuri<\/strong> ja kaitseb v\u00e4lism\u00f5jude eest, kuid annab ka n\u00e4o <strong data-start=\"821\" data-end=\"861\">eluj\u00f5udu ja loomulikku s\u00e4ra<\/strong>. Ideaalne tundlikule, v\u00e4sinud v\u00f5i k\u00fcpsele nahale, mis vajab t\u00e4iendavat hooldust ja taastumist. <\/p>\n<p><strong>Miks valida?<\/strong> <br \/>\u2714\ufe0f Stimuleerib naha loomulikku uuenemist ja elastsust.<br data-start=\"138\" data-end=\"141\" \/>\u2714\ufe0f Tugevdab kahjustatud nahabarj\u00e4\u00e4ri seestpoolt<br data-start=\"184\" data-end=\"187\" \/>\u2714\ufe0f V\u00e4hendab kortse ja silub nahapinda.<br data-start=\"229\" data-end=\"232\" \/>\u2714\ufe0f Rahustab \u00e4rritunud nahka ja niisutab.<br data-start=\"267\" data-end=\"270\" \/>\u2714\ufe0f Parandab teiste vahendite kasutuselev\u00f5ttu.<\/p>","protected":false},"featured_media":33814,"comment_status":"open","ping_status":"closed","template":"","meta":{"_acf_changed":false},"product_brand":[438],"product_cat":[56,92,59],"product_tag":[],"class_list":{"0":"post-33819","1":"product","2":"type-product","3":"status-publish","4":"has-post-thumbnail","6":"product_brand-medicube","7":"product_cat-veido-serumai","8":"product_cat-groziui","9":"product_cat-veidui","11":"first","12":"instock","13":"shipping-taxable","14":"purchasable","15":"product-type-simple"},"acf":[],"tiered_pricing_type":"fixed","tiered_pricing_fixed_rules":[],"tiered_pricing_product_settings":{"layout":"default","base_unit_name":{"singular":null,"plural":null},"default_variation":null},"tiered_pricing_minimum_quantity":null,"tiered_pricing_roles_data":[],"tiered_pricing_percentage_rules":[],"_links":{"self":[{"href":"https:\/\/purama.lt\/ee\/wp-json\/wp\/v2\/product\/33819","targetHints":{"allow":["GET"]}}],"collection":[{"href":"https:\/\/purama.lt\/ee\/wp-json\/wp\/v2\/product"}],"about":[{"href":"https:\/\/purama.lt\/ee\/wp-json\/wp\/v2\/types\/product"}],"replies":[{"embeddable":true,"href":"https:\/\/purama.lt\/ee\/wp-json\/wp\/v2\/comments?post=33819"}],"wp:featuredmedia":[{"embeddable":true,"href":"https:\/\/purama.lt\/ee\/wp-json\/wp\/v2\/media\/33814"}],"wp:attachment":[{"href":"https:\/\/purama.lt\/ee\/wp-json\/wp\/v2\/media?parent=33819"}],"wp:term":[{"taxonomy":"product_brand","embeddable":true,"href":"https:\/\/purama.lt\/ee\/wp-json\/wp\/v2\/product_brand?post=33819"},{"taxonomy":"product_cat","embeddable":true,"href":"https:\/\/purama.lt\/ee\/wp-json\/wp\/v2\/product_cat?post=33819"},{"taxonomy":"product_tag","embeddable":true,"href":"https:\/\/purama.lt\/ee\/wp-json\/wp\/v2\/product_tag?post=33819"}],"curies":[{"name":"wp","href":"https:\/\/api.w.org\/{rel}","templated":true}]}}