{"id":33818,"date":"2025-04-07T07:42:31","date_gmt":"2025-04-07T07:42:31","guid":{"rendered":"https:\/\/purama.lt\/produktas\/medicube-collagen-glow-booster-serum-veido-serumas\/"},"modified":"2026-04-10T13:03:27","modified_gmt":"2026-04-10T11:03:27","slug":"medicube-collagen-glow-booster-seerum-naoseerum","status":"publish","type":"product","link":"https:\/\/purama.lt\/ee\/produktas\/medicube-collagen-glow-booster-serum-veido-serumas\/","title":{"rendered":"Medicube Collagen Glow Booster Serum n\u00e4oseerum"},"content":{"rendered":"<p><strong>Kasutamine:<\/strong><br>Seerumi avamiseks keerake seerum vasakule. Vajutage pumpa ja kandke v\u00e4ike kogus n\u00e4ole. Masseerige \u00f5rnalt, et aidata imendumist. Kui olete l\u00f5petanud, keerake paremale, et sulgeda. Kasutage hommikul ja \u00f5htul.<\/p>\n\n\n\n<p><strong>Koostis:<\/strong> Vesi, piimavalguekstrakt, but\u00fcleengl\u00fckool, 1,2-heksandiool, et\u00fc\u00fclheks\u00fc\u00fclgl\u00fctserool, gl\u00fctseriin, dikapr\u00fc\u00fcl\u00fc\u00fcleeter, tokoferool (E-vitamiin), isonon\u00fc\u00fclisononanoaat, diprop\u00fcleengl\u00fckool, C9-12-alkaanid, pol\u00fcgl\u00fctser\u00fc\u00fcl-4-oleaat, pol\u00fcgl\u00fctser\u00fc\u00fcl-3-pol\u00fcriinoleaat, PEG-30-dipol\u00fc\u00fclh\u00fcdroks\u00fcstearaat, kollageen, magneesiumsulfaat ja niatsiinamiid (B3-vitamiin), lahustuv proteogl\u00fckaan, chlorella vulgaris'e ekstrakt, gl\u00fckoos, fruktooligosahhariidid, fruktoos, kapr\u00fc\u00fcl-\/kapritsooltrigl\u00fctseriidid, h\u00fcdrogeenitud letsitiin, keramiid NP, beetagl\u00fckaan, h\u00fcdrol\u00fc\u00fcsitud elastiin, l\u00f5hna- ja maitseained, kapr\u00fc\u00fclgl\u00fckool, adenosiin, h\u00fcdroks\u00fcprop\u00fc\u00fcltrimooniumh\u00fcaluronaat, naatrium-DNA, heksapeptiid-2, biotiin (vitamiin B7).<\/p>","protected":false},"excerpt":{"rendered":"<p class=\"\" data-start=\"87\" data-end=\"503\"><strong>Medicube Collagen Glow Booster<\/strong> - on t\u00e4iustatud n\u00e4oseerum, mis sisaldab s\u00fcgavuti imenduvat kollageeni ja teisi aktiivseid koostisosi, mis on m\u00f5eldud naha elastsuse taastamiseks ja loomuliku s\u00e4ra andmiseks. Uuenduslik tiheduse tehnoloogia annab v\u00f5imsa annuse toimeaineid \u00fcheainsa puudutusega: <strong data-start=\"385\" data-end=\"393\">PDRN<\/strong>, <strong data-start=\"395\" data-end=\"412\">piima valge<\/strong>, <strong data-start=\"414\" data-end=\"435\">h\u00fcbriidpeptiid<\/strong> ja <strong data-start=\"439\" data-end=\"451\">gl\u00fckoos<\/strong>millel on intensiivne m\u00f5ju naha sisemistele kihtidele. Kolm komponenti - <strong data-start=\"524\" data-end=\"536\">kollageen<\/strong>, <strong data-start=\"538\" data-end=\"550\">elastiin<\/strong> ja <strong data-start=\"554\" data-end=\"571\">proteogl\u00fckaan<\/strong> - Kompleks aitab pinguldunud nahka pinguldada, s\u00e4ilitab pikaajalise niisutuse ning aitab taastada terve ja sileda tekstuuri. H\u00fcpoallergeeniline koostis on testitud tundlikul nahal, mist\u00f5ttu sobib see igap\u00e4evaseks ohutuks hoolduseks.<\/p>\n<p data-start=\"87\" data-end=\"503\"><strong data-start=\"787\" data-end=\"811\">Miks valida?<\/strong><br data-start=\"811\" data-end=\"814\" \/>\u2714\ufe0f Kollageen, elastiin ja proteogl\u00fckaanid - naha tiheduse ja elastsuse eest.<br data-start=\"896\" data-end=\"899\" \/>\u2714\ufe0f Uuenduslik valem PDRN ja peptiididega - s\u00fcgavalt parandav toime.<br data-start=\"970\" data-end=\"973\" \/>\u2714\ufe0f Annab nahale s\u00e4ra, pehmuse ja niiskuse.<br data-start=\"1021\" data-end=\"1024\" data-is-only-node=\"\" \/>\u2714\ufe0f Testitud tundlikule nahale - h\u00fcpoallergeenne valik.<br data-start=\"1080\" data-end=\"1083\" \/>\u2714\ufe0f Lihtne kasutada ja imendub suurep\u00e4raselt<\/p>\n<p data-start=\"87\" data-end=\"503\"><strong>TARNE V\u00d5TAB 7-10 T\u00d6\u00d6P\u00c4EVA.<\/strong><\/p>","protected":false},"featured_media":33813,"comment_status":"open","ping_status":"closed","template":"","meta":{"_acf_changed":false},"product_brand":[438],"product_cat":[56,92,59],"product_tag":[],"class_list":{"0":"post-33818","1":"product","2":"type-product","3":"status-publish","4":"has-post-thumbnail","6":"product_brand-medicube","7":"product_cat-veido-serumai","8":"product_cat-groziui","9":"product_cat-veidui","11":"first","12":"outofstock","13":"shipping-taxable","14":"purchasable","15":"product-type-simple"},"acf":[],"tiered_pricing_type":"fixed","tiered_pricing_fixed_rules":[],"tiered_pricing_product_settings":{"layout":"default","base_unit_name":{"singular":null,"plural":null},"default_variation":null},"tiered_pricing_minimum_quantity":null,"tiered_pricing_roles_data":[],"tiered_pricing_percentage_rules":[],"_links":{"self":[{"href":"https:\/\/purama.lt\/ee\/wp-json\/wp\/v2\/product\/33818","targetHints":{"allow":["GET"]}}],"collection":[{"href":"https:\/\/purama.lt\/ee\/wp-json\/wp\/v2\/product"}],"about":[{"href":"https:\/\/purama.lt\/ee\/wp-json\/wp\/v2\/types\/product"}],"replies":[{"embeddable":true,"href":"https:\/\/purama.lt\/ee\/wp-json\/wp\/v2\/comments?post=33818"}],"wp:featuredmedia":[{"embeddable":true,"href":"https:\/\/purama.lt\/ee\/wp-json\/wp\/v2\/media\/33813"}],"wp:attachment":[{"href":"https:\/\/purama.lt\/ee\/wp-json\/wp\/v2\/media?parent=33818"}],"wp:term":[{"taxonomy":"product_brand","embeddable":true,"href":"https:\/\/purama.lt\/ee\/wp-json\/wp\/v2\/product_brand?post=33818"},{"taxonomy":"product_cat","embeddable":true,"href":"https:\/\/purama.lt\/ee\/wp-json\/wp\/v2\/product_cat?post=33818"},{"taxonomy":"product_tag","embeddable":true,"href":"https:\/\/purama.lt\/ee\/wp-json\/wp\/v2\/product_tag?post=33818"}],"curies":[{"name":"wp","href":"https:\/\/api.w.org\/{rel}","templated":true}]}}