{"id":33817,"date":"2025-04-07T07:42:31","date_gmt":"2025-04-07T07:42:31","guid":{"rendered":"https:\/\/purama.lt\/produktas\/medicube-collagen-jelly-cream-veido-kremas\/"},"modified":"2026-04-10T13:03:27","modified_gmt":"2026-04-10T11:03:27","slug":"medicube-kollageen-zelatiinikreem-naokreem","status":"publish","type":"product","link":"https:\/\/purama.lt\/ee\/produktas\/medicube-collagen-jelly-cream-veido-kremas\/","title":{"rendered":"Medicube Collagen Jelly Cream n\u00e4okreem"},"content":{"rendered":"<p><strong>Kasutamine:<\/strong><br>L\u00f5petage oma nahahooldusrutiin, kandes v\u00e4ike kogus kreemi puhtale nahale. Jaotage \u00fchtlaselt ja patsutage \u00f5rnalt, et aidata kreemil nahka imenduda.<\/p>\n\n\n\n<p><strong>Koostis:<\/strong><br>Vesi, propaandiool, niatsiinamiid, h\u00fcdrol\u00fc\u00fcsitud kollageen, lahustuv kollageen, klorella ekstrakt, l\u00f5hekaaviari ekstrakt, roheline taimekompleks (brokoli, spinat, mustikad, tomatid, k\u00fc\u00fcslauk, kaer, rohelise tee seemned), h\u00fcaluroonhape, adenosiin, skvalaan, E-vitamiin, B12-vitamiin, proteogl\u00fckaanid, elastsust s\u00e4ilitavad ained.<br><br>Kas otsite rohkem? Vaadake t\u00e4ielikku <a href=\"\/ee\/tootesildid\/medicube\/\">Medicube sortimenti<\/a>.<\/p>\n\n\n\n<p><\/p>","protected":false},"excerpt":{"rendered":"<p class=\"\" data-start=\"72\" data-end=\"151\"><strong data-start=\"72\" data-end=\"151\">Medicube kollageeni \u017eelatiinikreem - <\/strong>Intensiivne kollageeni sisaldav geel n\u00e4okreem. Taastage v\u00e4sinud ja l\u00f5tvunud nahk koos <strong>Medicube kollageeni \u017eelee kreem<\/strong> - see <strong data-start=\"246\" data-end=\"281\">v\u00e4rskendav kreem geelja tekstuuriga<\/strong>, mis isegi <strong data-start=\"295\" data-end=\"325\">98 % H\u00fcdrol\u00fc\u00fcsitud kollageen<\/strong>. Kreem v\u00e4hendab t\u00f5husalt kortsude ilmnemist, suurendab elastsust ja taastab n\u00e4ole noorusliku s\u00e4ra. H\u00fcaluroonhappe kompleks niisutab s\u00fcgavuti, aitab taastada naha loomulikku tekstuuri ja parandab selle \u00fcldist seisundit. V\u00e4rske, geelilaadne tekstuur imendub kiiresti ja annab siidiselt sileda tunde, tundmata end raskena. Sobib igap\u00e4evaseks kasutamiseks k\u00f5ikidele nahat\u00fc\u00fcpidele, eriti neile, mis on kaotanud oma tugevuse v\u00f5i kalduvad kuivusele. <\/p>\n<p><strong>Miks valida?<br \/><\/strong>\u2714\ufe0f 98 % H\u00fcdrol\u00fc\u00fcsitud kollageen - tugevama ja elastsema naha jaoks.<br data-start=\"833\" data-end=\"836\" \/>\u2714\ufe0f H\u00fcaluroonhapped - s\u00fcgavale niisutamisele ja naha tekstuuri taastamisele.<br data-start=\"904\" data-end=\"907\" \/>\u2714\ufe0f V\u00e4rske geelist tekstuur - imendub kiiresti, ilma et see koormaks sind.<br data-start=\"964\" data-end=\"967\" \/>\u2714\ufe0f Sobib k\u00f5ikidele nahat\u00fc\u00fcpidele - eriti kuivale ja k\u00fcpsele nahale.<br data-start=\"1017\" data-end=\"1020\" \/>\u2714\ufe0f Ilusam, siledam ja pehmem nahk juba m\u00f5ne kasutuskorra j\u00e4rel.<\/p>","protected":false},"featured_media":33815,"comment_status":"open","ping_status":"closed","template":"","meta":{"_acf_changed":false},"product_brand":[438],"product_cat":[55,92,59],"product_tag":[],"class_list":{"0":"post-33817","1":"product","2":"type-product","3":"status-publish","4":"has-post-thumbnail","6":"product_brand-medicube","7":"product_cat-veido-kremai","8":"product_cat-groziui","9":"product_cat-veidui","11":"first","12":"instock","13":"shipping-taxable","14":"purchasable","15":"product-type-simple"},"acf":[],"tiered_pricing_type":"fixed","tiered_pricing_fixed_rules":[],"tiered_pricing_product_settings":{"layout":"default","base_unit_name":{"singular":null,"plural":null},"default_variation":null},"tiered_pricing_minimum_quantity":null,"tiered_pricing_roles_data":[],"tiered_pricing_percentage_rules":[],"_links":{"self":[{"href":"https:\/\/purama.lt\/ee\/wp-json\/wp\/v2\/product\/33817","targetHints":{"allow":["GET"]}}],"collection":[{"href":"https:\/\/purama.lt\/ee\/wp-json\/wp\/v2\/product"}],"about":[{"href":"https:\/\/purama.lt\/ee\/wp-json\/wp\/v2\/types\/product"}],"replies":[{"embeddable":true,"href":"https:\/\/purama.lt\/ee\/wp-json\/wp\/v2\/comments?post=33817"}],"wp:featuredmedia":[{"embeddable":true,"href":"https:\/\/purama.lt\/ee\/wp-json\/wp\/v2\/media\/33815"}],"wp:attachment":[{"href":"https:\/\/purama.lt\/ee\/wp-json\/wp\/v2\/media?parent=33817"}],"wp:term":[{"taxonomy":"product_brand","embeddable":true,"href":"https:\/\/purama.lt\/ee\/wp-json\/wp\/v2\/product_brand?post=33817"},{"taxonomy":"product_cat","embeddable":true,"href":"https:\/\/purama.lt\/ee\/wp-json\/wp\/v2\/product_cat?post=33817"},{"taxonomy":"product_tag","embeddable":true,"href":"https:\/\/purama.lt\/ee\/wp-json\/wp\/v2\/product_tag?post=33817"}],"curies":[{"name":"wp","href":"https:\/\/api.w.org\/{rel}","templated":true}]}}