{"id":33612,"date":"2025-04-02T13:05:45","date_gmt":"2025-04-02T13:05:45","guid":{"rendered":"https:\/\/purama.lt\/produktas\/medicube-age-r-booster-pro-veido-prieziuros-aparatas\/"},"modified":"2026-04-08T15:26:07","modified_gmt":"2026-04-08T13:26:07","slug":"medicube-age-r-booster-pro-naohooldusseade","status":"publish","type":"product","link":"https:\/\/purama.lt\/ee\/produktas\/medicube-age-r-booster-pro-veido-prieziuros-aparatas\/","title":{"rendered":"MEDICUBE AGE-R Booster Pro n\u00e4ohooldusravi"},"content":{"rendered":"<p><strong>Kuidas kasutada Medicube AGE-R Booster Pro?<\/strong><\/p>\n\n\n\n<p>Selleks, et oma seadet maksimaalselt \u00e4ra kasutada, j\u00e4rgige allj\u00e4rgnevaid samme:<\/p>\n\n\n\n<ol class=\"wp-block-list\">\n<li><strong>L\u00fclita sisse<\/strong>: Hoidke toitenuppu all kauem kui 2 sekundit, kuni seade l\u00fclitub sisse.<\/li>\n\n\n\n<li><strong>Re\u017eiimi valik<\/strong>: Re\u017eiimi vahetamiseks kl\u00f5psake l\u00fchidalt nuppu Re\u017eiim.<\/li>\n\n\n\n<li><strong>Intensiivsuse reguleerimine<\/strong>: Vajutage l\u00fchidalt toitenuppu, et muuta taset.<\/li>\n\n\n\n<li><strong>Igap\u00e4evane rutiin<\/strong>: Kasutage neid re\u017eiime 1-3 korda p\u00e4evas:\n<ul class=\"wp-block-list\">\n<li><em>Booster re\u017eiim<\/em><\/li>\n\n\n\n<li><em>MC re\u017eiim<\/em><\/li>\n\n\n\n<li><em>Derma Shot re\u017eiim<\/em><\/li>\n<\/ul>\n<\/li>\n\n\n\n<li><strong>T\u00e4iendav hooldus<\/strong>: Re\u017eiim <em>Air Shot<\/em> soovitatav 2-3 korda n\u00e4dalas.<\/li>\n<\/ol>\n\n\n\n<p><strong>LED-valgusteraapia t\u00fc\u00fcbid - nutikas lahendus erinevatele nahavajadustele<\/strong><\/p>\n\n\n\n<p><strong>Medicube AGE-R Booster Pro<\/strong> varustatud t\u00e4iustatud <strong>LED valgusravi tehnoloogia<\/strong>, mis kohandub individuaalsetele nahaprobleemidele. Iga valgusv\u00e4rv aktiveerib erinevaid nahaprotsesse, nii et saate iga kasutuskorraga nautida t\u00f5husat ja individuaalset hooldust.<\/p>\n\n\n\n<ul class=\"wp-block-list\">\n<li><strong>Sinine valgus (455-492 nm)<\/strong> - v\u00e4hendab poore, kontrollib rasu tootmist ja rahustab tundlikku nahka.<\/li>\n\n\n\n<li><strong>Oran\u017e valgus (597-622 nm)<\/strong> - kirgastab n\u00e4gu, aitab v\u00f5idelda pundunud naha ja v\u00e4sinud v\u00e4limuse vastu.<\/li>\n\n\n\n<li><strong>Roheline valgus (492-577 nm)<\/strong> - soodustab nahatooni taastumist, aitab siluda nahka ja v\u00e4hendada pigmendilaike.<\/li>\n\n\n\n<li><strong>Punane valgus (622-780 nm)<\/strong> - Aktiveerib kollageeni tootmist, parandab elastsust ja v\u00e4hendab kortse.<\/li>\n\n\n\n<li><strong>Violetne valgus (390-455 nm)<\/strong> - suurendab kosmeetikatoodete imendumist ja tugevdab toimeainete m\u00f5ju.<\/li>\n<\/ul>\n\n\n\n<p><strong>Medicube AGE-R Booster Pro<\/strong> - see <strong>Intelligentne 6-in-1<\/strong> Nahahooldusseade, mis on loodud muutma teie igap\u00e4evast ilurutiini t\u00f5husalt ja ohutult. <strong>Elektroporatsioon, EMS, mikrovoolud, LED-teraapia, ultraheli vibratsioon ja elektrostimulatsioon.<\/strong> - K\u00f5ik tehnoloogiad \u00fches seadmes, mis tagavad aktiivsete koostisainete s\u00fcgavama imendumise, tugevama, s\u00e4ravama ja siledamana. Kasutage koos AGE-R rakendusega, kohandage re\u017eiimid vastavalt oma individuaalsetele vajadustele ja nautige kodus professionaalse hoolduse tulemusi.<\/p>\n\n\n\n<p>Kas otsite rohkem? Vaadake t\u00e4ielikku <a href=\"\/ee\/tootesildid\/medicube\/\">Medicube sortimenti<\/a>.<\/p>","protected":false},"excerpt":{"rendered":"<p><strong data-start=\"76\" data-end=\"151\">Medicube AGE-R Booster Pro on t\u00e4iustatud revolutsioon n\u00e4onaha hoolduses. <\/strong>Avastage nahahoolduse nutikas tulevik koos <em data-start=\"199\" data-end=\"227\">Medicube AGE-R Booster Pro<\/em> - on \u00fcks k\u00f5ige arenenumaid 6-in-1 tehnoloogiaga n\u00e4ohooldusseadmeid, mis parandab teie naha v\u00e4limust ja seisundit ilma keeruliste protseduuride v\u00f5i salongik\u00fclastusteta. See multifunktsionaalne iluseade \u00fchendab endas kuus kliinilistel uuringutel p\u00f5hinevat tehnoloogiat: <strong data-start=\"480\" data-end=\"576\">elektroporatsioon, mikrovoolud, EMS (lihasstimulatsioon), elektrostimulatsioon, LED-teraapia<\/strong> ja <strong data-start=\"580\" data-end=\"605\">ultraheli vibratsioonid<\/strong>. Koos stimuleerivad nad kollageeni tootmist, pinguldades nahka, v\u00e4hendades kortse ja stimuleerides toimeainete s\u00fcgavale imendumist.<\/p>\n<p data-start=\"730\" data-end=\"772\"><strong>Miks valida AGE-R Booster Pro?<\/strong><\/p>\n<p class=\"\" data-start=\"773\" data-end=\"1178\">\u2714\ufe0f <strong data-start=\"776\" data-end=\"801\">6 t\u00e4iustatud funktsiooni<\/strong> - maksimaalne kasu \u00fches seadmes.<br data-start=\"839\" data-end=\"842\" \/>\u2714\ufe0f <strong data-start=\"845\" data-end=\"874\">T\u00f6\u00f6tab ilma juhtiva geelita<\/strong> - Kasutage koos oma lemmik seerumite v\u00f5i kreemidega.<br data-start=\"927\" data-end=\"930\" \/>\u2714\ufe0f <strong data-start=\"933\" data-end=\"969\">Nutikas nahakontaktandur<\/strong> - LED-valgus aktiveerub ainult naha puudutamisel, mis muudab ravi veelgi ohutumaks ja t\u00f5husamaks.<br data-start=\"1060\" data-end=\"1063\" \/>\u2714\ufe0f <strong data-start=\"1066\" data-end=\"1113\">Isikup\u00e4rastatud nahahooldus AGE-R rakendusega<\/strong> - luua personaalne rutiin vastavalt teie naha vajadustele.<\/p>\n<p class=\"\" data-start=\"1205\" data-end=\"1374\">T\u00e4nu oma mitmek\u00fclgsusele ja ohutusele sobib Booster Pro tundlikule, k\u00fcpsele v\u00f5i kombineeritud nahale - ideaalne valik neile, kes soovivad professionaalseid tulemusi kodus.\u00a0<strong data-start=\"1376\" data-end=\"1505\">Investeeri s\u00e4ravasse, elastsesse ja nooruslikku nahka - hoolitse oma ilu eest uuenduslikult Medicube AGE-R Booster Pro abil.<\/strong><\/p>","protected":false},"featured_media":33616,"comment_status":"open","ping_status":"closed","template":"","meta":{"_acf_changed":false},"product_brand":[438],"product_cat":[282,288,92,500,283],"product_tag":[],"class_list":{"0":"post-33612","1":"product","2":"type-product","3":"status-publish","4":"has-post-thumbnail","6":"product_brand-medicube","7":"product_cat-longevity-prietaisai","8":"product_cat-grozio-ir-odos-prieziura","9":"product_cat-groziui","10":"product_cat-outlet","11":"product_cat-sveikatingumo-prietaisai","13":"first","14":"instock","15":"sale","16":"shipping-taxable","17":"purchasable","18":"product-type-simple"},"acf":[],"tiered_pricing_type":"fixed","tiered_pricing_fixed_rules":[],"tiered_pricing_product_settings":{"layout":"default","base_unit_name":{"singular":null,"plural":null},"default_variation":null},"tiered_pricing_minimum_quantity":null,"tiered_pricing_roles_data":[],"tiered_pricing_percentage_rules":[],"_links":{"self":[{"href":"https:\/\/purama.lt\/ee\/wp-json\/wp\/v2\/product\/33612","targetHints":{"allow":["GET"]}}],"collection":[{"href":"https:\/\/purama.lt\/ee\/wp-json\/wp\/v2\/product"}],"about":[{"href":"https:\/\/purama.lt\/ee\/wp-json\/wp\/v2\/types\/product"}],"replies":[{"embeddable":true,"href":"https:\/\/purama.lt\/ee\/wp-json\/wp\/v2\/comments?post=33612"}],"wp:featuredmedia":[{"embeddable":true,"href":"https:\/\/purama.lt\/ee\/wp-json\/wp\/v2\/media\/33616"}],"wp:attachment":[{"href":"https:\/\/purama.lt\/ee\/wp-json\/wp\/v2\/media?parent=33612"}],"wp:term":[{"taxonomy":"product_brand","embeddable":true,"href":"https:\/\/purama.lt\/ee\/wp-json\/wp\/v2\/product_brand?post=33612"},{"taxonomy":"product_cat","embeddable":true,"href":"https:\/\/purama.lt\/ee\/wp-json\/wp\/v2\/product_cat?post=33612"},{"taxonomy":"product_tag","embeddable":true,"href":"https:\/\/purama.lt\/ee\/wp-json\/wp\/v2\/product_tag?post=33612"}],"curies":[{"name":"wp","href":"https:\/\/api.w.org\/{rel}","templated":true}]}}