{"id":33611,"date":"2025-04-02T13:05:45","date_gmt":"2025-04-02T13:05:45","guid":{"rendered":"https:\/\/purama.lt\/produktas\/kernelmed-laser-80-plauku-atauginimo-sistema\/"},"modified":"2025-06-04T10:22:14","modified_gmt":"2025-06-04T10:22:14","slug":"kernel-kn8000c-juuste-taastamise-susteem","status":"publish","type":"product","link":"https:\/\/purama.lt\/ee\/produktas\/kernel-kn8000c-plauku-atauginimo-sistema\/","title":{"rendered":"Kernel KN8000C STANDARD juuste kasvatamise s\u00fcsteem"},"content":{"rendered":"<div class=\"wp-block-group is-vertical is-layout-flex wp-container-core-group-is-layout-fe9cc265 wp-block-group-is-layout-flex\">\n<p><strong>Kuidas kasutada parimate tulemuste saavutamiseks<\/strong>?<\/p>\n\n\n\n<ul class=\"wp-block-list\">\n<li><strong>Ettevalmistused kasutamiseks<\/strong> Veenduge, et teie juuksed on puhtad ja kuivad. Soovitatav on kasutada seadet puhtal peanahal, et laserkiir j\u00f5uaks takistusteta folliikulitesse.<\/li>\n\n\n\n<li><strong>Kandke kiivrit<\/strong> Asetage seade p\u00e4he nii, et see sobiks mugavalt ja oleks stabiilne. Reguleerige sisemine peapael vastavalt oma pea suurusele.<\/li>\n\n\n\n<li><strong>Seadme sissel\u00fclitamine<\/strong> L\u00fclitage seade sisse korpusel oleva nupu abil v\u00f5i kontrollige seda AGE-R rakenduse kaudu, kui seade on Bluetooth-\u00fchendusega.<\/li>\n\n\n\n<li><strong>Valige re\u017eiim<\/strong> Valige rakenduses v\u00f5i seadme juhtpaneelil soovitud re\u017eiim vastavalt soovitud teraapia eesm\u00e4rgile (nt \u00fcldise tugevdamise, fokaalse v\u00f5i tsoonilise kerimise teraapia jaoks).<\/li>\n\n\n\n<li><strong>Ravi kestus<\/strong> \u00dche ravikuuri kestus on umbes 20 minutit, seda ei ole vaja \u00fcletada. Seade l\u00fclitub automaatselt v\u00e4lja seadistatud aja l\u00f5ppedes.<\/li>\n\n\n\n<li><strong>Kasutamise sagedus<\/strong> Soovitatav kasutamine <strong>3-4 korda n\u00e4dalas<\/strong>, regulaarselt 3 kuu jooksul. Tulemused on n\u00e4ha 8-12 n\u00e4dala p\u00e4rast.<\/li>\n\n\n\n<li><strong>P\u00e4rast kasutamist<\/strong> Eemaldage seade ja p\u00fchkige vajadusel pehme lapiga. S\u00e4ilitage seda kuivas kohas otsese p\u00e4ikesevalguse eest kaitstult.<br><br><strong>Kernel KN8000C STANDARD<\/strong> - on t\u00e4iustatud laserravi s\u00fcsteem, mis on m\u00f5eldud juuste kasvu stimuleerimiseks ja juuste v\u00e4ljalangemise ennetamiseks kodus. Kerge, stiilne kiiver kasutab <strong>LLLT valguse tehnoloogia<\/strong>, mis aktiveerib karvan\u00e4\u00e4psud ja tagab \u00fchtlase valgustuse ka suurtel pindadel. Reguleeritav suurus, tsooniline ravi ja mugav kandmine - k\u00f5ik, mida vajate vaevata professionaalseks juuksehoolduseks.<\/li>\n<\/ul>\n<\/div>","protected":false},"excerpt":{"rendered":"<p class=\"\" data-start=\"88\" data-end=\"398\"><strong>Kernel KN8000C STANDARD<\/strong> - on t\u00e4iustatud juuste taastamise s\u00fcsteem, mis on loodud v\u00f5itlema<strong> seborrhoiline ja alopeetsia areata alopeetsia<\/strong>. See k\u00f5rgtehnoloogiline kiiver kasutab madala intensiivsusega laserravi (LLLT), et ohutult ja t\u00f5husalt stimuleerida juuksefolliikuleid ja edendada loomulikku juuste kasvu.<\/p>\n<p class=\"\" data-start=\"400\" data-end=\"424\"><strong>Peamised eelised:<\/strong><\/p>\n<p class=\"\" data-start=\"511\" data-end=\"1167\">\u2714\ufe0f <strong data-start=\"514\" data-end=\"535\">Kahepoolne tegevus<\/strong>80 laserit (650 nm) + 30 LED (655 nm) - ohutu ja t\u00f5hus stimulatsioon.<br data-start=\"622\" data-end=\"625\" \/>\u2714\ufe0f <strong data-start=\"628\" data-end=\"651\">Tsooniline valgustus<\/strong>: sihip\u00e4rane ravi vastavalt juuste v\u00e4ljalangemise iseloomule ja intensiivsusele.<br data-start=\"708\" data-end=\"711\" \/>\u2714\ufe0f <strong data-start=\"714\" data-end=\"741\">Mugav koduseks kasutamiseks<\/strong>: ergonoomiline, kerge, mitteliikuv kiiver.<br data-start=\"793\" data-end=\"796\" \/>\u2714\ufe0f <strong data-start=\"799\" data-end=\"845\">Pehme silikoonist kauguse reguleerija<\/strong>: tagab piisava vahemaa ja mugavuse.<br data-start=\"885\" data-end=\"888\" \/>\u2714\ufe0f <strong data-start=\"891\" data-end=\"922\">Nutikad ohutusandurid<\/strong>: automaatne seiskumine, kui kiiver eemaldatakse.<br data-start=\"969\" data-end=\"972\" \/>\u2714\ufe0f <strong data-start=\"975\" data-end=\"998\">Pidev j\u00e4relevalve<\/strong>: temperatuuri ja niiskuse j\u00e4lgimine reaalajas.<br data-start=\"1049\" data-end=\"1052\" \/>\u2714\ufe0f <strong data-start=\"1055\" data-end=\"1079\">Mobiilirakendus<\/strong>: Bluetooth-\u00fchenduvus v\u00f5imaldab teil hallata seansse, j\u00e4lgida edusamme ja kohandada ravi isikup\u00e4rastamist.<\/p>\n<p class=\"\" data-start=\"1169\" data-end=\"1427\">Lisaks juuste v\u00e4ljalangemise v\u00e4hendamisele aitab see seade stimuleerida uute juuste kasvu, parandab peanaha seisundit ja annab pikaajalisi tulemusi ilma invasiivsete protseduurideta. See on ohutu, nutikas ja teaduslikult p\u00f5hjendatud valik teie juuste tervise jaoks.<\/p>\n<p><strong>Tarneaeg v\u00f5ib varieeruda 14-30 t\u00f6\u00f6p\u00e4eva.<\/strong><\/p>","protected":false},"featured_media":33677,"comment_status":"open","ping_status":"closed","template":"","meta":{"_acf_changed":false},"product_brand":[],"product_cat":[282,288,283],"product_tag":[],"class_list":{"0":"post-33611","1":"product","2":"type-product","3":"status-publish","4":"has-post-thumbnail","6":"product_cat-longevity-prietaisai","7":"product_cat-grozio-ir-odos-prieziura","8":"product_cat-sveikatingumo-prietaisai","10":"first","11":"instock","12":"shipping-taxable","13":"purchasable","14":"product-type-simple"},"acf":[],"tiered_pricing_type":"fixed","tiered_pricing_fixed_rules":[],"tiered_pricing_product_settings":{"layout":"default","base_unit_name":{"singular":null,"plural":null},"default_variation":null},"tiered_pricing_minimum_quantity":null,"tiered_pricing_roles_data":[],"tiered_pricing_percentage_rules":[],"_links":{"self":[{"href":"https:\/\/purama.lt\/ee\/wp-json\/wp\/v2\/product\/33611","targetHints":{"allow":["GET"]}}],"collection":[{"href":"https:\/\/purama.lt\/ee\/wp-json\/wp\/v2\/product"}],"about":[{"href":"https:\/\/purama.lt\/ee\/wp-json\/wp\/v2\/types\/product"}],"replies":[{"embeddable":true,"href":"https:\/\/purama.lt\/ee\/wp-json\/wp\/v2\/comments?post=33611"}],"wp:featuredmedia":[{"embeddable":true,"href":"https:\/\/purama.lt\/ee\/wp-json\/wp\/v2\/media\/33677"}],"wp:attachment":[{"href":"https:\/\/purama.lt\/ee\/wp-json\/wp\/v2\/media?parent=33611"}],"wp:term":[{"taxonomy":"product_brand","embeddable":true,"href":"https:\/\/purama.lt\/ee\/wp-json\/wp\/v2\/product_brand?post=33611"},{"taxonomy":"product_cat","embeddable":true,"href":"https:\/\/purama.lt\/ee\/wp-json\/wp\/v2\/product_cat?post=33611"},{"taxonomy":"product_tag","embeddable":true,"href":"https:\/\/purama.lt\/ee\/wp-json\/wp\/v2\/product_tag?post=33611"}],"curies":[{"name":"wp","href":"https:\/\/api.w.org\/{rel}","templated":true}]}}