{"id":33609,"date":"2025-04-02T13:05:44","date_gmt":"2025-04-02T13:05:44","guid":{"rendered":"https:\/\/purama.lt\/produktas\/kojines-tokyo-pink-sporcks\/"},"modified":"2026-04-03T10:26:47","modified_gmt":"2026-04-03T08:26:47","slug":"sokid-tokyo-roosa-sporcks","status":"publish","type":"product","link":"https:\/\/purama.lt\/ee\/produktas\/kojines-tokyo-pink-sporcks\/","title":{"rendered":"SPORCKS Tokyo Roosa spordisokk"},"content":{"rendered":"<p>Kas otsite rohkem? Vaadake t\u00e4ielikku <a href=\"\/ee\/tootesildid\/sporcks\/\">Sporcki sortiment<\/a>.<\/p>","protected":false},"excerpt":{"rendered":"<p class=\"\" data-start=\"86\" data-end=\"433\"><strong data-start=\"86\" data-end=\"238\">SPORCKS Tokyo Pink on kvaliteetsed jooksusokid, mis on loodud maksimaalse mugavuse, t\u00f5hususe ja silmapaistva stiili tagamiseks.<\/strong> Ergonoomiline disain ja tugevdatud tugi h\u00fcppeliigese ja rihma juures aitavad stabiliseerida jalga, v\u00e4hendada lihasv\u00e4simust ja s\u00e4ilitada loomulikku asendit ka k\u00f5ige intensiivsema jooksu ajal. Keskmine kompressioon soodustab vereringet, ennetab p\u00f5letikku ja aitab kaasa kiiremale taastumisele. K\u00f5rgtehnoloogilisest materjalist valmistatud kanna ja varvaste piirkonnad <strong>COOLMAX\u00ae<\/strong> kangas, mis pakub l\u00f6\u00f6gisummutust, t\u00f5husat temperatuuri reguleerimist ja takistab villimist. Hingav v\u00f5rk v\u00f5imaldab jalal p\u00fcsida kuivana ka k\u00f5rgeima intensiivsuse juures.<\/p>\n<p data-start=\"86\" data-end=\"433\"><strong data-start=\"829\" data-end=\"853\">Peamised omadused:<\/strong><\/p>\n<p data-start=\"86\" data-end=\"433\">\u2714\ufe0f <strong>T\u00e4iustatud toetus:<\/strong> lisastabiilsus pahkluu ja jalalaba juures<br data-start=\"937\" data-end=\"940\" \/>\u2714\ufe0f<strong> Keskmine kokkusurumine:<\/strong> parandab vereringet, v\u00e4hendab lihaspinget<br data-start=\"1014\" data-end=\"1017\" \/>\u2714\ufe0f<strong> COOLMAX\u00ae kangas:<\/strong> T\u00f5hus niiskuse eemaldamine, kaitse villide eest<br data-start=\"1085\" data-end=\"1088\" \/>\u2714\ufe0f<strong> Hingav struktuur:<\/strong> optimaalne nahatemperatuur aktiivse liikumise ajal<br data-start=\"1162\" data-end=\"1165\" \/>\u2714\ufe0f <strong>Kerge, kuid vastupidav kangas:<\/strong> vastupidavus ja mugavus igal sammul<br data-start=\"1248\" data-end=\"1251\" data-is-only-node=\"\" \/>\u2714\ufe0f <strong>Valmistatud Hispaanias:<\/strong> k\u00f5rgeimad kvaliteedistandardid, mis p\u00f5hinevad professionaalsel kogemusel<\/p>","protected":false},"featured_media":33627,"comment_status":"open","ping_status":"closed","template":"","meta":{"_acf_changed":false},"product_brand":[246],"product_cat":[98,57,102],"product_tag":[],"class_list":{"0":"post-33609","1":"product","2":"type-product","3":"status-publish","4":"has-post-thumbnail","6":"product_brand-sporcks","7":"product_cat-sportui","8":"product_cat-akcijos","9":"product_cat-kojines","11":"first","12":"instock","13":"sale","14":"shipping-taxable","15":"purchasable","16":"product-type-variable"},"acf":[],"tiered_pricing_type":"fixed","tiered_pricing_fixed_rules":[],"tiered_pricing_product_settings":{"layout":"default","base_unit_name":{"singular":null,"plural":null},"default_variation":null},"tiered_pricing_minimum_quantity":null,"tiered_pricing_roles_data":[],"tiered_pricing_percentage_rules":[],"_links":{"self":[{"href":"https:\/\/purama.lt\/ee\/wp-json\/wp\/v2\/product\/33609","targetHints":{"allow":["GET"]}}],"collection":[{"href":"https:\/\/purama.lt\/ee\/wp-json\/wp\/v2\/product"}],"about":[{"href":"https:\/\/purama.lt\/ee\/wp-json\/wp\/v2\/types\/product"}],"replies":[{"embeddable":true,"href":"https:\/\/purama.lt\/ee\/wp-json\/wp\/v2\/comments?post=33609"}],"wp:featuredmedia":[{"embeddable":true,"href":"https:\/\/purama.lt\/ee\/wp-json\/wp\/v2\/media\/33627"}],"wp:attachment":[{"href":"https:\/\/purama.lt\/ee\/wp-json\/wp\/v2\/media?parent=33609"}],"wp:term":[{"taxonomy":"product_brand","embeddable":true,"href":"https:\/\/purama.lt\/ee\/wp-json\/wp\/v2\/product_brand?post=33609"},{"taxonomy":"product_cat","embeddable":true,"href":"https:\/\/purama.lt\/ee\/wp-json\/wp\/v2\/product_cat?post=33609"},{"taxonomy":"product_tag","embeddable":true,"href":"https:\/\/purama.lt\/ee\/wp-json\/wp\/v2\/product_tag?post=33609"}],"curies":[{"name":"wp","href":"https:\/\/api.w.org\/{rel}","templated":true}]}}