{"id":33608,"date":"2025-04-02T13:05:44","date_gmt":"2025-04-02T13:05:44","guid":{"rendered":"https:\/\/purama.lt\/produktas\/kojines-tokyo-green-sporcks\/"},"modified":"2026-04-21T12:18:43","modified_gmt":"2026-04-21T10:18:43","slug":"kojines-tokyo-rohelised-spordid","status":"publish","type":"product","link":"https:\/\/purama.lt\/ee\/produktas\/kojines-tokyo-green-sporcks\/","title":{"rendered":"SPORCKS Tokyo Rohelised spordisokid"},"content":{"rendered":"<p>Kas otsite rohkem? Vaadake t\u00e4ielikku <a href=\"\/ee\/tootesildid\/sporcks\/\">Sporcki sortiment<\/a>.<\/p>","protected":false},"excerpt":{"rendered":"<p class=\"\" data-start=\"203\" data-end=\"479\"><strong>SPORCKS Tokyo Green<\/strong> - on kombinatsioon silmapaistvast disainist ja t\u00e4iustatud tehnoloogiast, mis on loodud maksimaalse mugavuse ja funktsionaalsuse tagamiseks igal sammul. Need jooksusokid on m\u00f5eldud aktiivseks eluviisiks - alates l\u00fchikestest treeningutest kuni pikamaav\u00f5istlusteni.<\/p>\n<p class=\"\" data-start=\"481\" data-end=\"764\">Anatoomiliselt kohandatud disain koos lisatoega pahkluu ja jalalaba juures tagab stabiilsuse, hoiab \u00e4ra v\u00e4simuse ja aitab s\u00e4ilitada jala \u00f5iget asendit. M\u00f5\u00f5dukas kompressioon soodustab vereringet, v\u00e4hendab lihasv\u00e4simust ja aitab v\u00e4ltida mikrotraumasid.<\/p>\n<p class=\"\" data-start=\"766\" data-end=\"1062\"><strong>COOLMAX\u00ae<\/strong> Kangas kanna ja varvaste piirkonnas neelab t\u00f5husalt l\u00f6\u00f6ki, v\u00f5imaldab nahal hingata ja v\u00e4hendab villide tekkimise ohtu. Kerge, kiiresti kuivav kangas tagab kuiva tunde ka k\u00f5ige intensiivsemate treeningute ajal, samas kui hingav v\u00f5rkkihi aitab s\u00e4ilitada optimaalset jalatemperatuuri.<\/p>\n<p class=\"\" data-start=\"1064\" data-end=\"1088\"><strong data-start=\"1064\" data-end=\"1088\">Peamised omadused:<\/strong><\/p>\n<ul>\n<li data-start=\"1091\" data-end=\"1157\"><strong>Anatoomiline tugi:<\/strong> Stabiilsus pahkluu ja talla juures.<\/li>\n<li data-start=\"1160\" data-end=\"1230\"><strong>M\u00f5\u00f5dukas kokkusurumine:<\/strong> Parandab vereringet ja v\u00e4hendab v\u00e4simust.<\/li>\n<li data-start=\"1233\" data-end=\"1295\"><strong>COOLMAX\u00ae tehnoloogia:<\/strong> Hingav kangas ja l\u00f6\u00f6gikaitse.<\/li>\n<li data-start=\"1298\" data-end=\"1367\"><strong>Niiskuse kiire aurustumine:<\/strong> Kuivad ja v\u00e4rsked jalad kogu treeningu v\u00e4ltel.<\/li>\n<li data-start=\"1370\" data-end=\"1436\"><strong>Valmistatud Hispaanias:<\/strong> K\u00f5rge kvaliteet, inspireeritud professionaalsetest sportlastest.<\/li>\n<li data-start=\"1439\" data-end=\"1533\"><strong>Ainulaadne disain:<\/strong> V\u00e4rviline, eriline stiil, mis sobib nii sportimiseks kui ka igap\u00e4evaseks kandmiseks.<\/li>\n<\/ul>","protected":false},"featured_media":33625,"comment_status":"open","ping_status":"closed","template":"","meta":{"_acf_changed":false},"product_brand":[246],"product_cat":[98,57,102],"product_tag":[],"class_list":{"0":"post-33608","1":"product","2":"type-product","3":"status-publish","4":"has-post-thumbnail","6":"product_brand-sporcks","7":"product_cat-sportui","8":"product_cat-akcijos","9":"product_cat-kojines","11":"first","12":"instock","13":"sale","14":"shipping-taxable","15":"purchasable","16":"product-type-variable"},"acf":[],"tiered_pricing_type":"fixed","tiered_pricing_fixed_rules":[],"tiered_pricing_product_settings":{"layout":"default","base_unit_name":{"singular":null,"plural":null},"default_variation":null},"tiered_pricing_minimum_quantity":null,"tiered_pricing_roles_data":[],"tiered_pricing_percentage_rules":[],"_links":{"self":[{"href":"https:\/\/purama.lt\/ee\/wp-json\/wp\/v2\/product\/33608","targetHints":{"allow":["GET"]}}],"collection":[{"href":"https:\/\/purama.lt\/ee\/wp-json\/wp\/v2\/product"}],"about":[{"href":"https:\/\/purama.lt\/ee\/wp-json\/wp\/v2\/types\/product"}],"replies":[{"embeddable":true,"href":"https:\/\/purama.lt\/ee\/wp-json\/wp\/v2\/comments?post=33608"}],"wp:featuredmedia":[{"embeddable":true,"href":"https:\/\/purama.lt\/ee\/wp-json\/wp\/v2\/media\/33625"}],"wp:attachment":[{"href":"https:\/\/purama.lt\/ee\/wp-json\/wp\/v2\/media?parent=33608"}],"wp:term":[{"taxonomy":"product_brand","embeddable":true,"href":"https:\/\/purama.lt\/ee\/wp-json\/wp\/v2\/product_brand?post=33608"},{"taxonomy":"product_cat","embeddable":true,"href":"https:\/\/purama.lt\/ee\/wp-json\/wp\/v2\/product_cat?post=33608"},{"taxonomy":"product_tag","embeddable":true,"href":"https:\/\/purama.lt\/ee\/wp-json\/wp\/v2\/product_tag?post=33608"}],"curies":[{"name":"wp","href":"https:\/\/api.w.org\/{rel}","templated":true}]}}