{"id":33607,"date":"2025-04-02T13:05:44","date_gmt":"2025-04-02T13:05:44","guid":{"rendered":"https:\/\/purama.lt\/produktas\/kojines-tokyo-white-sporcks\/"},"modified":"2026-04-21T12:19:26","modified_gmt":"2026-04-21T10:19:26","slug":"tokyo-valged-spordid","status":"publish","type":"product","link":"https:\/\/purama.lt\/ee\/produktas\/kojines-tokyo-white-sporcks\/","title":{"rendered":"SPORCKS Tokyo White spordisokid"},"content":{"rendered":"<p>Kas otsite rohkem? Vaadake t\u00e4ielikku <a href=\"\/ee\/tootesildid\/sporcks\/\">Sporcki sortiment<\/a>.<\/p>","protected":false},"excerpt":{"rendered":"<p class=\"\" data-start=\"0\" data-end=\"268\"><strong data-start=\"0\" data-end=\"113\">SPORCKS Tokyo White \u2013 modernus dizainas, maksimalus komfortas ir auk\u0161\u010diausio lygio na\u0161umas viename.<\/strong> Need intensiivseks jooksmiseks ja aktiivseks eluviisiks loodud tehnilised sokid tagavad stabiilsuse, hingavuse ja t\u00e4iusliku sobivuse jala kujuga.<\/p>\n<p class=\"\" data-start=\"270\" data-end=\"571\">Ergonoomiliselt vormitud konstruktsioon koos t\u00e4iendava tugevdusega pahkluu ja talla piirkonnas v\u00e4hendab v\u00e4simust, s\u00e4ilitab loomuliku asendi ja kaitseb \u00fclekoormuse eest ka k\u00f5ige pikematel distantsidel. Sisseehitatud keskmise taseme kompressioon parandab vereringet, aitab kiirendada taastumist ja v\u00e4hendab p\u00f5letikuriski.<\/p>\n<p class=\"\" data-start=\"573\" data-end=\"926\">T\u00e4iustatud kand ja varvaste piirkond on valmistatud t\u00e4iustatud <strong data-start=\"628\" data-end=\"648\">COOLMAX\u00ae kangas<\/strong>mis neelab l\u00f6\u00f6ki, v\u00f5imaldab nahal hingata ja kaitseb villide eest. Kiirelt kuivav materjal hoiab sind kuivana ja mugavalt ka k\u00f5ige kuumematel p\u00e4evadel v\u00f5i intensiivse treeningu ajal. Tokyo White'i minimalistlik disain peegeldab puhast, esteetilist ja sportlikku meeleolu.<\/p>\n<p class=\"\" data-start=\"928\" data-end=\"956\"><strong data-start=\"928\" data-end=\"956\">Peamised eelised:<\/strong><\/p>\n<ul>\n<li data-start=\"959\" data-end=\"1054\"><strong data-start=\"959\" data-end=\"987\">Sihtotstarbeline tugevdamine:<\/strong> Toetage seal, kus seda k\u00f5ige rohkem vaja on - pahkluu ja s\u00e4\u00e4reosa.<\/li>\n<li data-start=\"1057\" data-end=\"1121\"><strong data-start=\"1057\" data-end=\"1081\">Kompressioonifunktsioon:<\/strong> Parem vereringe, v\u00e4hem v\u00e4simust.<\/li>\n<li data-start=\"1124\" data-end=\"1188\"><strong data-start=\"1124\" data-end=\"1150\">COOLMAX\u00ae tehnoloogia:<\/strong> L\u00f6\u00f6gikaitse, hingavus, kuivus.<\/li>\n<li data-start=\"1191\" data-end=\"1256\"><strong data-start=\"1191\" data-end=\"1217\">V\u00f5rgu ventilatsioon:<\/strong> Optimaalne temperatuur kogu spordi ajal.<\/li>\n<li data-start=\"1259\" data-end=\"1331\"><strong data-start=\"1259\" data-end=\"1292\">Usaldusv\u00e4\u00e4rne kvaliteet Hispaaniast:<\/strong> Kinnitatud professionaalsete sportlaste poolt.<\/li>\n<\/ul>","protected":false},"featured_media":33628,"comment_status":"open","ping_status":"closed","template":"","meta":{"_acf_changed":false},"product_brand":[246],"product_cat":[98,57,102],"product_tag":[],"class_list":{"0":"post-33607","1":"product","2":"type-product","3":"status-publish","4":"has-post-thumbnail","6":"product_brand-sporcks","7":"product_cat-sportui","8":"product_cat-akcijos","9":"product_cat-kojines","11":"first","12":"instock","13":"sale","14":"shipping-taxable","15":"purchasable","16":"product-type-variable"},"acf":[],"tiered_pricing_type":"fixed","tiered_pricing_fixed_rules":[],"tiered_pricing_product_settings":{"layout":"default","base_unit_name":{"singular":null,"plural":null},"default_variation":null},"tiered_pricing_minimum_quantity":null,"tiered_pricing_roles_data":[],"tiered_pricing_percentage_rules":[],"_links":{"self":[{"href":"https:\/\/purama.lt\/ee\/wp-json\/wp\/v2\/product\/33607","targetHints":{"allow":["GET"]}}],"collection":[{"href":"https:\/\/purama.lt\/ee\/wp-json\/wp\/v2\/product"}],"about":[{"href":"https:\/\/purama.lt\/ee\/wp-json\/wp\/v2\/types\/product"}],"replies":[{"embeddable":true,"href":"https:\/\/purama.lt\/ee\/wp-json\/wp\/v2\/comments?post=33607"}],"wp:featuredmedia":[{"embeddable":true,"href":"https:\/\/purama.lt\/ee\/wp-json\/wp\/v2\/media\/33628"}],"wp:attachment":[{"href":"https:\/\/purama.lt\/ee\/wp-json\/wp\/v2\/media?parent=33607"}],"wp:term":[{"taxonomy":"product_brand","embeddable":true,"href":"https:\/\/purama.lt\/ee\/wp-json\/wp\/v2\/product_brand?post=33607"},{"taxonomy":"product_cat","embeddable":true,"href":"https:\/\/purama.lt\/ee\/wp-json\/wp\/v2\/product_cat?post=33607"},{"taxonomy":"product_tag","embeddable":true,"href":"https:\/\/purama.lt\/ee\/wp-json\/wp\/v2\/product_tag?post=33607"}],"curies":[{"name":"wp","href":"https:\/\/api.w.org\/{rel}","templated":true}]}}