{"id":33601,"date":"2025-04-02T13:05:42","date_gmt":"2025-04-02T13:05:42","guid":{"rendered":"https:\/\/purama.lt\/produktas\/medica-group-stiprios-erekcijos-kapsules\/"},"modified":"2026-04-29T21:05:10","modified_gmt":"2026-04-29T19:05:10","slug":"medica-grupi-tugevad-erektsioonikapslid","status":"publish","type":"product","link":"https:\/\/purama.lt\/ee\/produktas\/medica-group-stiprios-erekcijos-kapsules\/","title":{"rendered":"MEDICA GROUP BigErection Stiprios Erekcijos Kapsul\u0117s"},"content":{"rendered":"<p><strong>Tarbimine:<\/strong><br>V\u00f5tke \u00fcks kapsel kaks korda p\u00e4evas koos veega. \u00c4rge \u00fcletage soovitatud p\u00e4evast kogust. Maksimaalse toime saavutamiseks on soovitatav kombineerida BigErection geeliga.<\/p>\n\n\n\n<p><strong>Pakend:<\/strong> 60 kapslit - mugav kasutada iga p\u00e4ev pikaajaliste ja stabiilsete tulemuste saavutamiseks.<\/p>\n\n\n\n<p>Avastage suurem enesekindlus, kontroll ja nauding - ilma kompromissideta.<\/p>\n\n\n\n<p><strong>Arvustused<\/strong>:<\/p>\n\n\n\n<p>Kasutajauuringu tulemused p\u00e4rast 4-n\u00e4dalast regulaarset kasutamist:<\/p>\n\n\n\n<p>\u2714\ufe0f 90 % mehed teatasid erektsiooni olulisest paranemisest.<br>\u2714\ufe0f 88 % suurendas libiido ja rahulolu seksuaaleluga.<br>\u2714\ufe0f 85 % teatas energia ja seksuaalse vastupidavuse suurenemisest.<\/p>\n\n\n\n<p>Tugevus, mida iga mees v\u00e4\u00e4rib - loomulikult, ohutult ja t\u00f5husalt.<\/p>\n\n\n\n<p><strong>Koostisained:<\/strong> L-arginiin, \u017eelatiin, Ameerika \u017een\u0161enni ekstrakt, Maca juurte ekstrakt, Sarsaparilla juurte ekstrakt, Tribulus Terrestris seemnete ekstrakt, Black Sativa seemnete ekstrakt, t\u00e4iteaine: mikrokristalliline tselluloos.<\/p>","protected":false},"excerpt":{"rendered":"<p class=\"\" data-start=\"0\" data-end=\"394\"><strong>MEDICA-GROUP BigErection Stiprios Erekcijos Kapsul\u0117s<\/strong> - on kvaliteetne toidulisand meestele, <strong>M\u00f5eldud seksuaalse vastupidavuse parandamiseks, erektsiooni tugevdamiseks ja enesekindluse taastamiseks<\/strong>. Erakordselt t\u00f5hus koostis, mis on loodud taimeekstraktidest ja aminohapetest, aitab loomulikult aktiveerida vereringet, s\u00e4ilitada hormonaalset tasakaalu ja tugevdada organismi vastupanu stressile ja v\u00e4simusele. T\u00e4nu suurele toimeainete kontsentratsioonile (20:1) on kapslid kiiresti ja pikaajaliselt toimivad. See on usaldusv\u00e4\u00e4rne valik meestele, kes soovivad tugevamaid tundeid ja suuremat rahuldust intiimsuse ajal. Regulaarne kasutamine v\u00f5imaldab m\u00e4rgata esimesi tulemusi juba m\u00f5ne p\u00e4eva p\u00e4rast.<\/p>\n<p class=\"\" data-start=\"680\" data-end=\"718\"><strong data-start=\"680\" data-end=\"718\">Miks valida need kapslid?<\/strong><\/p>\n<p class=\"\" data-start=\"720\" data-end=\"1038\">\u2714\ufe0f Aitab saavutada tugevamat ja kauem kestvat erektsiooni.<br data-start=\"778\" data-end=\"781\" \/>\u2714\ufe0f T\u00f5stab libiido ja seksuaalset soovi<br data-start=\"822\" data-end=\"825\" \/>\u2714\ufe0f Stimuleerib testosterooni tootmist loomulikult<br data-start=\"870\" data-end=\"873\" \/>\u2714\ufe0f Parandab vereringet ja reproduktiivorganite hapnikuga varustamist.<br data-start=\"932\" data-end=\"935\" \/>\u2714\ufe0f Suurendab vastupidavust, energiat ja stressitaluvust.<br data-start=\"984\" data-end=\"987\" \/>\u2714\ufe0f Looduslik ja ohutu koostis ilma hormonaalsete lisanditeta.<\/p>\n<p data-start=\"720\" data-end=\"1038\">MAKSIMAALSE EFEKTI SAAVUTAMISEKS VALIGE T\u00c4IELIK 3-KUULINE KUUR JA S\u00c4\u00c4STKE VEELGI ROHKEM. 3 PAKENDIT = 3-KUULINE KUUR, ROHKEM PAKENDEID \u2013 MADALAM HIND TOOTE\u00dcHIKU KOHTA.<\/p>","protected":false},"featured_media":33617,"comment_status":"open","ping_status":"closed","template":"","meta":{"_acf_changed":false},"product_brand":[406],"product_cat":[276,57,277],"product_tag":[],"class_list":{"0":"post-33601","1":"product","2":"type-product","3":"status-publish","4":"has-post-thumbnail","6":"product_brand-medica-group","7":"product_cat-seksualinei-sveikatai","8":"product_cat-akcijos","9":"product_cat-vyrams","11":"first","12":"instock","13":"sale","14":"shipping-taxable","15":"purchasable","16":"product-type-simple"},"acf":[],"tiered_pricing_type":"fixed","tiered_pricing_fixed_rules":{"3":15.59,"5":14.39},"tiered_pricing_product_settings":{"layout":"default","base_unit_name":{"singular":null,"plural":null},"default_variation":null},"tiered_pricing_minimum_quantity":null,"tiered_pricing_roles_data":[],"tiered_pricing_percentage_rules":[],"_links":{"self":[{"href":"https:\/\/purama.lt\/ee\/wp-json\/wp\/v2\/product\/33601","targetHints":{"allow":["GET"]}}],"collection":[{"href":"https:\/\/purama.lt\/ee\/wp-json\/wp\/v2\/product"}],"about":[{"href":"https:\/\/purama.lt\/ee\/wp-json\/wp\/v2\/types\/product"}],"replies":[{"embeddable":true,"href":"https:\/\/purama.lt\/ee\/wp-json\/wp\/v2\/comments?post=33601"}],"wp:featuredmedia":[{"embeddable":true,"href":"https:\/\/purama.lt\/ee\/wp-json\/wp\/v2\/media\/33617"}],"wp:attachment":[{"href":"https:\/\/purama.lt\/ee\/wp-json\/wp\/v2\/media?parent=33601"}],"wp:term":[{"taxonomy":"product_brand","embeddable":true,"href":"https:\/\/purama.lt\/ee\/wp-json\/wp\/v2\/product_brand?post=33601"},{"taxonomy":"product_cat","embeddable":true,"href":"https:\/\/purama.lt\/ee\/wp-json\/wp\/v2\/product_cat?post=33601"},{"taxonomy":"product_tag","embeddable":true,"href":"https:\/\/purama.lt\/ee\/wp-json\/wp\/v2\/product_tag?post=33601"}],"curies":[{"name":"wp","href":"https:\/\/api.w.org\/{rel}","templated":true}]}}