{"id":33600,"date":"2025-04-02T13:05:41","date_gmt":"2025-04-02T13:05:41","guid":{"rendered":"https:\/\/purama.lt\/produktas\/medica-group-kapsules-varpos-didinimui\/"},"modified":"2026-04-14T16:07:57","modified_gmt":"2026-04-14T14:07:57","slug":"medica-grupi-kapslid-peenise-suurendamiseks","status":"publish","type":"product","link":"https:\/\/purama.lt\/ee\/produktas\/medica-group-kapsules-varpos-didinimui\/","title":{"rendered":"MEDICA GROUP BiggerSize kapslid peenise suurendamiseks"},"content":{"rendered":"<p><strong>Kasutamine:<\/strong><br>V\u00f5tke 1 kapsel 2 korda p\u00e4evas koos v\u00e4ikese koguse veega. \u00c4rge \u00fcletage soovitatud p\u00e4evast annust.<\/p>\n\n\n\n<p><strong>Tagasiside:<\/strong><br>Medica-Groupi 2019. aasta tarbijauuringu p\u00f5hjal:<br>\u2714\ufe0f 70 % mehed soovitaksid seda toidulisandit ka teistele.<br>\u2714\ufe0f Enamik kasutajaid on m\u00e4rganud m\u00e4rgatavat paksenemist ja pikenemist.<br>\u2714\ufe0f t\u00e4heldatud paranenud seksuaalne rahulolu ja enesekindlus<br><br><strong>Koostisained:<\/strong> L-arginiin, \u017eelatiin, Ameerika \u017een\u0161enni ekstrakt (4:1), Maca juurte ekstrakt (4:1), Sarsaparilla juurte ekstrakt (4:1), Tribulus Terrestris seemnete ekstrakt (20:1), musta kaera ekstrakt (10:1), t\u00e4iteaine: mikrokristalliline tselluloos.<\/p>","protected":false},"excerpt":{"rendered":"<p class=\"\" data-start=\"68\" data-end=\"158\"><strong data-start=\"68\" data-end=\"158\">MEDICA-GROUP BiggerSize kapslid peenise suurendamiseks - <\/strong>rohkem enesekindlust ja intensiivsemaid tundeid. Otsid loomulikku viisi oma seksuaalelu ja enesekindluse parandamiseks? MEDICA-GROUP peenise suurendamise kapslid on t\u00e4iustatud toidulisand meestele, <strong>p\u00f5hineb taimeekstraktide ja aminohapete suurel kontsentratsioonil (kuni 20:1). See ainulaadne valem toetab paremat vereringet, tugevdab erektsiooni ja v\u00f5ib aidata kaasa peenise mahu suurenemisele.\u00a0<\/strong>Kapslite toimeained - L-arginiin, Maca-juur, Tribulus Terrestris ja Ameerika \u017een\u0161enni ekstraktid - toimivad s\u00fcnergiliselt, et stimuleerida keha loomulikke protsesse ja parandada teie intiimelu. See on lahendus meestele, kes tahavad rohkem - energiat, j\u00f5udu, tundlikkust ja enesekindlust.<\/p>\n<p class=\"\" data-start=\"846\" data-end=\"1268\"><strong data-start=\"846\" data-end=\"884\">Miks valida need kapslid?<\/strong><br data-start=\"884\" data-end=\"887\" \/>\u2714\ufe0f Stimuleerib vereringet intiimpiirkondades - tugevam ja pikem erektsioon<br data-start=\"958\" data-end=\"961\" \/>\u2714\ufe0f Loomulikult toetab testosterooni tootmist<br data-start=\"1002\" data-end=\"1005\" \/>\u2714\ufe0f V\u00f5ib aidata kaasa peenise mahu ja pikkuse suurenemisele.<br data-start=\"1063\" data-end=\"1066\" \/>\u2714\ufe0f Suurendab tundmusi ja intiimset rahulolu<br data-start=\"1112\" data-end=\"1115\" \/>\u2714\ufe0f Suurendab energiat, vastupidavust ja libiidot.<br data-start=\"1153\" data-end=\"1156\" \/>\u2714\ufe0f Sisaldab ainult taimset p\u00e4ritolu ekstrakte ja L-arginiini.<br data-start=\"1216\" data-end=\"1219\" \/>\u2714\ufe0f V\u00e4ga k\u00f5rge kontsentratsiooniga ekstraktid (kuni 20:1).<\/p>\n<p data-start=\"846\" data-end=\"1268\">MAKSIMAALSE EFEKTI SAAVUTAMISEKS VALIGE T\u00c4IELIK 3-KUULINE KUUR JA S\u00c4\u00c4STKE VEELGI ROHKEM. 3 PAKENDIT = 3-KUULINE KUUR, ROHKEM PAKENDEID \u2013 MADALAM HIND TOOTE\u00dcHIKU KOHTA.<\/p>","protected":false},"featured_media":33615,"comment_status":"open","ping_status":"closed","template":"","meta":{"_acf_changed":true},"product_brand":[406],"product_cat":[276,57,277],"product_tag":[],"class_list":{"0":"post-33600","1":"product","2":"type-product","3":"status-publish","4":"has-post-thumbnail","6":"product_brand-medica-group","7":"product_cat-seksualinei-sveikatai","8":"product_cat-akcijos","9":"product_cat-vyrams","11":"first","12":"instock","13":"sale","14":"shipping-taxable","15":"purchasable","16":"product-type-simple"},"acf":[],"tiered_pricing_type":"fixed","tiered_pricing_fixed_rules":{"3":21.76,"5":20.09},"tiered_pricing_product_settings":{"layout":"default","base_unit_name":{"singular":null,"plural":null},"default_variation":null},"tiered_pricing_minimum_quantity":null,"tiered_pricing_roles_data":[],"tiered_pricing_percentage_rules":[],"_links":{"self":[{"href":"https:\/\/purama.lt\/ee\/wp-json\/wp\/v2\/product\/33600","targetHints":{"allow":["GET"]}}],"collection":[{"href":"https:\/\/purama.lt\/ee\/wp-json\/wp\/v2\/product"}],"about":[{"href":"https:\/\/purama.lt\/ee\/wp-json\/wp\/v2\/types\/product"}],"replies":[{"embeddable":true,"href":"https:\/\/purama.lt\/ee\/wp-json\/wp\/v2\/comments?post=33600"}],"wp:featuredmedia":[{"embeddable":true,"href":"https:\/\/purama.lt\/ee\/wp-json\/wp\/v2\/media\/33615"}],"wp:attachment":[{"href":"https:\/\/purama.lt\/ee\/wp-json\/wp\/v2\/media?parent=33600"}],"wp:term":[{"taxonomy":"product_brand","embeddable":true,"href":"https:\/\/purama.lt\/ee\/wp-json\/wp\/v2\/product_brand?post=33600"},{"taxonomy":"product_cat","embeddable":true,"href":"https:\/\/purama.lt\/ee\/wp-json\/wp\/v2\/product_cat?post=33600"},{"taxonomy":"product_tag","embeddable":true,"href":"https:\/\/purama.lt\/ee\/wp-json\/wp\/v2\/product_tag?post=33600"}],"curies":[{"name":"wp","href":"https:\/\/api.w.org\/{rel}","templated":true}]}}