{"id":33599,"date":"2025-04-02T13:05:41","date_gmt":"2025-04-02T13:05:41","guid":{"rendered":"https:\/\/purama.lt\/produktas\/medica-group-intymumo-stiprinimo-gelis\/"},"modified":"2026-04-10T07:06:48","modified_gmt":"2026-04-10T05:06:48","slug":"medica-group-intimuse-suurendamise-geel","status":"publish","type":"product","link":"https:\/\/purama.lt\/ee\/produktas\/medica-group-intymumo-stiprinimo-gelis\/","title":{"rendered":"MEDICA GROUP WinWoman Intiimsuse Tugevdav Geel"},"content":{"rendered":"<p><strong>Kasutamine:<\/strong><br>Kandke v\u00e4ike kogus geeli intiimsetele piirkondadele ja masseerige \u00f5rnalt. \u00c4rge loputage. Kasutage enne vahekorda, et suurendada tundmusi.<br><br><strong>Koostisained:<\/strong> Vesi, h\u00fcdroks\u00fcet\u00fc\u00fcltselluloos, prop\u00fcleengl\u00fckool, gl\u00fctseriin, sorbitool, pol\u00fcsorbaat 20, Paullinia Cupana (Guarana) seemne ekstrakt, Panax Ginseng juurte ekstrakt, Humulus Lupulus (Humal) ekstrakt, Urtica Dioica (N\u00f5ges) ekstrakt, vanilli\u00fc\u00fclbut\u00fc\u00fcleeter, naatriumatsetaat, isoprop\u00fc\u00fclalkohol, tselluloos, kaaliumsorbaat, naatriumbensoaat, sidrunhape, l\u00f5hna- ja maitseaine, limoneen.<\/p>","protected":false},"excerpt":{"rendered":"<p class=\"\" data-start=\"0\" data-end=\"76\"><strong data-start=\"0\" data-end=\"76\">MEDICA-GROUP WinWoman intiimsust suurendav geel<\/strong> - rohkem tundeid, rohkem l\u00e4hedust. Avastage uus l\u00e4heduse tase koos <strong data-start=\"109\" data-end=\"151\">MEDICA-GROUP intiimsust suurendav geel<\/strong>m\u00f5eldud naistele, kes soovivad suurendada tundlikkust, parandada niisutust ja kogeda veelgi suuremat naudingut. See uuenduslik koostis mitte ainult ei imendu kiiresti, vaid stimuleerib ka vereringet erogeensetes tsoonides, et suurendada tundlikkust ja intensiivsemaid aistinguid. Geeli koostisosad <strong data-start=\"429\" data-end=\"453\">Ginkgo, \u017een\u0161enn<\/strong> ja <strong data-start=\"457\" data-end=\"468\">kofeiin<\/strong> ekstraktid aktiveerivad mikrotsirkulatsiooni, suurendavad verevoolu k\u00f5ige tundlikumatesse piirkondadesse ja <strong data-start=\"561\" data-end=\"583\">aloe vera ekstrakt<\/strong> intensiivselt niisutab ja rahustab, kaitseb \u00e4rrituse eest. Meeldiv, mittekleepuv tekstuur pakub maksimaalset mugavust - iga intiimse puudutuse puhul.<\/p>\n<p data-start=\"0\" data-end=\"76\"><strong data-start=\"734\" data-end=\"758\">Miks valida?<\/strong><br data-start=\"758\" data-end=\"761\" \/>\u2714\ufe0f Suurendab tundlikkust ja tundlikkust intiimpiirkondades.<br data-start=\"811\" data-end=\"814\" \/>\u2714\ufe0f Stimuleerib vereringet - rohkem soojust ja tundlikkust<br data-start=\"869\" data-end=\"872\" \/>\u2714\ufe0f Niisutab koheselt - mugavus ilma ebamugavustundeta<br data-start=\"921\" data-end=\"924\" \/>\u2714\ufe0f Sisaldab looduslikke taimeekstrakte<br data-start=\"969\" data-end=\"972\" \/>\u2714\ufe0f T\u00e4iuslik imendumine, kleepuvuse puudumine<br data-start=\"1020\" data-end=\"1023\" \/>\u2714\ufe0f Rahustab ja kaitseb tundlikku nahka.<\/p>","protected":false},"featured_media":33620,"comment_status":"open","ping_status":"closed","template":"","meta":{"_acf_changed":false},"product_brand":[406],"product_cat":[57,278,276,277],"product_tag":[],"class_list":{"0":"post-33599","1":"product","2":"type-product","3":"status-publish","4":"has-post-thumbnail","6":"product_brand-medica-group","7":"product_cat-akcijos","8":"product_cat-moterims","9":"product_cat-seksualinei-sveikatai","10":"product_cat-vyrams","12":"first","13":"instock","14":"sale","15":"shipping-taxable","16":"purchasable","17":"product-type-simple"},"acf":[],"tiered_pricing_type":"fixed","tiered_pricing_fixed_rules":[],"tiered_pricing_product_settings":{"layout":"default","base_unit_name":{"singular":null,"plural":null},"default_variation":null},"tiered_pricing_minimum_quantity":null,"tiered_pricing_roles_data":[],"tiered_pricing_percentage_rules":[],"_links":{"self":[{"href":"https:\/\/purama.lt\/ee\/wp-json\/wp\/v2\/product\/33599","targetHints":{"allow":["GET"]}}],"collection":[{"href":"https:\/\/purama.lt\/ee\/wp-json\/wp\/v2\/product"}],"about":[{"href":"https:\/\/purama.lt\/ee\/wp-json\/wp\/v2\/types\/product"}],"replies":[{"embeddable":true,"href":"https:\/\/purama.lt\/ee\/wp-json\/wp\/v2\/comments?post=33599"}],"wp:featuredmedia":[{"embeddable":true,"href":"https:\/\/purama.lt\/ee\/wp-json\/wp\/v2\/media\/33620"}],"wp:attachment":[{"href":"https:\/\/purama.lt\/ee\/wp-json\/wp\/v2\/media?parent=33599"}],"wp:term":[{"taxonomy":"product_brand","embeddable":true,"href":"https:\/\/purama.lt\/ee\/wp-json\/wp\/v2\/product_brand?post=33599"},{"taxonomy":"product_cat","embeddable":true,"href":"https:\/\/purama.lt\/ee\/wp-json\/wp\/v2\/product_cat?post=33599"},{"taxonomy":"product_tag","embeddable":true,"href":"https:\/\/purama.lt\/ee\/wp-json\/wp\/v2\/product_tag?post=33599"}],"curies":[{"name":"wp","href":"https:\/\/api.w.org\/{rel}","templated":true}]}}