{"id":33597,"date":"2025-04-02T13:05:41","date_gmt":"2025-04-02T13:05:41","guid":{"rendered":"https:\/\/purama.lt\/produktas\/medica-group-grozio-formos-kapsules\/"},"modified":"2026-04-13T16:50:47","modified_gmt":"2026-04-13T14:50:47","slug":"medica-grupi-kapslid","status":"publish","type":"product","link":"https:\/\/purama.lt\/ee\/produktas\/medica-group-grozio-formos-kapsules\/","title":{"rendered":"MEDICA GROUP BeautyBooty Ilu vormikapslid"},"content":{"rendered":"<p><strong>Tarbimine:<\/strong><br>V\u00f5tke 3 kapslit p\u00e4evas koos piisava koguse veega. Soovitatav on v\u00f5tta pidevalt v\u00e4hemalt 3 kuud.<\/p>\n\n\n\n<p><strong>Koostisained:<\/strong> Humalaekstrakt, \u017eelatiin, punase ristiku ekstrakt (standarditud 8 % isoflavooni), tatar, soja, mais, oder, rukis, \u00f5unakiud, t\u00e4iteaine: mikrokristalliline tselluloos, sidumisvastased lisandid: magneesiumsoolad ja r\u00e4nidioksiid.<\/p>","protected":false},"excerpt":{"rendered":"<p class=\"\" data-start=\"0\" data-end=\"91\"><strong data-start=\"0\" data-end=\"91\">MEDICA-GROUP BeautyBooty Beauty Shape kapslid - <\/strong>loomulik tee r\u00f5hutatumate kehajoonte juurde. Otsid turvalist ja t\u00f5husat viisi oma naiselikkuse r\u00f5hutamiseks? <strong data-start=\"155\" data-end=\"181\">Beauty Shape kapslid<\/strong> - on toidulisand, mis on v\u00e4lja t\u00f6\u00f6tatud naistele, kes otsivad <strong>parandab tuharate kuju, pinguldab kehajooned ja parandab naha seisundit loomulikult, ilma invasiivsete meetmeteta.<\/strong>. T\u00e4nu tasakaalustatud koostisele, mis on rikastatud taimeekstraktide ja f\u00fcto\u00f6strogeenidega, toetavad need kapslid keha loomulikke protsesse, soodustades kudede toonust ja naha elastsust, mis v\u00f5ib aidata teil saavutada saledamat ja \u00fcmaramat kehakujundust.<\/p>\n<p data-start=\"0\" data-end=\"91\"><strong data-start=\"596\" data-end=\"643\">Miks valida BeautyBooty Beauty Shape kapslid?<\/strong><br data-start=\"643\" data-end=\"646\" \/>\u2714\ufe0f Loomulikult tugevamad tuharad ja kehajooned<br data-start=\"695\" data-end=\"698\" \/>\u2714\ufe0f F\u00fcto\u00f6strogeenide v\u00f5imsus naha elastsuse ja tugevuse saavutamiseks.<br data-start=\"753\" data-end=\"756\" \/>\u2714\ufe0f Parandab naha tekstuuri ja rakkude regenereerimist.<br data-start=\"807\" data-end=\"810\" \/>\u2714\ufe0f Sobib pikaajaliseks kasutamiseks, tulemused ilma operatsioonita<br data-start=\"868\" data-end=\"871\" \/>\u2714\ufe0f Lihtne kasutada - vaid paar kapslit p\u00e4evas.<\/p>","protected":false},"featured_media":33621,"comment_status":"open","ping_status":"closed","template":"","meta":{"_acf_changed":false},"product_brand":[406],"product_cat":[57,278,276],"product_tag":[],"class_list":{"0":"post-33597","1":"product","2":"type-product","3":"status-publish","4":"has-post-thumbnail","6":"product_brand-medica-group","7":"product_cat-akcijos","8":"product_cat-moterims","9":"product_cat-seksualinei-sveikatai","11":"first","12":"instock","13":"sale","14":"shipping-taxable","15":"purchasable","16":"product-type-simple"},"acf":[],"tiered_pricing_type":"fixed","tiered_pricing_fixed_rules":[],"tiered_pricing_product_settings":{"layout":"default","base_unit_name":{"singular":null,"plural":null},"default_variation":null},"tiered_pricing_minimum_quantity":null,"tiered_pricing_roles_data":[],"tiered_pricing_percentage_rules":[],"_links":{"self":[{"href":"https:\/\/purama.lt\/ee\/wp-json\/wp\/v2\/product\/33597","targetHints":{"allow":["GET"]}}],"collection":[{"href":"https:\/\/purama.lt\/ee\/wp-json\/wp\/v2\/product"}],"about":[{"href":"https:\/\/purama.lt\/ee\/wp-json\/wp\/v2\/types\/product"}],"replies":[{"embeddable":true,"href":"https:\/\/purama.lt\/ee\/wp-json\/wp\/v2\/comments?post=33597"}],"wp:featuredmedia":[{"embeddable":true,"href":"https:\/\/purama.lt\/ee\/wp-json\/wp\/v2\/media\/33621"}],"wp:attachment":[{"href":"https:\/\/purama.lt\/ee\/wp-json\/wp\/v2\/media?parent=33597"}],"wp:term":[{"taxonomy":"product_brand","embeddable":true,"href":"https:\/\/purama.lt\/ee\/wp-json\/wp\/v2\/product_brand?post=33597"},{"taxonomy":"product_cat","embeddable":true,"href":"https:\/\/purama.lt\/ee\/wp-json\/wp\/v2\/product_cat?post=33597"},{"taxonomy":"product_tag","embeddable":true,"href":"https:\/\/purama.lt\/ee\/wp-json\/wp\/v2\/product_tag?post=33597"}],"curies":[{"name":"wp","href":"https:\/\/api.w.org\/{rel}","templated":true}]}}