{"id":33497,"date":"2025-03-31T11:52:46","date_gmt":"2025-03-31T11:52:46","guid":{"rendered":"https:\/\/purama.lt\/produktas\/ohgood-sokoladinis-maisto-pakaitalu-misinys\/"},"modified":"2026-03-19T16:35:26","modified_gmt":"2026-03-19T14:35:26","slug":"ohgood-sokolaadi-toiduasendaja-kauss","status":"publish","type":"product","link":"https:\/\/purama.lt\/ee\/produktas\/ohgood-sokoladinis-maisto-pakaitalu-misinys\/","title":{"rendered":"OH!GOOD \u0161okolaadi toiduasendaja segu"},"content":{"rendered":"<p><strong>Milleks on see hea ja millal seda v\u00f5tta?<\/strong><\/p>\n\n\n\n<p><strong>OH!GOOD \u0161okolaadi toiduasendaja segu<\/strong> sobiv:<\/p>\n\n\n\n<ul class=\"wp-block-list\">\n<li>Kiire ja tervisliku hommikus\u00f6\u00f6gi v\u00f5i l\u00f5unas\u00f6\u00f6gi asendajana<\/li>\n\n\n\n<li>Neile, kes teevad sporti, enne v\u00f5i p\u00e4rast treeningut<\/li>\n\n\n\n<li>Neile, kes soovivad s\u00e4ilitada oma kaalu v\u00f5i tervislikku eluviisi<\/li>\n\n\n\n<li>Kiiretele inimestele, kes hindavad tasakaalustatud toitumist<\/li>\n\n\n\n<li>Alternatiivina maiustustele, kui soovite midagi maitsvat, kuid kasulikku<\/li>\n<\/ul>\n\n\n\n<p><strong>Koostis:<\/strong> Hernevalgu isolaat, riisivalgu kontsentraat, kanepivalgu kontsentraat, kakaopulber, dekstroos, maltodekstriin, fruktoos, keskmise ahelaga trigl\u00fctseriidid (MCT) kookos\u00f5list, kookospiimapulber, ps\u00fclliumkoore, inuliin, kaerajahu, banaanipulber, linaseemnejahu, BCAA-d (leutsiin, isoleutsiin, valiin) 2:1 vahekorras:1, kurkum, multivitamiinikompleks (vitamiinid A, C, D, E, K, B1, B2, B3, B5, B6, B12, foolhape, biotiin), kaalium (kaaliumtsitraat, kaaliumkloriid), kloriid (naatriumkloriid, kaaliumkloriid), kaltsium (kaltsiumkarbonaat), fosfor (taimset p\u00e4ritolu fosfaadid), magneesium (magneesiumoksiid), jood (kaaliumjodiid), raud (raudfumaraat), seleen (naatriumseleniit), tsink (tsinkoksiid), vask (vasegl\u00fckonaat), mangaan (mangaanisulfaat), kroom (kroomkloriid), mol\u00fcbdeen (naatriummol\u00fcbdaat), koens\u00fc\u00fcm Q10, probiootiline segu, looduslik \u0161okolaadimaitseaine, magusaine: stevia, stabilisaator: ksantaankummi.<\/p>","protected":false},"excerpt":{"rendered":"<p class=\"\" data-start=\"0\" data-end=\"376\"><strong data-start=\"0\" data-end=\"48\">OH!GOOD \u0161okolaadi toiduasendaja segu<\/strong> - tasakaalustatud valgu shake, <strong>varustades keha k\u00f5igi oluliste toitainetega \u00fche toidukorraga.<\/strong>. T\u00e4nap\u00e4eva kiiretempolises maailmas j\u00e4tame sageli s\u00f6\u00f6gikorrad vahele v\u00f5i valime ebatervislikke vahepalasid. OH!GOOD Complete Meal sobib ideaalselt igap\u00e4evaeluks - kontoris, teel, j\u00f5usaalis, looduses v\u00f5i kodus. See on toitev, naturaalse maitsega smuuti, mis sulandub h\u00f5lpsasti aktiivse eluviisiga. Selle tasakaalustatud koostis tagab energia, k\u00fcllastumise ja t\u00e4ieliku toitumise ilma pingutusteta.<\/p>\n<p data-start=\"0\" data-end=\"376\"><strong data-start=\"0\" data-end=\"46\" data-is-only-node=\"\">Miks valida OH!GOOD Complete Meal?<\/strong><br data-start=\"46\" data-end=\"49\" \/>\u2714\ufe0f 40 g valku ja 422 kcal portsjoni kohta.<br data-start=\"94\" data-end=\"97\" \/>\u2714\ufe0f Isegi 27 vitamiini ja probiootikumid<br data-start=\"131\" data-end=\"134\" \/>\u2714\ufe0f Tagab k\u00fcllastustunde 3-4 tunniks.<br data-start=\"173\" data-end=\"176\" \/>\u2714\ufe0f 100 % Taimep\u00f5hine (sobib veganitele)<\/p>\n<p data-start=\"0\" data-end=\"376\">\u00a0<\/p>","protected":false},"featured_media":33517,"comment_status":"open","ping_status":"closed","template":"","meta":{"_acf_changed":false},"product_brand":[447],"product_cat":[60,500,298],"product_tag":[],"class_list":{"0":"post-33497","1":"product","2":"type-product","3":"status-publish","4":"has-post-thumbnail","6":"product_brand-ohgood","7":"product_cat-mitybai","8":"product_cat-outlet","9":"product_cat-sveikas-maistas","11":"first","12":"instock","13":"sale","14":"shipping-taxable","15":"purchasable","16":"product-type-simple"},"acf":[],"tiered_pricing_type":"fixed","tiered_pricing_fixed_rules":[],"tiered_pricing_product_settings":{"layout":"default","base_unit_name":{"singular":null,"plural":null},"default_variation":null},"tiered_pricing_minimum_quantity":null,"tiered_pricing_roles_data":[],"tiered_pricing_percentage_rules":[],"_links":{"self":[{"href":"https:\/\/purama.lt\/ee\/wp-json\/wp\/v2\/product\/33497","targetHints":{"allow":["GET"]}}],"collection":[{"href":"https:\/\/purama.lt\/ee\/wp-json\/wp\/v2\/product"}],"about":[{"href":"https:\/\/purama.lt\/ee\/wp-json\/wp\/v2\/types\/product"}],"replies":[{"embeddable":true,"href":"https:\/\/purama.lt\/ee\/wp-json\/wp\/v2\/comments?post=33497"}],"wp:featuredmedia":[{"embeddable":true,"href":"https:\/\/purama.lt\/ee\/wp-json\/wp\/v2\/media\/33517"}],"wp:attachment":[{"href":"https:\/\/purama.lt\/ee\/wp-json\/wp\/v2\/media?parent=33497"}],"wp:term":[{"taxonomy":"product_brand","embeddable":true,"href":"https:\/\/purama.lt\/ee\/wp-json\/wp\/v2\/product_brand?post=33497"},{"taxonomy":"product_cat","embeddable":true,"href":"https:\/\/purama.lt\/ee\/wp-json\/wp\/v2\/product_cat?post=33497"},{"taxonomy":"product_tag","embeddable":true,"href":"https:\/\/purama.lt\/ee\/wp-json\/wp\/v2\/product_tag?post=33497"}],"curies":[{"name":"wp","href":"https:\/\/api.w.org\/{rel}","templated":true}]}}