{"id":33491,"date":"2025-03-31T11:52:45","date_gmt":"2025-03-31T11:52:45","guid":{"rendered":"https:\/\/purama.lt\/produktas\/ohgood-lazdyno-riesutu-ir-sokolado-baltymu-batonelis\/"},"modified":"2026-04-02T11:50:39","modified_gmt":"2026-04-02T09:50:39","slug":"ohgood-sarapuupahkli-ja-sokolaadi-valguriba","status":"publish","type":"product","link":"https:\/\/purama.lt\/ee\/produktas\/ohgood-lazdyno-riesutu-ir-sokolado-baltymu-batonelis\/","title":{"rendered":"OH!GOOD sarapuup\u00e4hkli ja \u0161okolaadi valguriba"},"content":{"rendered":"<p><strong>Koostisained:<\/strong> Valgusegu (riisi- ja hernevalgud), lahustuvad kiudained (tapiokast ja akaaviinuliinist), \u0161okolaad (kakao, kakaov\u00f5i, er\u00fctritool), sarapuup\u00e4hkliv\u00f5i, sarapuup\u00e4hklikr\u00f5psud, p\u00e4evalillelaastud, p\u00e4evalille\u00f5li, datlid, granaat\u00f5unasiirup, kakaopulber, meresool.<br>Vitamiinid ja mineraalid: kaltsium, magneesium, C-, E-, B-, D-, K-vitamiinid, koens\u00fc\u00fcm Q10, tsink, seleen, raud, vask, mangaan, jood, mol\u00fcbdeen ja kroom.<br><strong>Gluteenivaba, ilma suhkrulisandita.<\/strong><\/p>\n\n\n\n<p><strong>Toitev\u00e4\u00e4rtus (60 g):<\/strong> 222 kcal - Rasv 11 g (sellest k\u00fcllastunud 2,9 g) - S\u00fcsivesikud 5,6 g (suhkur 2,8 g) - Kiudained 17 g - Valgud 16 g - Sool 0,24 g.<\/p>\n\n\n\n<p><strong>Vitamiinid ja mineraalid (60 g):<\/strong><br>A-vitamiin 113 \u03bcg - C 20 mg - D3 1,3 \u03bcg - K 21 \u03bcg - E 3,4 mg - B1 0,34 mg - B2 0,34 mg - B3 (niatsiin) 4,1 mg - Pantoteenhape 1,5 mg - B6 0,34 mg - Foolhape 51 \u03bcg - B12 0.7 \u03bcg - Biotiin 13 \u03bcg - Kaltsium 92 mg - Tsink 2,2 mg - Vask 103 \u03bcg - Raud 3 mg - Mol\u00fcbdeen 14 \u03bcg - Jood 26 \u03bcg - Kroom 11 \u03bcg - Seleen 19 \u03bcg - Koens\u00fc\u00fcm Q10 0,4 mg.<\/p>","protected":false},"excerpt":{"rendered":"<p class=\"\" data-start=\"0\" data-end=\"99\"><strong>OH!GOOD valguriba sarapuup\u00e4hklite ja \u0161okolaadiga<\/strong> - erakordne maitse ja v\u00e4\u00e4rtuslik koostis. <strong>Oh!Hea proteiinibatoon<\/strong> - on vegan proteiinibatoon, mis on loodud maitsest ja kvaliteedist l\u00e4htuvalt. Kr\u00f5bedate sarapuup\u00e4hklite, pehme \u0161okolaadi ja tasakaalustatud toitainete kombinatsiooni baasil on iga suut\u00e4is nagu maitsev magustoit, mis toidab teie keha. Sobib ideaalselt vahepalaks s\u00f6\u00f6gikordade vahel v\u00f5i kergeks magustoiduks mis tahes ajal p\u00e4evas. <strong>Baar sisaldab rohkelt taimseid valke, kiudaineid, olulisi vitamiine ja mineraalaineid.<\/strong>. Vaatamata madalale suhkrusisaldusele on see rikkaliku ja harmooniliselt tasakaalustatud maitsega. See suupiste on maitsev viis energia taastamiseks, toitumise eest hoolitsemiseks ja magusaisu rahuldamiseks, ilma et teeksite kompromisse oma eesm\u00e4rkide saavutamisel. Maitse r\u00e4\u00e4gib enda eest.<\/p>\n<p class=\"\" data-start=\"0\" data-end=\"45\"><strong>Miks valida OH!GOOD valguriba?<\/strong><\/p>\n<p class=\"\" data-start=\"47\" data-end=\"162\">\u2714\ufe0f Ainult 220 kcal - v\u00e4he kaloreid.<br data-start=\"79\" data-end=\"82\" \/>\u2714\ufe0f 16 g valku ja 20 vitamiini<br data-start=\"112\" data-end=\"115\" \/>\u2714\ufe0f Ei mingeid kunstlikke magusaineid<br data-start=\"140\" data-end=\"143\" \/>\u2714\ufe0f 100 % vegan<\/p>\n<p data-start=\"0\" data-end=\"99\">\u00a0<\/p>","protected":false},"featured_media":33498,"comment_status":"open","ping_status":"closed","template":"","meta":{"_acf_changed":false},"product_brand":[447],"product_cat":[60,297],"product_tag":[],"class_list":{"0":"post-33491","1":"product","2":"type-product","3":"status-publish","4":"has-post-thumbnail","6":"product_brand-ohgood","7":"product_cat-mitybai","8":"product_cat-baltyminiai-batoneliai","10":"first","11":"instock","12":"shipping-taxable","13":"purchasable","14":"product-type-simple"},"acf":[],"tiered_pricing_type":"fixed","tiered_pricing_fixed_rules":[],"tiered_pricing_product_settings":{"layout":"default","base_unit_name":{"singular":null,"plural":null},"default_variation":null},"tiered_pricing_minimum_quantity":null,"tiered_pricing_roles_data":[],"tiered_pricing_percentage_rules":[],"_links":{"self":[{"href":"https:\/\/purama.lt\/ee\/wp-json\/wp\/v2\/product\/33491","targetHints":{"allow":["GET"]}}],"collection":[{"href":"https:\/\/purama.lt\/ee\/wp-json\/wp\/v2\/product"}],"about":[{"href":"https:\/\/purama.lt\/ee\/wp-json\/wp\/v2\/types\/product"}],"replies":[{"embeddable":true,"href":"https:\/\/purama.lt\/ee\/wp-json\/wp\/v2\/comments?post=33491"}],"wp:featuredmedia":[{"embeddable":true,"href":"https:\/\/purama.lt\/ee\/wp-json\/wp\/v2\/media\/33498"}],"wp:attachment":[{"href":"https:\/\/purama.lt\/ee\/wp-json\/wp\/v2\/media?parent=33491"}],"wp:term":[{"taxonomy":"product_brand","embeddable":true,"href":"https:\/\/purama.lt\/ee\/wp-json\/wp\/v2\/product_brand?post=33491"},{"taxonomy":"product_cat","embeddable":true,"href":"https:\/\/purama.lt\/ee\/wp-json\/wp\/v2\/product_cat?post=33491"},{"taxonomy":"product_tag","embeddable":true,"href":"https:\/\/purama.lt\/ee\/wp-json\/wp\/v2\/product_tag?post=33491"}],"curies":[{"name":"wp","href":"https:\/\/api.w.org\/{rel}","templated":true}]}}