{"id":33490,"date":"2025-03-31T11:52:45","date_gmt":"2025-03-31T11:52:45","guid":{"rendered":"https:\/\/purama.lt\/produktas\/ohgood-zemes-riesutu-sviesto-baltymu-batonelis\/"},"modified":"2026-04-23T06:35:26","modified_gmt":"2026-04-23T04:35:26","slug":"ohgood-maapahklivoi-valguriba","status":"publish","type":"product","link":"https:\/\/purama.lt\/ee\/produktas\/ohgood-zemes-riesutu-sviesto-baltymu-batonelis\/","title":{"rendered":"OH!GOOD Maap\u00e4hkliv\u00f5i valguriba"},"content":{"rendered":"<p><strong>Milleks on see hea ja millal seda v\u00f5tta?<\/strong><br><strong>OH!GOOD valguriba<\/strong> t\u00e4iuslik nagu:<\/p>\n\n\n\n<ul class=\"wp-block-list\">\n<li>Tervislik vahepala s\u00f6\u00f6gikordade vahel<\/li>\n\n\n\n<li>Toitev valik p\u00e4rast treeningut<\/li>\n\n\n\n<li>Kiire, kuid tasakaalustatud magustoit<\/li>\n\n\n\n<li>Keskp\u00e4evane energialaeng, kui soovite midagi maitsvat ja t\u00e4itvat<\/li>\n<\/ul>\n\n\n\n<p>Ideaalne valik neile, kes elavad aktiivset elustiili, on terviseteadlikud v\u00f5i soovivad lihtsalt maitsvat, s\u00fc\u00fctundeta suupistet.<\/p>\n\n\n\n<p><strong>Koostis:<\/strong> Valguse segu (riisivalk, hernevalk) 28 %, lahustuv kiudain tapiokat\u00e4rklisest, inuliin agavest*, \u0161okolaad* (kakao*, kakaov\u00f5i*), er\u00fctritool* 25 %, maap\u00e4hkliv\u00f5i* 11 %, P\u00e4evalillelaastud* (p\u00e4evalillevalk* 75 %, riisijahu*), p\u00e4evalille\u00f5li, datli- granaat\u00f5unasiirup (datlid, granaat\u00f5unamahl), meresool, kaltsiumkarbonaat, magneesiumoksiid, L-askorbiinhape, DL-alfa-tokofer\u00fc\u00fclatsetaat, raudfumaraat, kroomkloriid, niatsiin, naatriummol\u00fcbdaat, kaaliumjodiid, naatriumseleniit, tsinkoksiid, kaltsium-D-pantotenaat, retin\u00fc\u00fclatsetaat, ts\u00fcanokobalamiin, vasegl\u00fckonaat, kolekaltsiferool, Koens\u00fc\u00fcm Q10, tiamiinmononitraat, f\u00fcllikinoon, p\u00fcridoksiinvesinikkloriid, riboflaviin, mangaanisulfaat, ptero\u00fc\u00fclmonoglutamiinhape, D-biotiin, ps\u00fclliumkoore*, p\u00e4evalille letsitiin*, rosmariiniekstrakt*.<br>* Mahep\u00f5llumajandusest.<br><br><\/p>","protected":false},"excerpt":{"rendered":"<p data-start=\"316\" data-end=\"430\"><strong data-start=\"320\" data-end=\"430\">OH!GOOD Peanut Butter Protein Bar - maitsev, taimne valguallikas koos vitamiinikompleksiga. <\/strong>Maitse ilma s\u00fcdametunnistuseta - <strong data-start=\"467\" data-end=\"521\">OH!GOOD valguribaari maap\u00e4hkliv\u00f5iga<\/strong> - on taimep\u00f5hine suupiste, mis on m\u00f5eldud aktiivse elustiili ja tasakaalustatud toitumise jaoks. See sisaldab <strong data-start=\"628\" data-end=\"654\">28 % Taimne valk<\/strong> (riis ja herned), <strong data-start=\"674\" data-end=\"704\">11 % Maap\u00e4hkliv\u00f5i<\/strong>, <strong data-start=\"706\" data-end=\"741\">vitamiinide ja mineraalide kompleks<\/strong>ja ainult looduslikke koostisosi mahep\u00f5llumajandusest. Baar on rikastatud <strong data-start=\"827\" data-end=\"855\">Tapiokast saadud kiudained<\/strong>, <strong data-start=\"857\" data-end=\"874\">inuliin agavest<\/strong>, <strong data-start=\"876\" data-end=\"917\">looduslikud magusained (er\u00fctritool)<\/strong>, <strong data-start=\"919\" data-end=\"965\">supertoidud nagu datli-granaatsiirup<\/strong>ja <strong data-start=\"970\" data-end=\"993\">orgaaniline \u0161okolaad<\/strong> (75 % kakao). See ei ole mitte ainult t\u00e4itev, vaid ka funktsionaalne valik suupistete jaoks.<\/p>\n<p data-start=\"669\" data-end=\"697\"><strong>Miks valida?<br \/><\/strong>\u2714\ufe0f 100 % taimne valk - sobib veganitele ja taimetoitlastele.<br data-start=\"763\" data-end=\"766\" \/>\u2714\ufe0f Maitsev, t\u00e4idlane ja toitev vahepala.<br data-start=\"805\" data-end=\"808\" \/>\u2714\ufe0f Ideaalne valik aktiivsetele inimestele, neile, kes teevad trenni v\u00f5i elavad h\u00f5ivatud elu.<br data-start=\"895\" data-end=\"898\" \/>\u2714\ufe0f Aitab s\u00e4ilitada energiat ja pikaajalist k\u00fcllastustunnet.<br data-start=\"953\" data-end=\"956\" \/>\u2714\ufe0f Sobib paljude erinevate dieetidega - nii kaalulangetamiseks kui ka lihaste \u00fclesehitamiseks.<br data-start=\"1031\" data-end=\"1034\" \/>\u2714\ufe0f Ilma lisatud suhkru ja loomsete koostisosadega<\/p>","protected":false},"featured_media":33504,"comment_status":"open","ping_status":"closed","template":"","meta":{"_acf_changed":false},"product_brand":[447],"product_cat":[60,297,500],"product_tag":[],"class_list":{"0":"post-33490","1":"product","2":"type-product","3":"status-publish","4":"has-post-thumbnail","6":"product_brand-ohgood","7":"product_cat-mitybai","8":"product_cat-baltyminiai-batoneliai","9":"product_cat-outlet","11":"first","12":"outofstock","13":"shipping-taxable","14":"purchasable","15":"product-type-simple"},"acf":[],"tiered_pricing_type":"fixed","tiered_pricing_fixed_rules":[],"tiered_pricing_product_settings":{"layout":"default","base_unit_name":{"singular":null,"plural":null},"default_variation":null},"tiered_pricing_minimum_quantity":null,"tiered_pricing_roles_data":[],"tiered_pricing_percentage_rules":[],"_links":{"self":[{"href":"https:\/\/purama.lt\/ee\/wp-json\/wp\/v2\/product\/33490","targetHints":{"allow":["GET"]}}],"collection":[{"href":"https:\/\/purama.lt\/ee\/wp-json\/wp\/v2\/product"}],"about":[{"href":"https:\/\/purama.lt\/ee\/wp-json\/wp\/v2\/types\/product"}],"replies":[{"embeddable":true,"href":"https:\/\/purama.lt\/ee\/wp-json\/wp\/v2\/comments?post=33490"}],"wp:featuredmedia":[{"embeddable":true,"href":"https:\/\/purama.lt\/ee\/wp-json\/wp\/v2\/media\/33504"}],"wp:attachment":[{"href":"https:\/\/purama.lt\/ee\/wp-json\/wp\/v2\/media?parent=33490"}],"wp:term":[{"taxonomy":"product_brand","embeddable":true,"href":"https:\/\/purama.lt\/ee\/wp-json\/wp\/v2\/product_brand?post=33490"},{"taxonomy":"product_cat","embeddable":true,"href":"https:\/\/purama.lt\/ee\/wp-json\/wp\/v2\/product_cat?post=33490"},{"taxonomy":"product_tag","embeddable":true,"href":"https:\/\/purama.lt\/ee\/wp-json\/wp\/v2\/product_tag?post=33490"}],"curies":[{"name":"wp","href":"https:\/\/api.w.org\/{rel}","templated":true}]}}