{"id":33397,"date":"2025-03-28T07:18:22","date_gmt":"2025-03-28T07:18:22","guid":{"rendered":"https:\/\/purama.lt\/produktas\/zinzino-balanceoil-tutti-frutti-omega-maisto-papildas\/"},"modified":"2026-03-27T16:21:15","modified_gmt":"2026-03-27T14:21:15","slug":"zinzino-balanceoil-tutti-frutti-omega-toidulisand","status":"publish","type":"product","link":"https:\/\/purama.lt\/ee\/produktas\/zinzino-balanceoil-tutti-frutti-omega-maisto-papildas\/","title":{"rendered":"Zinzino BalanceOil Tutti Frutti Omega toidulisand"},"content":{"rendered":"<p><strong>Tarbimine:<\/strong> <\/p>\n\n\n\n<p>Lapsed vanuses 2-10 aastat (kuni 40 kg) - 0,20 ml\/1 kg kehakaalu kohta (nt 25 kg - 5 ml), lapsed vanuses 11 aastat ja vanemad - 0,15 ml\/1 kg kehakaalu kohta (nt 80 kg - 12 ml\/p\u00e4evas).<\/p>\n\n\n\n<p><strong>Zinzino BalanceOil Tutti Frutti - tasakaalustatud Omega-3 toidulisand lastele ja peredele<\/strong><br>BalanceOil Tutti Frutti on maitsev ja lapses\u00f5bralik Omega-3 toidulisand, mis on valmistatud k\u00f5rgekvaliteedilisest kala\u00f5list ja ekstra neitsioliivi\u00f5list Picual. See on rikas pol\u00fcfenoolide, f\u00fctotoitainete, omega-3, -7 ja -9 rasvhapete poolest, mis toetavad lapse arengut, aju toimimist, n\u00e4gemist ja immuuns\u00fcsteemi.<\/p>\n\n\n\n<p><strong>Koostis:<\/strong> Kala\u00f5li (an\u0161oovis, sardiinid, makrell), ekstra neitsioliivi\u00f5li, looduslikud l\u00f5hna- ja maitseained (Tutti Frutti), tokoferoolid (antioks\u00fcdandid), D3-vitamiin (kolekaltsiferool).<\/p>\n\n\n\n<p><strong>Toitev\u00e4\u00e4rtus (5 ml):<\/strong> Kala\u00f5li: 2761 mg (sellest oomega-3: 1033 mg: EPA: 535 mg, DHA: 285 mg), oliivi\u00f5li: 1705 mg (oleiinhape: 1279 mg, pol\u00fcfenoolid: 1,5 mg), D3-vitamiin: 8,3 \u00b5g (167 % RMV*). *RMV - viitetoitev\u00e4\u00e4rtus.<\/p>\n\n\n\n<p><\/p>\n\n\n\n<p><\/p>","protected":false},"excerpt":{"rendered":"<p class=\"\" data-start=\"218\" data-end=\"310\"><strong>Zinzino BalanceOil Tutti Frutti<\/strong> - tasakaalustatud <strong>Omega-3<\/strong> lisa lastele ja kogu perele. See on spetsiaalselt lastele kohandatud maitsev toidulisand, millel puudub kalane j\u00e4relmaitse. V\u00e4rske, puuviljane koostis soodustab kerget tarbimist ja toetab olulisi kehafunktsioone, nagu immuunsus, n\u00e4gemine, ajutegevus ja luude areng. Koostatud kvaliteetse kala\u00f5liga (an\u0161oovis, sardiinid, makrell) ja ekstra neitsioliivi\u00f5liga, on see koostis rikastatud loodusliku D3-vitamiini ja tokoferoolidega, mis pakuvad t\u00e4iendavat antioks\u00fcdantide kaitset. Vanuse ja kehakaalu alusel antud annustamissoovitused tagavad individuaalse kohandamise igale pereliikmele.<\/p>\n<p><strong>Miks valida BalanceOil Tutti Frutti?<\/strong> \u2714\ufe0f Puuvilja maitse ilma kalal\u00f5hnata - mugav lastele.<br data-start=\"993\" data-end=\"996\" \/>\u2714\ufe0f Aitab toetada tervislikku kasvu ja arengut (oomega-3 ja D3-vitamiin).<br data-start=\"1068\" data-end=\"1071\" \/>\u2714\ufe0f Soodustab normaalset aju, immuuns\u00fcsteemi ja n\u00e4gemise funktsiooni.<br data-start=\"1136\" data-end=\"1139\" \/>\u2714\ufe0f Aitab tagada EPR, DHA ja Omega-6:3 \u00f5iget tasakaalu organismis.<br data-start=\"1208\" data-end=\"1211\" \/>\u2714\ufe0f Sobib kogu perele - alates lastest kuni t\u00e4iskasvanuteni.<strong> TOODE TARNITAKSE 5-10 T\u00d6\u00d6P\u00c4EVA JOOKSUL.<\/strong><\/p>","protected":false},"featured_media":33410,"comment_status":"open","ping_status":"closed","template":"","meta":{"_acf_changed":false},"product_brand":[464],"product_cat":[123,253,252,122,255],"product_tag":[],"class_list":{"0":"post-33397","1":"product","2":"type-product","3":"status-publish","4":"has-post-thumbnail","6":"product_brand-zinzino","7":"product_cat-papildai-ilgaamziskumui","8":"product_cat-imuniteto-palaikymas","9":"product_cat-imunitetui","10":"product_cat-lasteliu-jaunystei","11":"product_cat-oksidacinio-streso-mazinimas","13":"first","14":"instock","15":"shipping-taxable","16":"purchasable","17":"product-type-simple"},"acf":[],"tiered_pricing_type":"fixed","tiered_pricing_fixed_rules":[],"tiered_pricing_product_settings":{"layout":"default","base_unit_name":{"singular":null,"plural":null},"default_variation":null},"tiered_pricing_minimum_quantity":null,"tiered_pricing_roles_data":[],"tiered_pricing_percentage_rules":[],"_links":{"self":[{"href":"https:\/\/purama.lt\/ee\/wp-json\/wp\/v2\/product\/33397","targetHints":{"allow":["GET"]}}],"collection":[{"href":"https:\/\/purama.lt\/ee\/wp-json\/wp\/v2\/product"}],"about":[{"href":"https:\/\/purama.lt\/ee\/wp-json\/wp\/v2\/types\/product"}],"replies":[{"embeddable":true,"href":"https:\/\/purama.lt\/ee\/wp-json\/wp\/v2\/comments?post=33397"}],"wp:featuredmedia":[{"embeddable":true,"href":"https:\/\/purama.lt\/ee\/wp-json\/wp\/v2\/media\/33410"}],"wp:attachment":[{"href":"https:\/\/purama.lt\/ee\/wp-json\/wp\/v2\/media?parent=33397"}],"wp:term":[{"taxonomy":"product_brand","embeddable":true,"href":"https:\/\/purama.lt\/ee\/wp-json\/wp\/v2\/product_brand?post=33397"},{"taxonomy":"product_cat","embeddable":true,"href":"https:\/\/purama.lt\/ee\/wp-json\/wp\/v2\/product_cat?post=33397"},{"taxonomy":"product_tag","embeddable":true,"href":"https:\/\/purama.lt\/ee\/wp-json\/wp\/v2\/product_tag?post=33397"}],"curies":[{"name":"wp","href":"https:\/\/api.w.org\/{rel}","templated":true}]}}