{"id":33396,"date":"2025-03-28T07:18:22","date_gmt":"2025-03-28T07:18:22","guid":{"rendered":"https:\/\/purama.lt\/produktas\/zinzino-viva-maisto-papildas-streso-mazinimui\/"},"modified":"2026-03-02T16:08:53","modified_gmt":"2026-03-02T14:08:53","slug":"zinzino-viva-toidulisand-stressi-vahendamiseks","status":"publish","type":"product","link":"https:\/\/purama.lt\/ee\/produktas\/zinzino-viva-maisto-papildas-streso-mazinimui\/","title":{"rendered":"Zinzino Viva+ Toidulisand stressi v\u00e4hendamiseks"},"content":{"rendered":"<p><strong>Tarbimine:<\/strong><\/p>\n\n\n\n<p>4-aastased ja vanemad lapsed - 1-4 tabletti p\u00e4evas, 12-aastased ja vanemad lapsed ja t\u00e4iskasvanud - 1-8 tabletti p\u00e4evas. \u00c4rge \u00fcletage soovitatud annust. Toidulisand ei asenda mitmekesist ja tasakaalustatud toitumist.<\/p>\n\n\n\n<p><strong>Zinzino Viva+<\/strong> L\u00e4heb s\u00fcgavamale kui tavalised stressipreparaadid - see on loodud n\u00e4rvis\u00fcsteemi toetamiseks, meeleolu, keskendumisv\u00f5ime ja emotsionaalse tasakaalu parandamiseks, tuginedes kaasaegsetele neuroteaduse edusammudele.<\/p>\n\n\n\n<p>Sisaldab valemit <em>affron\u00ae<\/em> - on Hispaania safrani kvaliteetne ekstrakt, mis on standardiseeritud k\u00f5rge kontsentratsiooniga bioaktiivsete koostisosade: krotsiini ja safranaali poolest. Uuringud on n\u00e4idanud, et need ained v\u00f5ivad aidata kaasa neurotransmitterite aktiivsusele ja stimuleerida heaolu eest vastutavate ajuvalkude aktiivsust.<\/p>\n\n\n\n<p>Erinevalt enamikust safraniekstraktidest, <em>affron\u00ae<\/em> ei vaja kuumt\u00f6\u00f6tlust ega kiiritusravi, mis s\u00e4ilitab k\u00f5ik selle kasulikud omadused.<\/p>\n\n\n\n<p>Viva+ aitab koos C-vitamiini, magneesiumi ja joodiga:<br>- normaalse n\u00e4rvi- ja kognitiivse funktsiooni s\u00e4ilitamine<br>- v\u00e4hendada v\u00e4simust ja unisust<br>- parandada ps\u00fchholoogilist heaolu ja vastupanuv\u00f5imet igap\u00e4evase stressi suhtes<\/p>\n\n\n\n<p>Viva+ on loomulik ja t\u00f5hus valik parema heaolu, une ja emotsionaalse tasakaalu saavutamiseks.<\/p>\n\n\n\n<p><strong>Koostisained:<\/strong> T\u00e4itematerjal (\u017eelatiinjas maisit\u00e4rklis, beetats\u00fcklodekstriin maniokist), meremagneesium, C-vitamiin (Malpighia glabra'st), safraniekstrakt (<em>Crocus sativus<\/em>), viskoossuse regulaatorid (steariinhape, riisikoore ekstrakt, riisikontsentraat), B-vitamiinid (tatra idudest), kaaliumjodiid.<\/p>\n\n\n\n<p><strong>Toitev\u00e4\u00e4rtus (2 tabletti):<\/strong> C-vitamiin - 12 mg (15 % RMV), jood - 23 \u00b5g (15 % RMV), magneesium - 56 mg (15 % RMV), safraniekstrakt - 28 mg.<\/p>","protected":false},"excerpt":{"rendered":"<p><strong>Zinzino Viva+ stressi leevendamiseks<\/strong> - on t\u00e4iesti loomulik toidulisand, mis aitab v\u00f5idelda <strong>leevendavad igap\u00e4evast stressi, parandavad meeleolu, toetavad n\u00e4rvis\u00fcsteemi t\u00f6\u00f6d ja soodustavad rahulikku magamist.<\/strong>. Ainulaadne valem, mis on v\u00e4lja t\u00f6\u00f6tatud patenteeritud safraniekstraktist <em data-start=\"496\" data-end=\"505\">affron\u00ae<\/em>, B-vitamiinid tatrast, magneesium merevees, jood ja looduslik C-vitamiin malpighia'st.<\/p>\n<p><strong data-start=\"607\" data-end=\"637\">Miks valida Zinzino Viva+?<\/strong><\/p>\n<p>\u2714\ufe0f Aitab teil looduslikult l\u00f5\u00f5gastuda ja paremini magada.<br data-start=\"697\" data-end=\"700\" \/>\u2714\ufe0f Parandab keskendumisv\u00f5imet, m\u00e4lu ja m\u00f5tlemist<br data-start=\"743\" data-end=\"746\" \/>\u2714\ufe0f Aitab v\u00e4hendada vaimset v\u00e4simust ja unisust.<br data-start=\"797\" data-end=\"800\" \/>\u2714\ufe0f Hoiab sind iga p\u00e4ev heas tujus<br data-start=\"832\" data-end=\"835\" \/>\u2714\ufe0f Soodustab normaalset n\u00e4rvi- ja kognitiivset funktsiooni.<br data-start=\"881\" data-end=\"884\" data-is-only-node=\"\" \/>\u2714\ufe0f Sobib nii t\u00e4iskasvanutele kui ka lastele alates 4. eluaastast L\u00c4HETUS TULETATAKSE 5-10 T\u00d6\u00d6P\u00c4EVA JOOKSUL.<\/p>","protected":false},"featured_media":33404,"comment_status":"open","ping_status":"closed","template":"","meta":{"_acf_changed":false},"product_brand":[464],"product_cat":[123,122,271,270,269],"product_tag":[],"class_list":{"0":"post-33396","1":"product","2":"type-product","3":"status-publish","4":"has-post-thumbnail","6":"product_brand-zinzino","7":"product_cat-papildai-ilgaamziskumui","8":"product_cat-lasteliu-jaunystei","9":"product_cat-miego-kokybe","10":"product_cat-streso-mazinimas","11":"product_cat-stresui-ir-miegui","13":"first","14":"instock","15":"shipping-taxable","16":"purchasable","17":"product-type-simple"},"acf":[],"tiered_pricing_type":"fixed","tiered_pricing_fixed_rules":[],"tiered_pricing_product_settings":{"layout":"default","base_unit_name":{"singular":null,"plural":null},"default_variation":null},"tiered_pricing_minimum_quantity":null,"tiered_pricing_roles_data":[],"tiered_pricing_percentage_rules":[],"_links":{"self":[{"href":"https:\/\/purama.lt\/ee\/wp-json\/wp\/v2\/product\/33396","targetHints":{"allow":["GET"]}}],"collection":[{"href":"https:\/\/purama.lt\/ee\/wp-json\/wp\/v2\/product"}],"about":[{"href":"https:\/\/purama.lt\/ee\/wp-json\/wp\/v2\/types\/product"}],"replies":[{"embeddable":true,"href":"https:\/\/purama.lt\/ee\/wp-json\/wp\/v2\/comments?post=33396"}],"wp:featuredmedia":[{"embeddable":true,"href":"https:\/\/purama.lt\/ee\/wp-json\/wp\/v2\/media\/33404"}],"wp:attachment":[{"href":"https:\/\/purama.lt\/ee\/wp-json\/wp\/v2\/media?parent=33396"}],"wp:term":[{"taxonomy":"product_brand","embeddable":true,"href":"https:\/\/purama.lt\/ee\/wp-json\/wp\/v2\/product_brand?post=33396"},{"taxonomy":"product_cat","embeddable":true,"href":"https:\/\/purama.lt\/ee\/wp-json\/wp\/v2\/product_cat?post=33396"},{"taxonomy":"product_tag","embeddable":true,"href":"https:\/\/purama.lt\/ee\/wp-json\/wp\/v2\/product_tag?post=33396"}],"curies":[{"name":"wp","href":"https:\/\/api.w.org\/{rel}","templated":true}]}}