{"id":33394,"date":"2025-03-28T07:18:21","date_gmt":"2025-03-28T07:18:21","guid":{"rendered":"https:\/\/purama.lt\/produktas\/zinzino-xtend-maisto-papildas-imunitetui\/"},"modified":"2025-11-12T15:18:18","modified_gmt":"2025-11-12T13:18:18","slug":"zinzin-xtend-toidulisand-immuunsusele","status":"publish","type":"product","link":"https:\/\/purama.lt\/ee\/produktas\/zinzino-xtend-maisto-papildas-imunitetui\/","title":{"rendered":"Zinzin Xtend Toidulisand immuunsusele"},"content":{"rendered":"<p><strong>Tarbimine:<\/strong><\/p>\n\n\n\n<p>Lapsed ja \u00fcle 12-aastased t\u00e4iskasvanud - 2-4 tabletti p\u00e4evas koos toiduga. \u00c4rge \u00fcletage soovitatud annust. Toidulisand ei asenda mitmekesist ja tasakaalustatud toitumist.<\/p>\n\n\n\n<p><strong>Zinzino Xtend - igak\u00fclgne mikrotoitainete toetus teie organismile<\/strong><br>Xtend annab energiat, toetab luu-, liigese- ja lihastegevust ning tugevdab immuuns\u00fcsteemi. Valem sisaldab B-vitamiine, D-, C-, K-vitamiini, magneesiumi, tsinki, mangaani ja joodi - aineid, mis aitavad s\u00e4ilitada normaalset energia ainevahetust ja luustruktuuri.<\/p>\n\n\n\n<p>Xtend on samuti rikastatud patenteeritud pagarip\u00e4rmist saadud 1,3\/1,6 beetagl\u00fckaanidega - kliiniliselt t\u00f5estatud, et need tugevdavad immuuns\u00fcsteemi.<\/p>\n\n\n\n<p>Lisaks vitamiinidele ja mineraalidele sisaldab Xtend looduslikke karotenoide, ksantof\u00fclle ja pol\u00fcfenoole puuviljadest, k\u00f6\u00f6giviljadest ja v\u00fcrtsidest. Et saada sama kogus toitaineid toidust, tuleks p\u00e4evas tarbida \u00fcle 3000 kcal k\u00f5rge toitev\u00e4\u00e4rtusega tooteid.<\/p>\n\n\n\n<p>Xtend on t\u00e4iuslik t\u00e4iendus BalanceOil'ile, aidates anda organismile vajalikke mikrotoitaineid.<\/p>\n\n\n\n<p><strong>Koostisosad : <\/strong>Mikrokristalliline tselluloos, oliivilehtede ekstrakt, magneesiumoksiid, merevetikapulber, p\u00e4rmi beetagl\u00fckaanid, kurkumajuure ekstrakt, C-vitamiin (L-askorbiinhape), tsink, raud, mangaan, vask ja kroom bisgl\u00fctsinaadid, brokoli, rohelise tee, tomati ja seeniuse ekstraktid (luteiini ja zeaksantiiniga), vitamiinid D3, B12, B6, B1, B2, E, K1, A, biotiin, niatsiin, foolhape, pantoteenhape, ubikinoon (CoQ10), seleen, jood, mol\u00fcbdeen, beetakaroteen Dunaliella salina'st.<\/p>","protected":false},"excerpt":{"rendered":"<p><strong>Zinzino Xtend<\/strong> - T\u00e4iustatud toidulisand immuuns\u00fcsteemi ja rakkude kaitseks. See on eksklusiivne toode, mis on loodud organismi t\u00e4ielikuks toetamiseks, kombineerides 23 olulist vitamiini ja mineraali looduslike taime\u00fchenditega. Koostises olevad t\u00e4iustatud 1-3, 1-6 beetagl\u00fckaanid, mis on ekstraheeritud pagarip\u00e4rjast, aitavad kaitsta rakke, toetavad kudede regenereerimist ja tugevdavad immuuns\u00fcsteemi. <\/p>\n<p><strong data-start=\"725\" data-end=\"755\">Miks valida Xtend?<br \/><\/strong> \u2714\ufe0f Rohkem energiat ja v\u00e4hem v\u00e4simust<br data-start=\"798\" data-end=\"801\" \/>\u2714\ufe0f Toetab immuuns\u00fcsteemi normaalset toimimist<br data-start=\"845\" data-end=\"848\" \/>\u2714\ufe0f Soodustab luude, liigeste ja kudede tugevdamist.<br data-start=\"895\" data-end=\"898\" \/>\u2714\ufe0f Laia spektriga vitamiinid, mineraalid ja taime\u00fchendid \u00fches preparaadis.<\/p>\n<p><strong>TOODE TARNITAKSE 5-10 T\u00d6\u00d6P\u00c4EVA JOOKSUL.<\/strong><\/p>","protected":false},"featured_media":33407,"comment_status":"open","ping_status":"closed","template":"","meta":{"_acf_changed":false},"product_brand":[464],"product_cat":[123,253,252,122,255],"product_tag":[],"class_list":{"0":"post-33394","1":"product","2":"type-product","3":"status-publish","4":"has-post-thumbnail","6":"product_brand-zinzino","7":"product_cat-papildai-ilgaamziskumui","8":"product_cat-imuniteto-palaikymas","9":"product_cat-imunitetui","10":"product_cat-lasteliu-jaunystei","11":"product_cat-oksidacinio-streso-mazinimas","13":"first","14":"instock","15":"shipping-taxable","16":"purchasable","17":"product-type-simple"},"acf":[],"tiered_pricing_type":"fixed","tiered_pricing_fixed_rules":[],"tiered_pricing_product_settings":{"layout":"default","base_unit_name":{"singular":null,"plural":null},"default_variation":null},"tiered_pricing_minimum_quantity":null,"tiered_pricing_roles_data":[],"tiered_pricing_percentage_rules":[],"_links":{"self":[{"href":"https:\/\/purama.lt\/ee\/wp-json\/wp\/v2\/product\/33394","targetHints":{"allow":["GET"]}}],"collection":[{"href":"https:\/\/purama.lt\/ee\/wp-json\/wp\/v2\/product"}],"about":[{"href":"https:\/\/purama.lt\/ee\/wp-json\/wp\/v2\/types\/product"}],"replies":[{"embeddable":true,"href":"https:\/\/purama.lt\/ee\/wp-json\/wp\/v2\/comments?post=33394"}],"wp:featuredmedia":[{"embeddable":true,"href":"https:\/\/purama.lt\/ee\/wp-json\/wp\/v2\/media\/33407"}],"wp:attachment":[{"href":"https:\/\/purama.lt\/ee\/wp-json\/wp\/v2\/media?parent=33394"}],"wp:term":[{"taxonomy":"product_brand","embeddable":true,"href":"https:\/\/purama.lt\/ee\/wp-json\/wp\/v2\/product_brand?post=33394"},{"taxonomy":"product_cat","embeddable":true,"href":"https:\/\/purama.lt\/ee\/wp-json\/wp\/v2\/product_cat?post=33394"},{"taxonomy":"product_tag","embeddable":true,"href":"https:\/\/purama.lt\/ee\/wp-json\/wp\/v2\/product_tag?post=33394"}],"curies":[{"name":"wp","href":"https:\/\/api.w.org\/{rel}","templated":true}]}}