{"id":33393,"date":"2025-03-28T07:18:21","date_gmt":"2025-03-28T07:18:21","guid":{"rendered":"https:\/\/purama.lt\/produktas\/zinzino-energinis-batonelis-energy-bar-nut-seed\/"},"modified":"2026-03-02T16:07:58","modified_gmt":"2026-03-02T14:07:58","slug":"zinzino-energiabatoon-energiabatoon-pahkli-seemned","status":"publish","type":"product","link":"https:\/\/purama.lt\/ee\/produktas\/zinzino-energinis-batonelis-energy-bar-nut-seed\/","title":{"rendered":"Zinzino Energy Bar Nut &amp; Seed"},"content":{"rendered":"<p><strong>Mandlid<\/strong> - V\u00e4ga toitev p\u00e4hkel, mis sisaldab palju E-vitamiini, magneesiumi, mangaani ja antioks\u00fcdante. See on ka loodusliku rasva, kiudainete ja suhkru allikas, mis s\u00e4ilitab energia ja k\u00fcllastuse.<br><strong>Kuup\u00e4evad<\/strong> - Looduslik energiaallikas, mis sisaldab rohkelt rauda, kaaliumi, A-vitamiini ja lahustuvaid kiudaineid. Taastab kiiresti ja toetab seedimist.<br><strong>K\u00f5rvitsaseemned<\/strong> - Rikkalikult tsinki, rauda, magneesiumi ja oomega-rasvu. Antioks\u00fcdantsed omadused ja aitab tugevdada immuunsust.<br><strong>Seesamiseemned<\/strong> - Toitev, sisaldab rohkelt valku, kiudaineid, tervislikke rasvu, kaltsiumi, rauda ja B-vitamiine.<br><strong>Boliivia tuviherned (kinoa)<\/strong> - Taimne valguallikas, mis sisaldab k\u00f5iki olulisi aminohappeid. Rikkalikult kiudaineid, mineraalaineid ja E-vitamiini.<br><strong>Chia seemned<\/strong> - Supertoit, mis sisaldab rohkelt oomega-3-rasvhappeid, kiudaineid, valke ja vitamiine. Toetab seedimist ja tagab p\u00fcsiva k\u00fcllastumise.<br><strong>Inuliin<\/strong> - Sigurijuurtest saadav lahustuv kiudaine toetab tervislikku mikrobiootat ja ei m\u00f5juta veresuhkru taset.<br><br><strong>Koostisained:<\/strong> Mandlid (26,2 %)<em>, datlid, isomalto-oligosahhariidid**, seesamiseemned (6,3 %)<\/em>, Boliivia tuviherne*, niisutav aine (gl\u00fctserool), k\u00f5rvitsaseemned (5,6 %)<em>, inuliin, chia seemned (4,2 %)<\/em>, oliivi\u00f5li.<\/p>\n\n\n\n<p><strong>Toitev\u00e4\u00e4rtus:<\/strong>(100 g \/ 40 g): Energia - 1718 kJ \/ 414 kcal | 687 kJ \/ 166 kcal, Rasv - 22,8 g | 9,1 g, millest k\u00fcllastunud - 2,6 g | 1,1 g, S\u00fcsivesikud - 33,0 g | 13,2 g, millest suhkrud - 19,8 g | 7,9 g, Kiudained - 22,8 g | 9,1 g, Valgud - 10,4 g | 4,2 g, Sool - 0,04 g | 0,02 g.<\/p>","protected":false},"excerpt":{"rendered":"<p class=\"\" data-start=\"89\" data-end=\"431\"><strong>Zinzino energiabatoon<\/strong> - on tervislik, toitev ja maitsev kompromissitu suupiste, mis on valmistatud hoolikalt valitud taimse p\u00e4ritoluga koostisosadest. Mandlid, magusad datlid ja energiat andvad seemned - chia, boliivia tuvi, k\u00f5rvits ja seesam - annavad organismile v\u00e4\u00e4rtuslikke toitaineid ja looduslikku magusust.<\/p>\n<p class=\"\" data-start=\"433\" data-end=\"669\">Iga baari peal on <strong>inuliini kiudained, mis toetavad sujuvat seedimist ja pikaajalist k\u00fcllastustunnet<\/strong>. Sobib ideaalselt enne v\u00f5i p\u00e4rast treeningut, liikvel olles v\u00f5i igal ajal, kui vajate kiiret ja looduslikku energiaallikat.<\/p>\n<p class=\"\" data-start=\"671\" data-end=\"888\">Ei ole lisatud suhkrut, ei ole GMO, sobib veganitele ja on t\u00e4nu WADA heakskiidule ohutu isegi profisportlastele. Zinzino baar on praktiline, tasakaalustatud ja usaldusv\u00e4\u00e4rne valik aktiivse elustiili jaoks.<\/p>\n<p data-start=\"671\" data-end=\"888\"><strong data-start=\"904\" data-end=\"928\">Miks valida?<\/strong><br data-start=\"928\" data-end=\"931\" \/>\u2714\ufe0f Looduslik ja kauakestev energiaallikas.<br data-start=\"982\" data-end=\"985\" \/>\u2714\ufe0f Isegi 10 g kiudaineid hea seedimise ja soolestiku tervise tagamiseks.<br data-start=\"1056\" data-end=\"1059\" \/>\u2714\ufe0f Ei ole lisatud suhkrut - ainult looduslikult esinev magusus.<br data-start=\"1119\" data-end=\"1122\" \/>\u2714\ufe0f Ainult taimsed koostisosad - sobib veganitele.<br data-start=\"1169\" data-end=\"1172\" \/>\u2714\ufe0f GMO- ja pestitsiidivaba - ainult usaldusv\u00e4\u00e4rsed allikad.<br data-start=\"1219\" data-end=\"1222\" \/>\u2714\ufe0f WADA heakskiit - ohutu profispordi jaoks.<\/p>\n<p><strong>TOODE TARNITAKSE 5-10 T\u00d6\u00d6P\u00c4EVA JOOKSUL.<\/strong><\/p>","protected":false},"featured_media":33403,"comment_status":"open","ping_status":"closed","template":"","meta":{"_acf_changed":false},"product_brand":[464],"product_cat":[60,297],"product_tag":[],"class_list":{"0":"post-33393","1":"product","2":"type-product","3":"status-publish","4":"has-post-thumbnail","6":"product_brand-zinzino","7":"product_cat-mitybai","8":"product_cat-baltyminiai-batoneliai","10":"first","11":"instock","12":"shipping-taxable","13":"purchasable","14":"product-type-simple"},"acf":[],"tiered_pricing_type":"fixed","tiered_pricing_fixed_rules":[],"tiered_pricing_product_settings":{"layout":"default","base_unit_name":{"singular":null,"plural":null},"default_variation":null},"tiered_pricing_minimum_quantity":null,"tiered_pricing_roles_data":[],"tiered_pricing_percentage_rules":[],"_links":{"self":[{"href":"https:\/\/purama.lt\/ee\/wp-json\/wp\/v2\/product\/33393","targetHints":{"allow":["GET"]}}],"collection":[{"href":"https:\/\/purama.lt\/ee\/wp-json\/wp\/v2\/product"}],"about":[{"href":"https:\/\/purama.lt\/ee\/wp-json\/wp\/v2\/types\/product"}],"replies":[{"embeddable":true,"href":"https:\/\/purama.lt\/ee\/wp-json\/wp\/v2\/comments?post=33393"}],"wp:featuredmedia":[{"embeddable":true,"href":"https:\/\/purama.lt\/ee\/wp-json\/wp\/v2\/media\/33403"}],"wp:attachment":[{"href":"https:\/\/purama.lt\/ee\/wp-json\/wp\/v2\/media?parent=33393"}],"wp:term":[{"taxonomy":"product_brand","embeddable":true,"href":"https:\/\/purama.lt\/ee\/wp-json\/wp\/v2\/product_brand?post=33393"},{"taxonomy":"product_cat","embeddable":true,"href":"https:\/\/purama.lt\/ee\/wp-json\/wp\/v2\/product_cat?post=33393"},{"taxonomy":"product_tag","embeddable":true,"href":"https:\/\/purama.lt\/ee\/wp-json\/wp\/v2\/product_tag?post=33393"}],"curies":[{"name":"wp","href":"https:\/\/api.w.org\/{rel}","templated":true}]}}