{"id":33391,"date":"2025-03-28T07:18:21","date_gmt":"2025-03-28T07:18:21","guid":{"rendered":"https:\/\/purama.lt\/produktas\/zinzino-leanshake-vanilinio-skonio-kokteilis\/"},"modified":"2026-03-02T16:07:32","modified_gmt":"2026-03-02T14:07:32","slug":"zinzino-leanshake-vanilje-smuuti","status":"publish","type":"product","link":"https:\/\/purama.lt\/ee\/produktas\/zinzino-leanshake-vanilinio-skonio-kokteilis\/","title":{"rendered":"Zinzino LeanShake vanilje smuuti"},"content":{"rendered":"<p><strong>Kuidas kasutada:<\/strong><br>Enne kasutamist raputage pakendit kergelt mitu korda. Segage 60 g pulbrit (2 m\u00f5\u00f5telusikat\u00e4it) 200-250 ml veega v\u00f5i 30 g 250 ml piima v\u00f5i taimse piimaga. Vispelda blenderis paar sekundit ja naudi.<\/p>\n\n\n\n<p><strong>Soovitused kasutamiseks:<\/strong><br>- <strong>Kehakaalu langetamiseks:<\/strong> Asendage p\u00e4eva kolmest p\u00f5hitoidukorrast kaks LeanShake'iga ja valige kolmandaks t\u00e4ielik, tasakaalustatud s\u00f6\u00f6gikord.<br>- <strong>Kaalu s\u00e4ilitamiseks:<\/strong> Asendage 1 s\u00f6\u00f6gikord LeanShake'iga ja \u00fclej\u00e4\u00e4nud 2 s\u00f6\u00f6gikorda t\u00e4isv\u00e4\u00e4rtusliku toiduga. See aitab teil s\u00e4ilitada oma kaalu p\u00e4rast kaalulangust.<\/p>\n\n\n\n<p>Toodet tuleks tarbida osana piiratud energiasisaldusega dieedist, mis on koosk\u00f5las tervisliku toitumise ja aktiivse eluviisi p\u00f5him\u00f5tetega. Oluline on tarbida piisavalt vedelikku ja j\u00e4rgida tarbimissoovitusi.<\/p>\n\n\n\n<p><strong>Kvaliteet + s\u00fcnergia = tulemused<\/strong><br>LeanShake sisaldab kvaliteetset valku, kiudaineid, rasvhappeid, vitamiine ja mineraalaineid, mis tagavad t\u00f5husa kehakaalu kontrolli, lihaste s\u00e4ilitamise ja soolestiku tervise.<\/p>\n\n\n\n<p><strong>Aitab kontrollida kaalu<\/strong><br>LeanShake on toidukorra asendaja, mis on m\u00f5eldud \u00fche v\u00f5i mitme toidukorra asendamiseks p\u00e4evas, et v\u00e4hendada v\u00f5i s\u00e4ilitada kehakaalu. See sisaldab rohkelt valku, viit liiki kiudaineid, v\u00e4\u00e4rtuslikke rasvhappeid ning 25 vitamiini ja mineraalaineid. See tasakaalustatud segu pakub k\u00f5iki vajalikke toitaineid v\u00e4hemate kaloritega kui tavaline s\u00f6\u00f6k.<\/p>\n\n\n\n<p><strong>Lihaste s\u00e4ilitamine ja kasv<\/strong><br>Taimsed valgud aitavad ehitada lihasmassi, eriti treeningu ajal. LeanShake sobib t\u00e4iendavaks toitev\u00e4\u00e4rtuslikuks s\u00f6\u00f6giks enne v\u00f5i p\u00e4rast treeningut. Koostises olevad vitamiinid ja mineraalained pakuvad ka lisah\u00fcvesid, mis toetavad normaalset lihastegevust.<\/p>\n\n\n\n<p><strong>Soolestiku mikrofloora tasakaal<\/strong><br>LeanShake on rikastatud ZinoBiotic kiudaineseguga, mis soodustab heade bakterite kasvu k\u00f5ikides j\u00e4mesoole osades. Need bakterid toetavad seedimise, k\u00e4\u00e4ritamise, immuuns\u00fcsteemi ja vitamiinide s\u00fcnteesi protsesse. Tasakaalustatud soolestik on tervisliku heaolu oluline alus.<\/p>\n\n\n\n<p><strong>Koostisained:<\/strong> Orgaaniline hernevalgu isolaat, kaeravalgud, kookosesuhkru pulber, linaseemne\u00f5li, MCT-\u00f5li, spinati- ja lehtkapsapulber, seedimisresistentne t\u00e4rklis, ZinoBiotic kiudainesegu (plantaani koor, beetagl\u00fckaanid, inuliin), Boliivia tuviherne, mee, ananassi (bromelaiin) ja papaia (papaiin) ekstraktid, A-, B-, C-, D-, E- ja K-vitamiinid, mineraalid (kaltsium, magneesium, raud, tsink, mangaan, vask, jood, seleen, kroom, mol\u00fcbdeen), looduslik vanillimaitse, magusaine (stevia gl\u00fckosiid).<\/p>\n\n\n\n<p><strong>Toitev\u00e4\u00e4rtus (100 g \/ 60 g kohta):<\/strong> energia - 371 kcal \/ 223 kcal, valk - 27 g \/ 16 g, s\u00fcsivesikud - 39 g \/ 23 g (sellest suhkrud - 12 g \/ 7 g), rasv - 10 g \/ 6 g (k\u00fcllastunud - 3 g \/ 2 g, linoleenhape - 3 g \/ 1,5 g, alfa-linoleenhape - 1 g \/ 0,5 g), kiudained - 12 g \/ 7 g, sool - 1,3 g \/ 0,8 g; A-vitamiin - 587 \u00b5g \/ 352 \u00b5g, D - 4 \u00b5g \/ 2,2 \u00b5g, C - 51 mg \/ 30,8 mg, E - 9 mg \/ 5,3 mg, B1 - 1 mg \/ 0,5 mg, B2 - 1 mg \/ 0,6 mg, B3 - 12 mg \/ 7 mg, B5 - 3 mg \/ 1,8 mg, B6 - 1 mg \/ 0,6 mg, B7 - 15 \u00b5g \/ 8,8 \u00b5g, foolhape - 147 \u00b5g \/ 88 \u00b5g, B12 - 1 \u00b5g \/ 0,9 \u00b5g; kaltsium - 587 mg \/ 352 mg, fosfor - 513 mg \/ 308 mg, magneesium - 147 mg \/ 88 mg, raud - 10 mg \/ 6,2 mg, tsink - 7 mg \/ 4,4 mg, vask - 1 mg \/ 0,4 mg, jood - 110 \u00b5g \/ 66 \u00b5g, mangaan - 1 mg \/ 0,5 mg, kroom - 29 \u00b5g \/ 18 \u00b5g, seleen - 40 \u00b5g \/ 24 \u00b5g, naatrium - 533 mg \/ 320 mg, kaalium - 1507 mg \/ 452 mg, mol\u00fcbdeen - 37 \u00b5g \/ 22 \u00b5g.<\/p>","protected":false},"excerpt":{"rendered":"<p class=\"\" data-start=\"65\" data-end=\"312\"><strong>Zinzino LeanShake vanilje smuuti<\/strong>kehakaalu kontrollimiseks. See on maitsev ja tasakaalustatud toidukorra asendaja,<strong> M\u00f5eldud selleks, et aidata v\u00e4hendada kaalu, edendada rasvap\u00f5letust, s\u00e4ilitada lihasmassi ja tasakaalustada soolestiku mikrofloorat.<\/strong>. Valem sisaldab rohkelt taimseid valke ja kiudaineid, samuti 25 vitamiini, mineraalaineid ja muid olulisi toitaineid, et tagada organismi t\u00e4ielik toitumine. See on gluteeni- ja sojavaba ning kasutab ainult looduslikku p\u00e4ritolu magusaineid ja maitseaineid. LeanShake'i gl\u00fckeemiline indeks ja gl\u00fckeemiline koormus on \u00fclimadalad, aidates s\u00e4ilitada stabiilse energia- ja veresuhkru taseme kogu p\u00e4eva jooksul.<\/p>\n<p data-start=\"65\" data-end=\"312\"><strong data-start=\"56\" data-end=\"90\">Miks valida LeanShake?<\/strong><br data-start=\"90\" data-end=\"93\" \/>\u2714\ufe0f Aitab teil kaotada kaalu ja p\u00f5letada rasva<br data-start=\"136\" data-end=\"139\" \/>\u2714\ufe0f Toetab lihaste kasvu ja soolestiku mikrofloorat.<br data-start=\"186\" data-end=\"189\" \/>\u2714\ufe0f Sobib taimetoitlastele, gluteeni- ja sojavaba.<br data-start=\"228\" data-end=\"231\" \/>\u2714\ufe0f Madal gl\u00fckeemiline indeks ja koormus<br data-start=\"270\" data-end=\"273\" \/>\u2714\ufe0f K\u00f5rge taimsete valkude ja kiudainete sisaldus<br data-start=\"320\" data-end=\"323\" \/>\u2714\ufe0f Ainult 223 kcal portsjoni kohta<br data-start=\"348\" data-end=\"351\" \/>\u2714\ufe0f Sisaldab spinati ja lehtkapsapulbrit.<br data-start=\"401\" data-end=\"404\" \/>\u2714\ufe0f 25 vitamiini ja mineraali allikas.<br data-start=\"439\" data-end=\"442\" \/>\u2714\ufe0f Ainult looduslikud magusained ja l\u00f5hna- ja maitseained<\/p>\n<p><strong> TOODE TARNITAKSE 5-10 T\u00d6\u00d6P\u00c4EVA JOOKSUL.<\/strong><\/p>","protected":false},"featured_media":33402,"comment_status":"open","ping_status":"closed","template":"","meta":{"_acf_changed":false},"product_brand":[464],"product_cat":[60,296],"product_tag":[],"class_list":{"0":"post-33391","1":"product","2":"type-product","3":"status-publish","4":"has-post-thumbnail","6":"product_brand-zinzino","7":"product_cat-mitybai","8":"product_cat-baltyminiai-kokteiliai","10":"first","11":"instock","12":"shipping-taxable","13":"purchasable","14":"product-type-simple"},"acf":[],"tiered_pricing_type":"fixed","tiered_pricing_fixed_rules":[],"tiered_pricing_product_settings":{"layout":"default","base_unit_name":{"singular":null,"plural":null},"default_variation":null},"tiered_pricing_minimum_quantity":null,"tiered_pricing_roles_data":[],"tiered_pricing_percentage_rules":[],"_links":{"self":[{"href":"https:\/\/purama.lt\/ee\/wp-json\/wp\/v2\/product\/33391","targetHints":{"allow":["GET"]}}],"collection":[{"href":"https:\/\/purama.lt\/ee\/wp-json\/wp\/v2\/product"}],"about":[{"href":"https:\/\/purama.lt\/ee\/wp-json\/wp\/v2\/types\/product"}],"replies":[{"embeddable":true,"href":"https:\/\/purama.lt\/ee\/wp-json\/wp\/v2\/comments?post=33391"}],"wp:featuredmedia":[{"embeddable":true,"href":"https:\/\/purama.lt\/ee\/wp-json\/wp\/v2\/media\/33402"}],"wp:attachment":[{"href":"https:\/\/purama.lt\/ee\/wp-json\/wp\/v2\/media?parent=33391"}],"wp:term":[{"taxonomy":"product_brand","embeddable":true,"href":"https:\/\/purama.lt\/ee\/wp-json\/wp\/v2\/product_brand?post=33391"},{"taxonomy":"product_cat","embeddable":true,"href":"https:\/\/purama.lt\/ee\/wp-json\/wp\/v2\/product_cat?post=33391"},{"taxonomy":"product_tag","embeddable":true,"href":"https:\/\/purama.lt\/ee\/wp-json\/wp\/v2\/product_tag?post=33391"}],"curies":[{"name":"wp","href":"https:\/\/api.w.org\/{rel}","templated":true}]}}