{"id":33388,"date":"2025-03-28T07:18:20","date_gmt":"2025-03-28T07:18:20","guid":{"rendered":"https:\/\/purama.lt\/produktas\/zinzino-zinobiotic-maistiniu-skaidulu-misinys\/"},"modified":"2026-03-02T15:41:24","modified_gmt":"2026-03-02T13:41:24","slug":"zinzin-zinobiootiline-kiudainesegu","status":"publish","type":"product","link":"https:\/\/purama.lt\/ee\/produktas\/zinzino-zinobiotic-maistiniu-skaidulu-misinys\/","title":{"rendered":"Zinzino Zinobiotic+ Toidukiudude segu"},"content":{"rendered":"<p><strong>Kuidas kasutada:<\/strong><br>Soovitatav p\u00e4evane annus on 12 g (2 m\u00f5\u00f5telusikat\u00e4it). Segage pulber 200 ml veega blenderis v\u00f5i lisage see teie valitud joogile, n\u00e4iteks LeanShake'ile v\u00f5i puuviljasmuutile. \u00c4rge \u00fcletage p\u00e4evast kogust. Toidulisandid ei asenda tasakaalustatud ja mitmekesist toitumist.<\/p>\n\n\n\n<p><strong>ZinoBiotic+ - t\u00e4iustatud kiudainekompleks soolestiku tervisele<\/strong><br>ZinoBiotic+ sisaldab koguni 8 t\u00fc\u00fcpi looduslikku p\u00e4ritolu kiudaineid, mis j\u00f5uavad j\u00e4mesoolde ja toetavad selle t\u00e4ielikku toimimist. Erinevalt enamikust toodetest, mis sisaldavad ainult \u00fchte v\u00f5i kahte liiki kiudaineid, pakub see kompleks laiemat m\u00f5ju, alates mikrobioomi tasakaalust kuni seedeelundite parema tervisliku seisundini.<\/p>\n\n\n\n<p>Kiudained soodustavad heade bakterite kasvu, aitavad s\u00e4ilitada normaalset kolesteroolitaset, v\u00e4hendavad s\u00f6\u00f6gij\u00e4rgseid suhkru piike ja v\u00f5ivad aidata reguleerida s\u00f6\u00f6giisu. Kaeras sisalduvad beetagl\u00fckaanid - mis on gluteeni- ja saastevabad - toetavad ohutult s\u00fcdame- ja veresoonkonna tervist.<\/p>\n\n\n\n<p>Tootes ei ole abiaineid - ainult toimeained, mis toetavad t\u00f5husalt igap\u00e4evaselt soolestikku.<\/p>\n\n\n\n<p><strong>Koostisained:<\/strong> Resistentne t\u00e4rklis (maisist, kartulist, rohelisest banaanist), beetagl\u00fckaanid (kaerast, gluteenivaba), inuliin, frukto-oligosahhariidid (FOS), plantaani seemnekestad, oa paksendaja (nurgubade seemnetest).<\/p>\n\n\n\n<p><strong>Toitev\u00e4\u00e4rtus (2 lusikat\u00e4it \/ 12 g):<\/strong> Resistentne t\u00e4rklis - 4,9 g, beetagl\u00fckaanid - 1 g, inuliin - 1,8 g, FOS - 0,2 g, jahukoor - 0,5 g, oa paksendaja - 0,24 g.<\/p>","protected":false},"excerpt":{"rendered":"<p><strong>Zinzino ZinoBiotic+<\/strong> - T\u00e4iustatud 8 kiudainekompleks teie soolestikule. See on spetsiaalselt kokku pandud segu looduslikest kiudainetest, mis p\u00e4rinevad 8 allikast, et <strong>tervisliku seedes\u00fcsteemi s\u00e4ilitamine, mikrobioomi tasakaalustamine ja soolestiku funktsiooni parandamine.<\/strong>. Kiudained j\u00f5uavad j\u00e4mesoolde, kus kasulikud bakterid k\u00e4\u00e4ritavad neid, mis mitte ainult ei edenda soolestiku tervist, vaid aitab ka v\u00e4hendada s\u00f6\u00f6gij\u00e4rgseid suhkru piike ja s\u00e4ilitada normaalset kolesteroolitaset.<\/p>\n<p><strong data-start=\"603\" data-end=\"639\">Miks valida ZinoBiotic+?<\/strong><br data-start=\"639\" data-end=\"642\" \/>\u2714\ufe0f Sisaldab 8 looduslikku kiudaineid.<br data-start=\"686\" data-end=\"689\" \/>\u2714\ufe0f Toetab tasakaalustatud mikrobioomi ja soolestiku tervist.<br data-start=\"743\" data-end=\"746\" \/>\u2714\ufe0f V\u00e4hendab s\u00f6\u00f6gij\u00e4rgseid suhkru piike<br data-start=\"791\" data-end=\"794\" \/>\u2714\ufe0f Aitab s\u00e4ilitada normaalset kolesteroolitaset.<br data-start=\"841\" data-end=\"844\" \/>\u2714\ufe0f Sobib igap\u00e4evaseks kasutamiseks koos teiste Zinzin toidulisanditega.<\/p>\n<p><strong>TOODE TARNITAKSE 5-10 T\u00d6\u00d6P\u00c4EVA JOOKSUL.<\/strong><\/p>","protected":false},"featured_media":33409,"comment_status":"open","ping_status":"closed","template":"","meta":{"_acf_changed":false},"product_brand":[464],"product_cat":[123,261,260,262],"product_tag":[],"class_list":{"0":"post-33388","1":"product","2":"type-product","3":"status-publish","4":"has-post-thumbnail","6":"product_brand-zinzino","7":"product_cat-papildai-ilgaamziskumui","8":"product_cat-cukraus-balansas","9":"product_cat-energijai-ir-apykaitai","10":"product_cat-medziagu-apykaita","12":"first","13":"instock","14":"shipping-taxable","15":"purchasable","16":"product-type-simple"},"acf":[],"tiered_pricing_type":"fixed","tiered_pricing_fixed_rules":[],"tiered_pricing_product_settings":{"layout":"default","base_unit_name":{"singular":null,"plural":null},"default_variation":null},"tiered_pricing_minimum_quantity":null,"tiered_pricing_roles_data":[],"tiered_pricing_percentage_rules":[],"_links":{"self":[{"href":"https:\/\/purama.lt\/ee\/wp-json\/wp\/v2\/product\/33388","targetHints":{"allow":["GET"]}}],"collection":[{"href":"https:\/\/purama.lt\/ee\/wp-json\/wp\/v2\/product"}],"about":[{"href":"https:\/\/purama.lt\/ee\/wp-json\/wp\/v2\/types\/product"}],"replies":[{"embeddable":true,"href":"https:\/\/purama.lt\/ee\/wp-json\/wp\/v2\/comments?post=33388"}],"wp:featuredmedia":[{"embeddable":true,"href":"https:\/\/purama.lt\/ee\/wp-json\/wp\/v2\/media\/33409"}],"wp:attachment":[{"href":"https:\/\/purama.lt\/ee\/wp-json\/wp\/v2\/media?parent=33388"}],"wp:term":[{"taxonomy":"product_brand","embeddable":true,"href":"https:\/\/purama.lt\/ee\/wp-json\/wp\/v2\/product_brand?post=33388"},{"taxonomy":"product_cat","embeddable":true,"href":"https:\/\/purama.lt\/ee\/wp-json\/wp\/v2\/product_cat?post=33388"},{"taxonomy":"product_tag","embeddable":true,"href":"https:\/\/purama.lt\/ee\/wp-json\/wp\/v2\/product_tag?post=33388"}],"curies":[{"name":"wp","href":"https:\/\/api.w.org\/{rel}","templated":true}]}}