{"id":33387,"date":"2025-03-28T07:18:19","date_gmt":"2025-03-28T07:18:19","guid":{"rendered":"https:\/\/purama.lt\/produktas\/zinzino-balanceoil-aquax-omega-maisto-papildas\/"},"modified":"2026-03-02T15:31:42","modified_gmt":"2026-03-02T13:31:42","slug":"zinzin-balanceoil-aquax-omega-toidulisand","status":"publish","type":"product","link":"https:\/\/purama.lt\/ee\/produktas\/zinzino-balanceoil-aquax-omega-maisto-papildas\/","title":{"rendered":"Zinzin BalanceOil+ AquaX Omega toidulisand"},"content":{"rendered":"<p><strong>Tarbimine:<\/strong> <\/p>\n\n\n\n<p>Soovitatav \u00f6\u00f6p\u00e4evane annus on 0,15 ml 1 kg kehakaalu kohta (nt 50 kg - 7,5 ml, 80 kg - 12 ml). \u00c4rge \u00fcletage n\u00e4idatud annust. Toidulisand ei asenda mitmek\u00fclgset ja tasakaalustatud toitumist ning tervislikku eluviisi.<\/p>\n\n\n\n<p><strong>BalanceOil+ AquaX<\/strong> - on revolutsiooniline kala\u00f5li toidulisand, mille koostis on vees lahustuv. Kasutades looduslikke <em>Aquacelle<\/em> emulgaatoriga saab seda toidulisandit h\u00f5lpsasti segada vee v\u00f5i k\u00fclmade jookidega - kala\u00f5li maitse ja rasvasus on praktiliselt kadunud ja <strong>Omega-3<\/strong> imendumine on enamikul juhtudel paranenud.<\/p>\n\n\n\n<p>AquaX \u00fchendab k\u00f5rgekvaliteedilist kala\u00f5li ja pol\u00fcfenoolides rikkalikku ekstra neitsioliivi\u00f5li, et tugevdada <strong>Omega-3<\/strong> stabiilsust ja s\u00e4ilitavad tervisliku rasvhapete tasakaalu organismis. Regulaarne tarbimine aitab saavutada Omega-6:3 suhet alla 3:1, mis on heaoluks optimaalne tase.<\/p>\n\n\n\n<p>See sisaldab ka loomulikku D3-vitamiini lanoliinist, mis toetab immuuns\u00fcsteemi, luid, lihaseid ja hambaid. Lisatud tokoferoolid toimivad ohutute antioks\u00fcdantidena ja ei p\u00f5hjusta allergiat, kuna need on puhastatud sojavalgust.<\/p>\n\n\n\n<p><strong>BalanceOil+ AquaX<\/strong> - kui soovite, et k\u00f5ik <strong>Omega-3<\/strong> kasu ilma ebameeldiva maitseta.<\/p>\n\n\n\n<p><strong>Koostis:<\/strong> Kala\u00f5li (an\u0161oovis, sardiinid, makrell), k\u00fclmpressitud oliivi\u00f5li, emulgaatorid (rasvhapete mono- ja digl\u00fctseriidid, letsitiin), fraktsioneeritud kookos\u00f5li, kaera\u00f5li, tsitrusviljade \u00f5li, looduslikud l\u00f5hna- ja maitseained (sidrun), tokoferooli kontsentraadi ekstrakt (antioks\u00fcdandid), D3-vitamiin (kolekaltsiferool).<\/p>\n\n\n\n<p><strong>Toitev\u00e4\u00e4rtus (12 ml):<\/strong> Kala\u00f5li - 6627 mg (sellest Omega-3 - 2478 mg: EPA - 1283 mg, DHA - 683 mg), oliivi\u00f5li - 4092 mg (oleiinhape - 3069 mg, pol\u00fcfenoolid - 3,5 mg), D3-vitamiin - 20 \u03bcg (400 % RMV*). *RMV - viitetoitainete v\u00e4\u00e4rtus.<\/p>","protected":false},"excerpt":{"rendered":"<p class=\"\" data-start=\"240\" data-end=\"346\"><strong data-start=\"240\" data-end=\"346\">Zinzino BalanceOil+ AquaX<\/strong> - T\u00e4iustatud vees lahustuv Omega-3 valem, mis tagab parema imendumise ja maitse, on j\u00e4rgmise p\u00f5lvkonna toidulisand, mida eristab vees lahustuv vorm. Ainulaadne emulgaatoriga rikastatud koostis v\u00f5imaldab toidulisandit h\u00f5lpsasti segada mis tahes k\u00fclma joogiga, muutes selle v\u00f5tmise \u00e4\u00e4rmiselt mugavaks ja meeldiva maitsega. Paljude inimeste jaoks aitab see koostis saavutada Omega-3 t\u00f5husamat imendumist v\u00f5rreldes tavalise kala\u00f5liga.<\/p>\n<p><strong>Miks valida BalanceOil+ AquaX?<br \/><\/strong> \u2714\ufe0f Vees lahustuv koostis - seguneb kergesti vedelikega, ideaalne lahendus tundlikumale maitsele.<br data-start=\"1255\" data-end=\"1258\" \/>\u2714\ufe0f Parem omega-3 omastatavus - t\u00f5husam organismi toetus.<br data-start=\"1330\" data-end=\"1333\" \/>\u2714\ufe0f K\u00f5rge DHA sisaldus - toetab normaalset aju, n\u00e4gemise ja s\u00fcdame funktsiooni.<br data-start=\"1410\" data-end=\"1413\" \/>\u2714\ufe0f 20 \u00b5g looduslikku D3-vitamiini - oluline immuuns\u00fcsteemile, lihastele, luudele ja lapse kasvule.<br data-start=\"1513\" data-end=\"1516\" \/>\u2714\ufe0f S\u00e4ilitab normaalse verer\u00f5hu, kolesterooli ja trigl\u00fctseriidide taseme.<br data-start=\"1587\" data-end=\"1590\" \/>\u2714\ufe0f Tsitruse maitse ilma kalase j\u00e4relmaitseta - meeldiv tunne igap\u00e4evaseks tarbimiseks.<\/p>\n<p><strong>TOODE TARNITAKSE 5-10 T\u00d6\u00d6P\u00c4EVA JOOKSUL.<\/strong><\/p>","protected":false},"featured_media":33405,"comment_status":"open","ping_status":"closed","template":"","meta":{"_acf_changed":false},"product_brand":[464],"product_cat":[123,253,252,122,255],"product_tag":[],"class_list":{"0":"post-33387","1":"product","2":"type-product","3":"status-publish","4":"has-post-thumbnail","6":"product_brand-zinzino","7":"product_cat-papildai-ilgaamziskumui","8":"product_cat-imuniteto-palaikymas","9":"product_cat-imunitetui","10":"product_cat-lasteliu-jaunystei","11":"product_cat-oksidacinio-streso-mazinimas","13":"first","14":"instock","15":"shipping-taxable","16":"purchasable","17":"product-type-simple"},"acf":[],"tiered_pricing_type":"fixed","tiered_pricing_fixed_rules":[],"tiered_pricing_product_settings":{"layout":"default","base_unit_name":{"singular":null,"plural":null},"default_variation":null},"tiered_pricing_minimum_quantity":null,"tiered_pricing_roles_data":[],"tiered_pricing_percentage_rules":[],"_links":{"self":[{"href":"https:\/\/purama.lt\/ee\/wp-json\/wp\/v2\/product\/33387","targetHints":{"allow":["GET"]}}],"collection":[{"href":"https:\/\/purama.lt\/ee\/wp-json\/wp\/v2\/product"}],"about":[{"href":"https:\/\/purama.lt\/ee\/wp-json\/wp\/v2\/types\/product"}],"replies":[{"embeddable":true,"href":"https:\/\/purama.lt\/ee\/wp-json\/wp\/v2\/comments?post=33387"}],"wp:featuredmedia":[{"embeddable":true,"href":"https:\/\/purama.lt\/ee\/wp-json\/wp\/v2\/media\/33405"}],"wp:attachment":[{"href":"https:\/\/purama.lt\/ee\/wp-json\/wp\/v2\/media?parent=33387"}],"wp:term":[{"taxonomy":"product_brand","embeddable":true,"href":"https:\/\/purama.lt\/ee\/wp-json\/wp\/v2\/product_brand?post=33387"},{"taxonomy":"product_cat","embeddable":true,"href":"https:\/\/purama.lt\/ee\/wp-json\/wp\/v2\/product_cat?post=33387"},{"taxonomy":"product_tag","embeddable":true,"href":"https:\/\/purama.lt\/ee\/wp-json\/wp\/v2\/product_tag?post=33387"}],"curies":[{"name":"wp","href":"https:\/\/api.w.org\/{rel}","templated":true}]}}