{"id":33386,"date":"2025-03-28T07:18:19","date_gmt":"2025-03-28T07:18:19","guid":{"rendered":"https:\/\/purama.lt\/produktas\/zinzino-multify-multivitaminu-kompleksas\/"},"modified":"2026-04-21T08:02:30","modified_gmt":"2026-04-21T06:02:30","slug":"zinzino-multify-multivitamiinikompleks","status":"publish","type":"product","link":"https:\/\/purama.lt\/ee\/produktas\/zinzino-multify-multivitaminu-kompleksas\/","title":{"rendered":"Zinzino Multify Multivitamiini kompleks"},"content":{"rendered":"<p><strong>Tarbimine:<\/strong><br>Lastele vanuses 4-11 aastat: 1-2 tabletti p\u00e4evas.<br>Noorukid vanuses 12-18 aastat: 1-3 tabletti p\u00e4evas.<br>18-aastased ja vanemad: 1-4 tabletti p\u00e4evas<br>\u00c4rge \u00fcletage p\u00e4evast piirm\u00e4\u00e4ra. Toidulisandid ei asenda mitmek\u00fclgset ja tasakaalustatud toitumist.<\/p>\n\n\n\n<p><strong>Zinzino Multify - nutikas multivitamiinikompleks lastele ja kogu perele<\/strong><\/p>\n\n\n\n<p>Multify on loodud selleks, et aidata lastel iga p\u00e4ev kasvada, tugevamaks ja tervemaks saada. Need maitsvad Tutti Frutti maitsega suhkruvabad n\u00e4rimisk\u00f5lblikud vitamiinid \u00fchendavad endas 16 olulist toitaine, sealhulgas vitamiine, mineraalaineid, beetagl\u00fckaane ja koliini.<\/p>\n\n\n\n<p>Multify tugevdab immuunsust beetagl\u00fckaanide, vitamiinide ja tsingiga, toetab D-vitamiini ja joodi abil tervislikku kasvu ja luustiku arengut, samas kui koliin ja B-vitamiinid aitavad parandada m\u00e4lu, keskendumisv\u00f5imet ja \u00fcldist kognitiivset funktsiooni.<\/p>\n\n\n\n<p>See on nutikas igap\u00e4evane abi laste arengule ja heaolule, mis on kohandatud kogu perele - et muuta kasvamine mitte ainult lihtsaks, vaid ka maitsvaks.<\/p>\n\n\n\n<p><strong>Koostisained:<\/strong> T\u00e4iteained (sorbitool, mannitool), magusained (ks\u00fclitool, sukraloos, stevioolgl\u00fckosiidid), beetagl\u00fckaanid Wellmune\u00ae (p\u00e4rmidest), koliinbitartraat, vitamiinid E, C, K2, D3, A, B1, B2, B3, B5, B6, B9 (Quatrefolic\u00ae), B12, tsink, jood, maitseained, niisutavad ained ja viskoossuse regulaatorid.<\/p>\n\n\n\n<p><strong>Toitev\u00e4\u00e4rtus ja koostis (2 tabletti):<\/strong> A-vitamiin - 400 \u03bcg RE (50 %) | Tiamiin - 0,55 mg (50 %) | Riboflaviin - 0,70 mg (50 %) | Niatsiin - 8 mg (50 %) | Pantoteenhape - 3 mg (50 %) | Vitamiin B6 - 0,70 mg (50 %) | Foolhape - 100 \u03bcg (50 %) | Vitamiin B12 - 1.25 \u03bcg (50 %) | C-vitamiin - 40 mg (50 %) | D-vitamiin - 5 \u03bcg (100 %) | E-vitamiin - 6 mg \u03b1-TE (50 %) | K-vitamiin - 37,5 \u03bcg (50 %) | Tsink - 2 mg (20 %) | Jood - 75 \u03bcg (50 %) | Beeta-gl\u00fckaaniekstrakt - 100 mg | Koliin - 40 mg.<\/p>","protected":false},"excerpt":{"rendered":"<p><strong>Zinzino Multify<\/strong> - on l\u00f5bus ja funktsionaalne multivitamiinikompleks lastele ja kogu perele, <strong>aitab rahuldada igap\u00e4evaseid toitumisvajadusi<\/strong>. Suhkruvabad, n\u00e4rimistabletid maitsva Tutti Frutti maitsega on m\u00f5eldud lastele innukaks ja nauditavaks. Iga tablett sisaldab patenteeritud segu 16 olulisest toitainest: 12 vitamiini, 2 mineraali, beetagl\u00fckaanid ja koliin - tasakaalustatud koostis, mis toetab immuuns\u00fcsteemi, kasvu ja \u00fcldist tervist. Multify v\u00f5imaldab vanematel viia oma laste soovid vastavusse tervislike harjumustega, andes neile meelerahu nende igap\u00e4evase toitumise kvaliteedi osas. <\/p>\n<p><strong>Miks valida Multify?<br data-start=\"453\" data-end=\"456\" \/><\/strong>\u2714\ufe0f Toetab normaalset immuuns\u00fcsteemi toimimist k\u00f5igis kasvuetappides.<br data-start=\"525\" data-end=\"528\" \/>\u2714\ufe0f Sisaldab joodi, mis on oluline laste normaalseks kasvuks.<br data-start=\"575\" data-end=\"578\" \/>\u2714\ufe0f Rikastatud D-vitamiiniga - oluline luude arenguks.<br data-start=\"634\" data-end=\"637\" \/>\u2714\ufe0f Sisaldab 12 vitamiini, 2 mineraali, beetagl\u00fckaane ja koliini.<br data-start=\"703\" data-end=\"706\" \/>\u2714\ufe0f Suhkruvaba, lapses\u00f5bralik maitse<br data-start=\"747\" data-end=\"750\" \/>\u2714\ufe0f Lapsevanemate poolt loodud, teaduslikult toetatud, laste poolt valideeritud.<strong> TOODE TARNITAKSE 5-10 T\u00d6\u00d6P\u00c4EVA JOOKSUL.<\/strong><\/p>","protected":false},"featured_media":33406,"comment_status":"open","ping_status":"closed","template":"","meta":{"_acf_changed":false},"product_brand":[464],"product_cat":[123,251,253,252,279,280,122,255],"product_tag":[],"class_list":{"0":"post-33386","1":"product","2":"type-product","3":"status-publish","4":"has-post-thumbnail","6":"product_brand-zinzino","7":"product_cat-papildai-ilgaamziskumui","8":"product_cat-antioksidantai","9":"product_cat-imuniteto-palaikymas","10":"product_cat-imunitetui","11":"product_cat-kaulams-ir-sanariams","12":"product_cat-kaulu-stiprinimas","13":"product_cat-lasteliu-jaunystei","14":"product_cat-oksidacinio-streso-mazinimas","16":"first","17":"instock","18":"shipping-taxable","19":"purchasable","20":"product-type-simple"},"acf":[],"tiered_pricing_type":"fixed","tiered_pricing_fixed_rules":[],"tiered_pricing_product_settings":{"layout":"default","base_unit_name":{"singular":null,"plural":null},"default_variation":null},"tiered_pricing_minimum_quantity":null,"tiered_pricing_roles_data":[],"tiered_pricing_percentage_rules":[],"_links":{"self":[{"href":"https:\/\/purama.lt\/ee\/wp-json\/wp\/v2\/product\/33386","targetHints":{"allow":["GET"]}}],"collection":[{"href":"https:\/\/purama.lt\/ee\/wp-json\/wp\/v2\/product"}],"about":[{"href":"https:\/\/purama.lt\/ee\/wp-json\/wp\/v2\/types\/product"}],"replies":[{"embeddable":true,"href":"https:\/\/purama.lt\/ee\/wp-json\/wp\/v2\/comments?post=33386"}],"wp:featuredmedia":[{"embeddable":true,"href":"https:\/\/purama.lt\/ee\/wp-json\/wp\/v2\/media\/33406"}],"wp:attachment":[{"href":"https:\/\/purama.lt\/ee\/wp-json\/wp\/v2\/media?parent=33386"}],"wp:term":[{"taxonomy":"product_brand","embeddable":true,"href":"https:\/\/purama.lt\/ee\/wp-json\/wp\/v2\/product_brand?post=33386"},{"taxonomy":"product_cat","embeddable":true,"href":"https:\/\/purama.lt\/ee\/wp-json\/wp\/v2\/product_cat?post=33386"},{"taxonomy":"product_tag","embeddable":true,"href":"https:\/\/purama.lt\/ee\/wp-json\/wp\/v2\/product_tag?post=33386"}],"curies":[{"name":"wp","href":"https:\/\/api.w.org\/{rel}","templated":true}]}}