{"id":33385,"date":"2025-03-28T07:18:19","date_gmt":"2025-03-28T07:18:19","guid":{"rendered":"https:\/\/purama.lt\/produktas\/zinzino-balanceoil-omega-maisto-papildas\/"},"modified":"2026-01-19T09:02:29","modified_gmt":"2026-01-19T07:02:29","slug":"zinzin-balanceoil-omega-toidulisand","status":"publish","type":"product","link":"https:\/\/purama.lt\/ee\/produktas\/zinzino-balanceoil-omega-maisto-papildas\/","title":{"rendered":"Zinzin BalanceOil+ Omega toidulisand"},"content":{"rendered":"<p><strong>Tarbimine:<\/strong><\/p>\n\n\n\n<p>0,15 ml\/1 kg kehakaalu kohta p\u00e4evas. N\u00e4iteks 50 kg kaaluv t\u00e4iskasvanu peaks v\u00f5tma 7,5 ml\/p\u00e4evas. \u00c4rge \u00fcletage soovitatud annust. Toidulisand ei asenda tasakaalustatud toitumist ega tervislikku eluviisi.<\/p>\n\n\n\n<p><strong>BalanceOil+<\/strong> - on teaduslikult t\u00f5estatud kala\u00f5li ja Hispaania ekstra neitsioliivi\u00f5li kombinatsioon optimaalseks <strong>Omega-3<\/strong> imendumiseks ja rakkude kaitsmiseks. Looduslikud pol\u00fcfenoolid toimivad v\u00f5imsate antioks\u00fcdantidena, et kaitsta lipiidide oks\u00fcdeerumise eest ja tagada <strong>Omega-3<\/strong> stabiilsus organismis. Ainulaadne koostis aitab saavutada tasakaalustatud Omega-6:3 suhet, mis on v\u00e4iksem kui 3:1.<\/p>\n\n\n\n<p>Toode on rikastatud loodusliku D3-vitamiiniga, mis on saadud lanoliinist, mis toetab immuuns\u00fcsteemi, lihaste ja luude t\u00f6\u00f6d. Tokoferoolid, mis on puhastatud modifitseerimata soja\u00f5list, pakuvad t\u00e4iendavat antioks\u00fcdantide kaitset, ilma allergeenideta.<\/p>\n\n\n\n<p><strong>BalanceOil+<\/strong> - kui esmaklassilised rasvhapped kombineeritakse kaasaegse l\u00e4henemisega tervisele.<\/p>\n\n\n\n<p><strong>Koostis:<\/strong> Kala\u00f5li (an\u0161oovis, makrell, sardiinid), k\u00fclmpressitud oliivi\u00f5li, looduslikud l\u00f5hna- ja maitseained (apelsin, sidrun, piparm\u00fcnt), tokoferoolid (antioks\u00fcdandid), D3-vitamiin.<\/p>\n\n\n\n<p><strong>Toitev\u00e4\u00e4rtus (12 ml):<\/strong> Kala\u00f5li - 6627 mg (sellest Omega-3 - 2478 mg: EPA - 1283 mg, DHA - 683 mg), oliivi\u00f5li - 4092 mg (sellest oleiinhape - 3069 mg, pol\u00fcfenoolid - 3,5 mg), D3-vitamiin - 20 \u00b5g (400 % RMV).<\/p>\n\n\n\n<p><strong>Algaja juhend:<\/strong> Ratsionaalset algust ja 5 parima pikaealisuse toidulisandi nimekirja aastaks 2026 leiate siit: <a href=\"https:\/\/purama.lt\/ee\/pikaealisuse-toidulisandid-algajatele-2026\/\">Top 5 pikaealisuse toidulisandit algajatele aastal 2026: kust alustada?<\/a><\/p>","protected":false},"excerpt":{"rendered":"<p class=\"\" data-start=\"144\" data-end=\"694\"><strong>BalanceOil+ Apelsin Sidrunim\u00fcnt<\/strong> - on t\u00e4iustatud toidulisand, mis \u00fchendab k\u00f5rgekvaliteedilist kala\u00f5li, ekstra neitsioliivi\u00f5li ja looduslikke apelsini-, sidruni- ja m\u00fcndimaitseaineid. See v\u00e4rske maitsega \u00f5lide segu ei ole mitte ainult kasulik, vaid ka nauditav iga p\u00e4ev tarbida. Teaduslikel uuringutel p\u00f5hinev tasakaalustatud koostis aitab s\u00e4ilitada optimaalset <strong>Omega-3<\/strong> Rikkalikud pol\u00fcfenoolid kaitsevad lipiide oks\u00fcdatsiooni kahjuliku m\u00f5ju eest.<\/p>\n<p class=\"\" data-start=\"696\" data-end=\"1115\"><strong data-start=\"696\" data-end=\"720\">Miks valida?<\/strong><br data-start=\"720\" data-end=\"723\" \/>\u2714\ufe0f Apelsini, sidruni ja piparm\u00fcndi v\u00e4rskendav maitse ei ole mitte ainult tervislik, vaid ka maitsev.<br data-start=\"795\" data-end=\"798\" \/>\u2714\ufe0f Toetab t\u00e4nu k\u00f5rgele DHA sisaldusele aju, s\u00fcdame ja n\u00e4gemise funktsiooni.<br data-start=\"869\" data-end=\"872\" \/>\u2714\ufe0f D3-vitamiiniga tugevama immuuns\u00fcsteemi, luude, lihaste ja hammaste jaoks.<br data-start=\"951\" data-end=\"954\" data-is-only-node=\"\" \/>\u2714\ufe0f Aitab kaasa normaalse trigl\u00fctseriidide, verer\u00f5hu ja kaltsiumitaseme s\u00e4ilitamisele.<br data-start=\"1036\" data-end=\"1039\" \/>\u2714\ufe0f Annustamine reguleeritav vastavalt kehakaalule - sobib nii t\u00e4iskasvanutele kui ka lastele.<\/p>\n<p><strong>TOODE TARNITAKSE 5-10 T\u00d6\u00d6P\u00c4EVA JOOKSUL.<\/strong><\/p>","protected":false},"featured_media":33398,"comment_status":"open","ping_status":"closed","template":"","meta":{"_acf_changed":false},"product_brand":[464],"product_cat":[123,253,252,255],"product_tag":[],"class_list":{"0":"post-33385","1":"product","2":"type-product","3":"status-publish","4":"has-post-thumbnail","6":"product_brand-zinzino","7":"product_cat-papildai-ilgaamziskumui","8":"product_cat-imuniteto-palaikymas","9":"product_cat-imunitetui","10":"product_cat-oksidacinio-streso-mazinimas","12":"first","13":"instock","14":"shipping-taxable","15":"purchasable","16":"product-type-simple"},"acf":[],"tiered_pricing_type":"fixed","tiered_pricing_fixed_rules":[],"tiered_pricing_product_settings":{"layout":"default","base_unit_name":{"singular":null,"plural":null},"default_variation":null},"tiered_pricing_minimum_quantity":null,"tiered_pricing_roles_data":[],"tiered_pricing_percentage_rules":[],"_links":{"self":[{"href":"https:\/\/purama.lt\/ee\/wp-json\/wp\/v2\/product\/33385","targetHints":{"allow":["GET"]}}],"collection":[{"href":"https:\/\/purama.lt\/ee\/wp-json\/wp\/v2\/product"}],"about":[{"href":"https:\/\/purama.lt\/ee\/wp-json\/wp\/v2\/types\/product"}],"replies":[{"embeddable":true,"href":"https:\/\/purama.lt\/ee\/wp-json\/wp\/v2\/comments?post=33385"}],"wp:featuredmedia":[{"embeddable":true,"href":"https:\/\/purama.lt\/ee\/wp-json\/wp\/v2\/media\/33398"}],"wp:attachment":[{"href":"https:\/\/purama.lt\/ee\/wp-json\/wp\/v2\/media?parent=33385"}],"wp:term":[{"taxonomy":"product_brand","embeddable":true,"href":"https:\/\/purama.lt\/ee\/wp-json\/wp\/v2\/product_brand?post=33385"},{"taxonomy":"product_cat","embeddable":true,"href":"https:\/\/purama.lt\/ee\/wp-json\/wp\/v2\/product_cat?post=33385"},{"taxonomy":"product_tag","embeddable":true,"href":"https:\/\/purama.lt\/ee\/wp-json\/wp\/v2\/product_tag?post=33385"}],"curies":[{"name":"wp","href":"https:\/\/api.w.org\/{rel}","templated":true}]}}