{"id":33252,"date":"2025-03-20T14:46:49","date_gmt":"2025-03-20T14:46:49","guid":{"rendered":"https:\/\/purama.lt\/produktas\/dr-jart-raminamoji-veido-kauke\/"},"modified":"2026-04-10T13:03:27","modified_gmt":"2026-04-10T11:03:27","slug":"dr-jart-rahustav-naomask","status":"publish","type":"product","link":"https:\/\/purama.lt\/ee\/produktas\/dr-jart-raminamoji-veido-kauke\/","title":{"rendered":"DR.JART+ rahustav n\u00e4omask"},"content":{"rendered":"<p><strong>Kasutamine:<\/strong><\/p>\n\n\n\n<p>V\u00f5tke mask pakendist v\u00e4lja, kandke \u00f5rnalt puhtale, puhastatud nahale ja vajutage h\u00e4sti kinni. J\u00e4tke 15-20 minutiks, seej\u00e4rel eemaldage ja masseerige j\u00e4relej\u00e4\u00e4nud seerum nahale, et see t\u00e4ielikult imenduks.<\/p>\n\n\n\n<p><strong>Koostisained:<\/strong> Centella Asiatica ekstrakt, h\u00fcaluroonhape, aloe vera ekstrakt, keramiidid, rohelise tee ekstrakt, niatsinamiid.<\/p>\n\n\n\n<p>Sobib k\u00f5ikidele nahat\u00fc\u00fcpidele, eriti tundlikule ja \u00e4rritunud nahale. Ei sisalda kunstlikke l\u00f5hnaineid, parabeene ega sulfaate.<\/p>","protected":false},"excerpt":{"rendered":"<p data-start=\"65\" data-end=\"562\"><strong data-start=\"65\" data-end=\"100\">DR.JART+ rahustav n\u00e4omask<\/strong> - on intensiivselt niisutav ja rahustav lehtmask, mis on spetsiaalselt m\u00f5eldud tundlikule, kuivale ja \u00e4rritunud nahale. T\u00e4nu hoolikalt valitud toimeainetele taastab see kiiresti naha niiskustasakaalu, v\u00e4hendab punetust ja tugevdab loomulikku kaitsebarj\u00e4\u00e4ri. Mask annab nahale s\u00fcgava mugavustunde, rahustades seda p\u00e4rast keskkonnaga kokkupuutumist, stressi v\u00f5i agressiivset iluhooldust. Regulaarne kasutamine aitab hoida nahka niisutatuna, siledana ja tervisliku s\u00e4raga.<\/p>\n<p data-start=\"564\" data-end=\"583\"><strong data-start=\"569\" data-end=\"581\">Omadused:<\/strong><\/p>\n<p data-start=\"584\" data-end=\"861\">\u2714 Rahustab koheselt \u00e4rritunud ja tundlikku nahka<br data-start=\"630\" data-end=\"633\" \/>\u2714 Intensiivne niisutamine ja kaitse kuivuse eest<br data-start=\"679\" data-end=\"682\" \/>\u2714 Tugevdab naha kaitsebarj\u00e4\u00e4ri, aidates taastada selle loomulikku tasakaalu.<br data-start=\"748\" data-end=\"751\" \/>\u2714 V\u00e4hendab punetust, pinguldust ja ebamugavustunnet.<br data-start=\"800\" data-end=\"803\" \/>\u2714 Annab nahale sileda, s\u00e4rava ja tervisliku v\u00e4limuse.<\/p>","protected":false},"featured_media":33242,"comment_status":"open","ping_status":"closed","template":"","meta":{"_acf_changed":false},"product_brand":[422],"product_cat":[92,500,142,59],"product_tag":[],"class_list":{"0":"post-33252","1":"product","2":"type-product","3":"status-publish","4":"has-post-thumbnail","6":"product_brand-dr-jart","7":"product_cat-groziui","8":"product_cat-outlet","9":"product_cat-veido-kaukes","10":"product_cat-veidui","12":"first","13":"instock","14":"sale","15":"shipping-taxable","16":"purchasable","17":"product-type-simple"},"acf":[],"tiered_pricing_type":"fixed","tiered_pricing_fixed_rules":[],"tiered_pricing_product_settings":{"layout":"default","base_unit_name":{"singular":null,"plural":null},"default_variation":null},"tiered_pricing_minimum_quantity":null,"tiered_pricing_roles_data":[],"tiered_pricing_percentage_rules":[],"_links":{"self":[{"href":"https:\/\/purama.lt\/ee\/wp-json\/wp\/v2\/product\/33252","targetHints":{"allow":["GET"]}}],"collection":[{"href":"https:\/\/purama.lt\/ee\/wp-json\/wp\/v2\/product"}],"about":[{"href":"https:\/\/purama.lt\/ee\/wp-json\/wp\/v2\/types\/product"}],"replies":[{"embeddable":true,"href":"https:\/\/purama.lt\/ee\/wp-json\/wp\/v2\/comments?post=33252"}],"wp:featuredmedia":[{"embeddable":true,"href":"https:\/\/purama.lt\/ee\/wp-json\/wp\/v2\/media\/33242"}],"wp:attachment":[{"href":"https:\/\/purama.lt\/ee\/wp-json\/wp\/v2\/media?parent=33252"}],"wp:term":[{"taxonomy":"product_brand","embeddable":true,"href":"https:\/\/purama.lt\/ee\/wp-json\/wp\/v2\/product_brand?post=33252"},{"taxonomy":"product_cat","embeddable":true,"href":"https:\/\/purama.lt\/ee\/wp-json\/wp\/v2\/product_cat?post=33252"},{"taxonomy":"product_tag","embeddable":true,"href":"https:\/\/purama.lt\/ee\/wp-json\/wp\/v2\/product_tag?post=33252"}],"curies":[{"name":"wp","href":"https:\/\/api.w.org\/{rel}","templated":true}]}}