{"id":33251,"date":"2025-03-20T14:46:49","date_gmt":"2025-03-20T14:46:49","guid":{"rendered":"https:\/\/purama.lt\/produktas\/beauty-of-joseon-spf50-pa-piestukine-matine-apsauga-nuo-saules\/"},"modified":"2026-04-10T13:03:27","modified_gmt":"2026-04-10T11:03:27","slug":"joseon-spf50-matt-paikesekaitsekreemi-ilu","status":"publish","type":"product","link":"https:\/\/purama.lt\/ee\/produktas\/beauty-of-joseon-spf50-pa-piestukine-matine-apsauga-nuo-saules\/","title":{"rendered":"BEAUTY OF JOSEON SPF50+\/PA++++ pliiats matte p\u00e4ikesekaitse"},"content":{"rendered":"<p><strong>Kasutamine:<\/strong> L\u00fckake pliiatsit ettevaatlikult puhtale, puhastatud v\u00f5i meigitud nahale, et toode \u00fchtlaselt jaotuks. Kanna uuesti iga 2-3 tunni j\u00e4rel v\u00f5i p\u00e4rast veega kokkupuutumist, et tagada pidev kaitse.<\/p>\n\n\n\n<p><strong>Koostisained:<\/strong> Riisi ekstrakt, rohelise tee ekstrakt, niatsinamiid, keramiidid, h\u00fcaluroonhape, centella asiatica ekstrakt.<\/p>\n\n\n\n<p>Sobib k\u00f5ikidele nahat\u00fc\u00fcpidele, eriti rasusele ja kombineeritud nahale. Dermatoloogiliselt testitud.<\/p>\n\n\n\n<p><\/p>","protected":false},"excerpt":{"rendered":"<p data-start=\"101\" data-end=\"625\"><strong data-start=\"101\" data-end=\"135\">JOSEON ILU SPF50+\/PA++++<\/strong> Pliiatsiga p\u00e4ikesekaitsekreem on lihtne, praktiline ja t\u00f5hus lahendus igap\u00e4evaseks nahakaitseks. See p\u00e4ikesekaitsekreem pakub \u00e4\u00e4rmiselt k\u00f5rgetasemelist kaitset <strong>UV-kiirgus<\/strong>j\u00e4tmata nahale kleepuvat v\u00f5i valget efekti. T\u00e4nu tasakaalustatud koostisele ei kaitse see mitte ainult p\u00e4ikesekahjustuste eest, vaid kontrollib ka rasu eraldumist, j\u00e4ttes naha v\u00e4rskeks ja matiks kogu p\u00e4evaks. Ideaalne valik nii igap\u00e4evaseks kasutamiseks kui ka reisimiseks!<\/p>\n<p data-start=\"627\" data-end=\"646\"><strong data-start=\"632\" data-end=\"644\">Omadused:<br \/><\/strong>\u2714 SPF50+\/PA++++ pakub maksimaalset kaitset UV-kiirguse eest.<br data-start=\"708\" data-end=\"711\" \/>\u2714 Lihtne pliiatsikuju - mugav kaitset igal ajal uuendada<br data-start=\"778\" data-end=\"781\" \/>\u2714 Matte efekt - kontrollib rasu tootmist, ilma et see koormaks nahka.<br data-start=\"853\" data-end=\"856\" \/>\u2714 Poorivaba ja sobib rasusele ja kombineeritud nahale<br data-start=\"904\" data-end=\"907\" \/>\u2714 Niisutav koostis aitab s\u00e4ilitada naha mugavust ilma kuivatamata.<\/p>","protected":false},"featured_media":33235,"comment_status":"open","ping_status":"closed","template":"","meta":{"_acf_changed":false},"product_brand":[410],"product_cat":[92,299,59],"product_tag":[],"class_list":{"0":"post-33251","1":"product","2":"type-product","3":"status-publish","4":"has-post-thumbnail","6":"product_brand-beauty-of-joseon","7":"product_cat-groziui","8":"product_cat-kremai-nuo-saules-veidui","9":"product_cat-veidui","11":"first","12":"outofstock","13":"shipping-taxable","14":"purchasable","15":"product-type-simple"},"acf":[],"tiered_pricing_type":"fixed","tiered_pricing_fixed_rules":[],"tiered_pricing_product_settings":{"layout":"default","base_unit_name":{"singular":null,"plural":null},"default_variation":null},"tiered_pricing_minimum_quantity":null,"tiered_pricing_roles_data":[],"tiered_pricing_percentage_rules":[],"_links":{"self":[{"href":"https:\/\/purama.lt\/ee\/wp-json\/wp\/v2\/product\/33251","targetHints":{"allow":["GET"]}}],"collection":[{"href":"https:\/\/purama.lt\/ee\/wp-json\/wp\/v2\/product"}],"about":[{"href":"https:\/\/purama.lt\/ee\/wp-json\/wp\/v2\/types\/product"}],"replies":[{"embeddable":true,"href":"https:\/\/purama.lt\/ee\/wp-json\/wp\/v2\/comments?post=33251"}],"wp:featuredmedia":[{"embeddable":true,"href":"https:\/\/purama.lt\/ee\/wp-json\/wp\/v2\/media\/33235"}],"wp:attachment":[{"href":"https:\/\/purama.lt\/ee\/wp-json\/wp\/v2\/media?parent=33251"}],"wp:term":[{"taxonomy":"product_brand","embeddable":true,"href":"https:\/\/purama.lt\/ee\/wp-json\/wp\/v2\/product_brand?post=33251"},{"taxonomy":"product_cat","embeddable":true,"href":"https:\/\/purama.lt\/ee\/wp-json\/wp\/v2\/product_cat?post=33251"},{"taxonomy":"product_tag","embeddable":true,"href":"https:\/\/purama.lt\/ee\/wp-json\/wp\/v2\/product_tag?post=33251"}],"curies":[{"name":"wp","href":"https:\/\/api.w.org\/{rel}","templated":true}]}}