{"id":33250,"date":"2025-03-20T14:46:49","date_gmt":"2025-03-20T14:46:49","guid":{"rendered":"https:\/\/purama.lt\/produktas\/beauty-of-joseon-paakiu-serumas-nuo-rauksliu\/"},"modified":"2026-04-10T13:03:26","modified_gmt":"2026-04-10T11:03:26","slug":"joseon-anti-pigment-seerumi-ilu","status":"publish","type":"product","link":"https:\/\/purama.lt\/ee\/produktas\/beauty-of-joseon-paakiu-serumas-nuo-rauksliu\/","title":{"rendered":"BEAUTY OF JOSEON kortsudevastane silmaseerum"},"content":{"rendered":"<p><strong>Kasutamine:<\/strong><\/p>\n\n\n\n<p>Kandke v\u00e4ike kogus seerumit puhtale, kuivale nahale ja masseerige seda \u00f5rnalt s\u00f5rmeotstega, kuni see on t\u00e4ielikult imendunud. Kasutage \u00f5htuti ja kandke p\u00e4evasel ajal SPF-kaitset.<\/p>\n\n\n\n<p><strong>Koostisained: <\/strong>\u017een\u0161enni ekstrakt, retinooli, keramiidid, niatsinamiid, peptiidid, h\u00fcaluroonhape, adenosiin.<\/p>\n\n\n\n<p>Sobib k\u00f5ikidele nahat\u00fc\u00fcpidele, sealhulgas tundlikule nahale. Dermatoloogiliselt testitud.<\/p>\n\n\n\n<p><\/p>","protected":false},"excerpt":{"rendered":"<p data-start=\"78\" data-end=\"544\"><strong data-start=\"78\" data-end=\"126\">BEAUTY OF JOSEON kortsudevastane silmaseerum<\/strong> - on kerge tekstuuriga, kuid v\u00e4ga t\u00f5hus seerum, mis on m\u00f5eldud \u00f5rnale ja tundlikule silmaalusele nahale. See uuenduslik seerum, mis on rikastatud <strong data-start=\"273\" data-end=\"298\">\u017een\u0161enn ja retinooli<\/strong>aitab v\u00e4hendada peeneid jooni, parandab naha elastsust ja s\u00e4ra. Selle koostis niisutab intensiivselt ja tugevdab silmade all olevat piirkonda, aidates v\u00f5idelda esimeste vananemism\u00e4rkide vastu. Sobib ideaalselt nii hommikuse kui ka \u00f5htuse rutiini jaoks.<\/p>\n<h4 data-start=\"546\" data-end=\"565\"><strong data-start=\"551\" data-end=\"563\">Omadused:<\/strong><\/h4>\n<p data-start=\"566\" data-end=\"852\">\u2714 Stimuleerib kollageeni tootmist ja parandab naha elastsust.<br data-start=\"618\" data-end=\"621\" \/>\u2714 V\u00e4hendab peeneid jooni ja kortse ning aitab nahka siluda<br data-start=\"671\" data-end=\"674\" \/>\u2714 Kerge, kiiresti imenduv tekstuur, ei j\u00e4ta rasvast tunnet.<br data-start=\"739\" data-end=\"742\" \/>\u2714 Helendab silma\u00fcmbrust ja v\u00e4hendab v\u00e4simuse m\u00e4rke.<br data-start=\"793\" data-end=\"796\" \/>\u2714 Sobib tundlikule nahale - \u00f5rn, kuid t\u00f5hus koostis<\/p>","protected":false},"featured_media":33239,"comment_status":"open","ping_status":"closed","template":"","meta":{"_acf_changed":false},"product_brand":[410],"product_cat":[92,56,59],"product_tag":[],"class_list":{"0":"post-33250","1":"product","2":"type-product","3":"status-publish","4":"has-post-thumbnail","6":"product_brand-beauty-of-joseon","7":"product_cat-groziui","8":"product_cat-veido-serumai","9":"product_cat-veidui","11":"first","12":"outofstock","13":"shipping-taxable","14":"purchasable","15":"product-type-simple"},"acf":[],"tiered_pricing_type":"fixed","tiered_pricing_fixed_rules":[],"tiered_pricing_product_settings":{"layout":"default","base_unit_name":{"singular":null,"plural":null},"default_variation":null},"tiered_pricing_minimum_quantity":null,"tiered_pricing_roles_data":[],"tiered_pricing_percentage_rules":[],"_links":{"self":[{"href":"https:\/\/purama.lt\/ee\/wp-json\/wp\/v2\/product\/33250","targetHints":{"allow":["GET"]}}],"collection":[{"href":"https:\/\/purama.lt\/ee\/wp-json\/wp\/v2\/product"}],"about":[{"href":"https:\/\/purama.lt\/ee\/wp-json\/wp\/v2\/types\/product"}],"replies":[{"embeddable":true,"href":"https:\/\/purama.lt\/ee\/wp-json\/wp\/v2\/comments?post=33250"}],"wp:featuredmedia":[{"embeddable":true,"href":"https:\/\/purama.lt\/ee\/wp-json\/wp\/v2\/media\/33239"}],"wp:attachment":[{"href":"https:\/\/purama.lt\/ee\/wp-json\/wp\/v2\/media?parent=33250"}],"wp:term":[{"taxonomy":"product_brand","embeddable":true,"href":"https:\/\/purama.lt\/ee\/wp-json\/wp\/v2\/product_brand?post=33250"},{"taxonomy":"product_cat","embeddable":true,"href":"https:\/\/purama.lt\/ee\/wp-json\/wp\/v2\/product_cat?post=33250"},{"taxonomy":"product_tag","embeddable":true,"href":"https:\/\/purama.lt\/ee\/wp-json\/wp\/v2\/product_tag?post=33250"}],"curies":[{"name":"wp","href":"https:\/\/api.w.org\/{rel}","templated":true}]}}