{"id":33249,"date":"2025-03-20T14:46:48","date_gmt":"2025-03-20T14:46:48","guid":{"rendered":"https:\/\/purama.lt\/produktas\/beauty-of-joseon-atstatomasis-veido-serumas-su-zenseniu\/"},"modified":"2026-04-10T13:03:26","modified_gmt":"2026-04-10T11:03:26","slug":"joseon-ilu-taastav-naoseerum-koos-zenseniga","status":"publish","type":"product","link":"https:\/\/purama.lt\/ee\/produktas\/beauty-of-joseon-atstatomasis-veido-serumas-su-zenseniu\/","title":{"rendered":"BEAUTY OF JOSEON Revive Serum Ginseng + Snail Mucin n\u00e4oseerum BEAUTY OF JOSEON Revive Serum Ginseng + Snail Mucin n\u00e4oseerum"},"content":{"rendered":"<p><strong>Kasutamine<\/strong><\/p>\n\n\n\n<p>Kandke paar tilka seerumit puhtale nahale ja masseerige \u00f5rnalt. Soovitatav on kasutada hommikul ja \u00f5htul enne niisutavat kreemi.<\/p>\n\n\n\n<p><strong>Koostisained:<\/strong> \u017een\u0161enni ekstrakt, niatsinamiid, h\u00fcaluroonhape, adenosiin, peptiidid, betaiini ekstrakt.<\/p>\n\n\n\n<p>Ideaalne k\u00f5ikidele nahat\u00fc\u00fcpidele, eriti kuivale ja k\u00fcpsele nahale.<\/p>","protected":false},"excerpt":{"rendered":"<p data-start=\"89\" data-end=\"554\"><strong>BEAUTY OF JOSEON Revive Serum Ginseng + Snail Mucin n\u00e4oseerum BEAUTY OF JOSEON Revive Serum Ginseng + Snail Mucin n\u00e4oseerum<\/strong>\u00a0- See seerum on inspireeritud iidsetest Korea ilurituaalidest ja aitab taastada naha niiskustasakaalu, tugevdada kaitsebarj\u00e4\u00e4ri ja anda tervislikku s\u00e4ra. Rikastatud <strong data-start=\"330\" data-end=\"368\">kvaliteetne \u017een\u0161enni ekstrakt<\/strong>See seerum toidab intensiivselt, v\u00e4hendab peeneid jooni ja parandab naha elastsust. Kerge, kuid s\u00fcgavalt t\u00f5hus tekstuur imendub kiiresti ja annab kauakestva mugavustunde.<\/p>\n<p data-start=\"556\" data-end=\"575\"><strong data-start=\"561\" data-end=\"573\">Omadused:<br \/><\/strong>\u2714 Niisutab s\u00fcgavuti ja tugevdab naha kaitsvat barj\u00e4\u00e4ri.<br data-start=\"627\" data-end=\"630\" \/>\u2714 Stimuleerib rakkude regenereerimist ning v\u00e4hendab peeneid jooni ja kortse.<br data-start=\"691\" data-end=\"694\" \/>\u2714 Annab tervisliku s\u00e4ra ja elavdab v\u00e4sinud nahka<br data-start=\"749\" data-end=\"752\" \/>\u2714 Kerge, mitte-rasvane tekstuur, mis sobib k\u00f5ikidele nahat\u00fc\u00fcpidele.<br data-start=\"802\" data-end=\"805\" \/>\u2714 Ei sisalda \u00e4rritavaid aineid - \u00f5rn isegi tundlikule nahale<\/p>","protected":false},"featured_media":33236,"comment_status":"open","ping_status":"closed","template":"","meta":{"_acf_changed":false},"product_brand":[410],"product_cat":[92,56,59],"product_tag":[],"class_list":{"0":"post-33249","1":"product","2":"type-product","3":"status-publish","4":"has-post-thumbnail","6":"product_brand-beauty-of-joseon","7":"product_cat-groziui","8":"product_cat-veido-serumai","9":"product_cat-veidui","11":"first","12":"instock","13":"shipping-taxable","14":"purchasable","15":"product-type-simple"},"acf":[],"tiered_pricing_type":"fixed","tiered_pricing_fixed_rules":[],"tiered_pricing_product_settings":{"layout":"default","base_unit_name":{"singular":null,"plural":null},"default_variation":null},"tiered_pricing_minimum_quantity":null,"tiered_pricing_roles_data":[],"tiered_pricing_percentage_rules":[],"_links":{"self":[{"href":"https:\/\/purama.lt\/ee\/wp-json\/wp\/v2\/product\/33249","targetHints":{"allow":["GET"]}}],"collection":[{"href":"https:\/\/purama.lt\/ee\/wp-json\/wp\/v2\/product"}],"about":[{"href":"https:\/\/purama.lt\/ee\/wp-json\/wp\/v2\/types\/product"}],"replies":[{"embeddable":true,"href":"https:\/\/purama.lt\/ee\/wp-json\/wp\/v2\/comments?post=33249"}],"wp:featuredmedia":[{"embeddable":true,"href":"https:\/\/purama.lt\/ee\/wp-json\/wp\/v2\/media\/33236"}],"wp:attachment":[{"href":"https:\/\/purama.lt\/ee\/wp-json\/wp\/v2\/media?parent=33249"}],"wp:term":[{"taxonomy":"product_brand","embeddable":true,"href":"https:\/\/purama.lt\/ee\/wp-json\/wp\/v2\/product_brand?post=33249"},{"taxonomy":"product_cat","embeddable":true,"href":"https:\/\/purama.lt\/ee\/wp-json\/wp\/v2\/product_cat?post=33249"},{"taxonomy":"product_tag","embeddable":true,"href":"https:\/\/purama.lt\/ee\/wp-json\/wp\/v2\/product_tag?post=33249"}],"curies":[{"name":"wp","href":"https:\/\/api.w.org\/{rel}","templated":true}]}}