{"id":33248,"date":"2025-03-20T14:46:48","date_gmt":"2025-03-20T14:46:48","guid":{"rendered":"https:\/\/purama.lt\/produktas\/beauty-of-joseon-esencinis-vanduo-su-zenseniu\/"},"modified":"2026-04-10T13:03:26","modified_gmt":"2026-04-10T11:03:26","slug":"joseoni-eeterliku-vee-ilu-koos-koorega","status":"publish","type":"product","link":"https:\/\/purama.lt\/ee\/produktas\/beauty-of-joseon-esencinis-vanduo-su-zenseniu\/","title":{"rendered":"BEAUTY OF JOSEON eeterlik vesi \u017een\u0161enniga"},"content":{"rendered":"<p><strong>Kasutamine:<\/strong><\/p>\n\n\n\n<p>Kandke v\u00e4ike kogus essentsi puhtale nahale k\u00e4tega v\u00f5i vatipadjaga. Jagage \u00f5rnalt ja laske imenduda. V\u00f5ib kasutada hommikul ja \u00f5htul, enne seerumit v\u00f5i kreemi.<\/p>\n\n\n\n<p><strong>Koostisained:<\/strong> \u017een\u0161enni juure ekstrakt, niatsinamiid, adenosiin, beetagl\u00fckaan, h\u00fcaluroonhape, allantoiin.<\/p>\n\n\n\n<p>Sobib k\u00f5ikidele nahat\u00fc\u00fcpidele, eriti v\u00e4sinud, tundlikule v\u00f5i eluj\u00f5uetu nahale.<\/p>","protected":false},"excerpt":{"rendered":"<p data-start=\"79\" data-end=\"602\"><strong data-start=\"79\" data-end=\"128\">BEAUTY OF JOSEON eeterlik vesi \u017een\u0161enniga<\/strong> - on multifunktsionaalne toniseeriv ja niisutav toode, mis tasakaalustab, taastab niiskust ja elavdab nahka. Koostis on rikastatud <strong data-start=\"280\" data-end=\"308\">\u017een\u0161enni juurte ekstrakt<\/strong>Sellel on tugev antioks\u00fcdantne toime, see aitab tugevdada naha kaitsebarj\u00e4\u00e4ri ja parandab selle elastsust. Essential Water on tooneri ja seerumi vahepealne vahend, mis valmistab nahka ideaalselt ette edasiseks hoolduseks, suurendab teiste hoolduste t\u00f5husust ja parandab naha \u00fcldist seisundit.<\/p>\n<p data-start=\"604\" data-end=\"623\"><strong data-start=\"609\" data-end=\"621\">Omadused:<\/strong><\/p>\n<p data-start=\"624\" data-end=\"893\">\u2714 Niisutab ja toniseerib nahka, taastades selle tasakaalu.<br data-start=\"671\" data-end=\"674\" \/>\u2714 Annab nahale s\u00e4ra ja sileduse<br data-start=\"709\" data-end=\"712\" \/>\u2714 Tugevdab kaitsebarj\u00e4\u00e4ri ja parandab elastsust<br data-start=\"762\" data-end=\"765\" \/>\u2714 Antioks\u00fcdant - kaitseb kahjulike keskkonnategurite eest<br data-start=\"829\" data-end=\"832\" \/>\u2714 Valmistab naha ette seerumite v\u00f5i kreemide jaoks, parandades nende imendumist.<\/p>","protected":false},"featured_media":33240,"comment_status":"open","ping_status":"closed","template":"","meta":{"_acf_changed":false},"product_brand":[410],"product_cat":[92,56,59],"product_tag":[],"class_list":{"0":"post-33248","1":"product","2":"type-product","3":"status-publish","4":"has-post-thumbnail","6":"product_brand-beauty-of-joseon","7":"product_cat-groziui","8":"product_cat-veido-serumai","9":"product_cat-veidui","11":"first","12":"outofstock","13":"shipping-taxable","14":"purchasable","15":"product-type-simple"},"acf":[],"tiered_pricing_type":"fixed","tiered_pricing_fixed_rules":[],"tiered_pricing_product_settings":{"layout":"default","base_unit_name":{"singular":null,"plural":null},"default_variation":null},"tiered_pricing_minimum_quantity":null,"tiered_pricing_roles_data":[],"tiered_pricing_percentage_rules":[],"_links":{"self":[{"href":"https:\/\/purama.lt\/ee\/wp-json\/wp\/v2\/product\/33248","targetHints":{"allow":["GET"]}}],"collection":[{"href":"https:\/\/purama.lt\/ee\/wp-json\/wp\/v2\/product"}],"about":[{"href":"https:\/\/purama.lt\/ee\/wp-json\/wp\/v2\/types\/product"}],"replies":[{"embeddable":true,"href":"https:\/\/purama.lt\/ee\/wp-json\/wp\/v2\/comments?post=33248"}],"wp:featuredmedia":[{"embeddable":true,"href":"https:\/\/purama.lt\/ee\/wp-json\/wp\/v2\/media\/33240"}],"wp:attachment":[{"href":"https:\/\/purama.lt\/ee\/wp-json\/wp\/v2\/media?parent=33248"}],"wp:term":[{"taxonomy":"product_brand","embeddable":true,"href":"https:\/\/purama.lt\/ee\/wp-json\/wp\/v2\/product_brand?post=33248"},{"taxonomy":"product_cat","embeddable":true,"href":"https:\/\/purama.lt\/ee\/wp-json\/wp\/v2\/product_cat?post=33248"},{"taxonomy":"product_tag","embeddable":true,"href":"https:\/\/purama.lt\/ee\/wp-json\/wp\/v2\/product_tag?post=33248"}],"curies":[{"name":"wp","href":"https:\/\/api.w.org\/{rel}","templated":true}]}}