{"id":33247,"date":"2025-03-20T14:46:48","date_gmt":"2025-03-20T14:46:48","guid":{"rendered":"https:\/\/purama.lt\/produktas\/beauty-of-joseon-ryziu-sviesinantis-serumas\/"},"modified":"2026-04-10T13:03:26","modified_gmt":"2026-04-10T11:03:26","slug":"ilu-joseon-kergendada-seerumi","status":"publish","type":"product","link":"https:\/\/purama.lt\/ee\/produktas\/beauty-of-joseon-ryziu-sviesinantis-serumas\/","title":{"rendered":"BEAUTY OF JOSEON Rice Brightening Serum (Joosepi riisi helendav seerum)"},"content":{"rendered":"<p><strong>Kasutamine<\/strong><\/p>\n\n\n\n<p>Kandke paar tilka seerumit puhtale, toonitud nahale. Kandke \u00f5rnalt laiali ja laske imenduda. Kasutage hommikul ja \u00f5htul enne niisutavat kreemi.<\/p>\n\n\n\n<p><strong>Koostisained:<\/strong> Riisi ekstrakt, niatsinamiid, arbutiin, h\u00fcaluroonhape, allantoiin, gl\u00fcts\u00fcrrisiin (lagritsa), betaiin.<\/p>\n\n\n\n<p>Ideaalne s\u00e4rava, niisutatud ja visuaalselt sileda naha saavutamiseks.<\/p>","protected":false},"excerpt":{"rendered":"<p data-start=\"77\" data-end=\"616\"><strong data-start=\"77\" data-end=\"124\">BEAUTY OF JOSEON Rice Brightening Serum (Joosepi riisi helendav seerum)<\/strong> - on \u00f5rna, kuid t\u00f5husa koostisega seerum, mis on m\u00f5eldud naha toonuse \u00fchtlustamiseks, kirgastamiseks ja niisutamiseks. Peamine toimeaine on <strong data-start=\"275\" data-end=\"295\">Riisi ekstrakt<\/strong>, mida hinnatakse juba ammustest aegadest alates selle v\u00f5ime t\u00f5ttu nahka helendada, toita ja pehmendada. Seerum aitab v\u00e4hendada pigmendilaike, tuhmust ja v\u00e4simuse m\u00e4rke, tugevdades samal ajal naha kaitsebarj\u00e4\u00e4ri. Sobib ideaalselt igap\u00e4evaseks nahahoolduseks, et saavutada v\u00e4rske, s\u00e4rav ja \u00fchtlane jume.<\/p>\n<p data-start=\"618\" data-end=\"637\"><strong data-start=\"623\" data-end=\"635\">Omadused:<\/strong><\/p>\n<p data-start=\"638\" data-end=\"852\">\u2714 Helendab ja \u00fchtlustab nahatooni<br data-start=\"675\" data-end=\"678\" \/>\u2714 V\u00e4hendab pigmendilaike ja v\u00e4simuse m\u00e4rke<br data-start=\"726\" data-end=\"729\" \/>\u2714 Niisutab ja pehmendab nahka ilma rasvasuseta<br data-start=\"766\" data-end=\"769\" \/>\u2714 Parandab naha tekstuuri ja elastsust<br data-start=\"806\" data-end=\"809\" \/>\u2714 Sobib k\u00f5ikidele nahat\u00fc\u00fcpidele, sealhulgas tundlikule nahale.<\/p>","protected":false},"featured_media":33234,"comment_status":"open","ping_status":"closed","template":"","meta":{"_acf_changed":false},"product_brand":[410],"product_cat":[92,56,59],"product_tag":[],"class_list":{"0":"post-33247","1":"product","2":"type-product","3":"status-publish","4":"has-post-thumbnail","6":"product_brand-beauty-of-joseon","7":"product_cat-groziui","8":"product_cat-veido-serumai","9":"product_cat-veidui","11":"first","12":"outofstock","13":"shipping-taxable","14":"purchasable","15":"product-type-simple"},"acf":[],"tiered_pricing_type":"fixed","tiered_pricing_fixed_rules":[],"tiered_pricing_product_settings":{"layout":"default","base_unit_name":{"singular":null,"plural":null},"default_variation":null},"tiered_pricing_minimum_quantity":null,"tiered_pricing_roles_data":[],"tiered_pricing_percentage_rules":[],"_links":{"self":[{"href":"https:\/\/purama.lt\/ee\/wp-json\/wp\/v2\/product\/33247","targetHints":{"allow":["GET"]}}],"collection":[{"href":"https:\/\/purama.lt\/ee\/wp-json\/wp\/v2\/product"}],"about":[{"href":"https:\/\/purama.lt\/ee\/wp-json\/wp\/v2\/types\/product"}],"replies":[{"embeddable":true,"href":"https:\/\/purama.lt\/ee\/wp-json\/wp\/v2\/comments?post=33247"}],"wp:featuredmedia":[{"embeddable":true,"href":"https:\/\/purama.lt\/ee\/wp-json\/wp\/v2\/media\/33234"}],"wp:attachment":[{"href":"https:\/\/purama.lt\/ee\/wp-json\/wp\/v2\/media?parent=33247"}],"wp:term":[{"taxonomy":"product_brand","embeddable":true,"href":"https:\/\/purama.lt\/ee\/wp-json\/wp\/v2\/product_brand?post=33247"},{"taxonomy":"product_cat","embeddable":true,"href":"https:\/\/purama.lt\/ee\/wp-json\/wp\/v2\/product_cat?post=33247"},{"taxonomy":"product_tag","embeddable":true,"href":"https:\/\/purama.lt\/ee\/wp-json\/wp\/v2\/product_tag?post=33247"}],"curies":[{"name":"wp","href":"https:\/\/api.w.org\/{rel}","templated":true}]}}