{"id":33246,"date":"2025-03-20T14:46:48","date_gmt":"2025-03-20T14:46:48","guid":{"rendered":"https:\/\/purama.lt\/produktas\/beauty-of-joseon-serumas-su-propoliu-ir-niacinamidu\/"},"modified":"2026-04-10T13:03:26","modified_gmt":"2026-04-10T11:03:26","slug":"joseoni-seerumi-ilu-propolise-ja-niatsinamiidiga","status":"publish","type":"product","link":"https:\/\/purama.lt\/ee\/produktas\/beauty-of-joseon-serumas-su-propoliu-ir-niacinamidu\/","title":{"rendered":"BEAUTY OF JOSEON Propolis Glow Serum n\u00e4oseerum"},"content":{"rendered":"<p><strong>Kasutamine:<\/strong><\/p>\n\n\n\n<p>Kandke 2-3 tilka seerumit puhtale ja toniseeritud nahale, jaotage \u00f5rnalt ja laske imenduda. Kasutage hommikul ja \u00f5htul enne niisutavat kreemi.<\/p>\n\n\n\n<p><strong>Koostisained:<\/strong> Propolise ekstrakt, niatsinamiid, betaiin, h\u00fcaluroonhape, arbutiin, rohelise tee ekstrakt, pantenool.<\/p>\n\n\n\n<p>Sobib k\u00f5ikidele nahat\u00fc\u00fcpidele, eriti tundlikule, rasusele v\u00f5i l\u00f6\u00f6vetele kalduvale nahale.<\/p>","protected":false},"excerpt":{"rendered":"<p data-start=\"85\" data-end=\"550\"><strong>BEAUTY OF JOSEON Propolis Glow Serum n\u00e4oseerum<\/strong> - on intensiivse toitva ja taastava koostisega seerum, mis aitab rahustada \u00e4rritunud nahka, taastada selle niiskustasakaalu ja parandada naha \u00fcldist v\u00e4limust. Propolisel on antibakteriaalsed ja taastavad omadused, samas kui niatsinamiid aitab nahka helendada, v\u00e4hendada pigmentatsiooni ja tugevdada barj\u00e4\u00e4rifunktsiooni. See seerum sobib ideaalselt v\u00e4sinud, eba\u00fchtlase v\u00f5i problemaatilise naha puhul.<\/p>\n<p data-start=\"552\" data-end=\"571\"><strong data-start=\"557\" data-end=\"569\">Omadused:<br \/><\/strong>\u2714 Rahustab \u00e4rritunud, tundlikku v\u00f5i aknele kalduvat nahka.<br data-start=\"623\" data-end=\"626\" \/>\u2714 Aitab \u00fchtlustada naha tooni ja v\u00e4hendada pigmentatsiooni<br data-start=\"687\" data-end=\"690\" \/>\u2714 Toidab ja niisutab nahka, taastades tervisliku v\u00e4limuse.<br data-start=\"741\" data-end=\"744\" \/>\u2714 Tugevdab naha kaitsebarj\u00e4\u00e4ri ja v\u00e4hendab p\u00f5letikku.<br data-start=\"796\" data-end=\"799\" \/>\u2714 Kerge tekstuur imendub kiiresti, j\u00e4tmata rasvaseid j\u00e4\u00e4ke<\/p>","protected":false},"featured_media":33238,"comment_status":"open","ping_status":"closed","template":"","meta":{"_acf_changed":false},"product_brand":[410],"product_cat":[92,500,56,59],"product_tag":[],"class_list":{"0":"post-33246","1":"product","2":"type-product","3":"status-publish","4":"has-post-thumbnail","6":"product_brand-beauty-of-joseon","7":"product_cat-groziui","8":"product_cat-outlet","9":"product_cat-veido-serumai","10":"product_cat-veidui","12":"first","13":"instock","14":"sale","15":"shipping-taxable","16":"purchasable","17":"product-type-simple"},"acf":[],"tiered_pricing_type":"fixed","tiered_pricing_fixed_rules":[],"tiered_pricing_product_settings":{"layout":"default","base_unit_name":{"singular":null,"plural":null},"default_variation":null},"tiered_pricing_minimum_quantity":null,"tiered_pricing_roles_data":[],"tiered_pricing_percentage_rules":[],"_links":{"self":[{"href":"https:\/\/purama.lt\/ee\/wp-json\/wp\/v2\/product\/33246","targetHints":{"allow":["GET"]}}],"collection":[{"href":"https:\/\/purama.lt\/ee\/wp-json\/wp\/v2\/product"}],"about":[{"href":"https:\/\/purama.lt\/ee\/wp-json\/wp\/v2\/types\/product"}],"replies":[{"embeddable":true,"href":"https:\/\/purama.lt\/ee\/wp-json\/wp\/v2\/comments?post=33246"}],"wp:featuredmedia":[{"embeddable":true,"href":"https:\/\/purama.lt\/ee\/wp-json\/wp\/v2\/media\/33238"}],"wp:attachment":[{"href":"https:\/\/purama.lt\/ee\/wp-json\/wp\/v2\/media?parent=33246"}],"wp:term":[{"taxonomy":"product_brand","embeddable":true,"href":"https:\/\/purama.lt\/ee\/wp-json\/wp\/v2\/product_brand?post=33246"},{"taxonomy":"product_cat","embeddable":true,"href":"https:\/\/purama.lt\/ee\/wp-json\/wp\/v2\/product_cat?post=33246"},{"taxonomy":"product_tag","embeddable":true,"href":"https:\/\/purama.lt\/ee\/wp-json\/wp\/v2\/product_tag?post=33246"}],"curies":[{"name":"wp","href":"https:\/\/api.w.org\/{rel}","templated":true}]}}