{"id":33244,"date":"2025-03-20T14:46:47","date_gmt":"2025-03-20T14:46:47","guid":{"rendered":"https:\/\/purama.lt\/produktas\/beauty-of-joseon-svelnus-drekinamasis-veido-kremas\/"},"modified":"2026-04-10T13:03:26","modified_gmt":"2026-04-10T11:03:26","slug":"joseoni-niisutava-naokreemi-ilu","status":"publish","type":"product","link":"https:\/\/purama.lt\/ee\/produktas\/beauty-of-joseon-svelnus-drekinamasis-veido-kremas\/","title":{"rendered":"BEAUTY OF JOSEON Dynasty Cream n\u00e4okreem"},"content":{"rendered":"<p><strong>Kasutamine:<\/strong><\/p>\n\n\n\n<p>Kandke v\u00e4ike kogus kreemi puhtale nahale p\u00e4rast seerumit v\u00f5i toonikut. Kasutage hommikul ja \u00f5htul, v\u00e4ltides silmapiirkonda.<\/p>\n\n\n\n<p><strong>Koostisained:<\/strong> Riisikliivvesi, rohelise tee ekstrakt, ravimtaimede kompleks (Hanbang), keramiidid, skvalaan, betaiin, niatsiinamiid, pantenool.<\/p>\n\n\n\n<p>Sobib igap\u00e4evaseks kasutamiseks, isegi tundlikule v\u00f5i \u00e4rritusele kalduvale nahale.<\/p>","protected":false},"excerpt":{"rendered":"<p data-start=\"84\" data-end=\"541\"><strong>BEAUTY OF JOSEON Dynasty Cream n\u00e4okreem<\/strong>\u00a0- on kerge tekstuuriga, kuid t\u00f5hus niisutav kreem, mis sobib igap\u00e4evaseks hoolduseks k\u00f5ikidele nahat\u00fc\u00fcpidele. Korea traditsioonilise taimse filosoofia (Hanbang) kohaselt koostatud kreem rahustab, toidab ja tasakaalustab nahka. Taimsed ekstraktid koos keramiidikompleksiga aitavad tugevdada naha kaitsebarj\u00e4\u00e4ri, ennetada niiskuskaotust ja pakkuda pikaajalist mugavustunnet.<\/p>\n<p data-start=\"543\" data-end=\"562\"><strong data-start=\"548\" data-end=\"560\">Omadused:<br \/><\/strong>\u2714 Pikaajaline niisutus ilma rasvasuse tundeta<br data-start=\"605\" data-end=\"608\" \/>\u2714 Rahustab \u00e4rritunud ja tundlikku nahka<br data-start=\"642\" data-end=\"645\" \/>\u2714 Tugevdab naha kaitsebarj\u00e4\u00e4ri<br data-start=\"678\" data-end=\"681\" \/>\u2714 Sobib kombineeritud, rasusele ja tundlikule nahale.<br data-start=\"722\" data-end=\"725\" \/>\u2714 Imendub kiiresti, sobib ideaalselt p\u00e4rast seerumit v\u00f5i enne meiki.<\/p>","protected":false},"featured_media":33241,"comment_status":"open","ping_status":"closed","template":"","meta":{"_acf_changed":false},"product_brand":[410],"product_cat":[92,500,55,59],"product_tag":[],"class_list":{"0":"post-33244","1":"product","2":"type-product","3":"status-publish","4":"has-post-thumbnail","6":"product_brand-beauty-of-joseon","7":"product_cat-groziui","8":"product_cat-outlet","9":"product_cat-veido-kremai","10":"product_cat-veidui","12":"first","13":"instock","14":"sale","15":"shipping-taxable","16":"purchasable","17":"product-type-simple"},"acf":[],"tiered_pricing_type":"fixed","tiered_pricing_fixed_rules":[],"tiered_pricing_product_settings":{"layout":"default","base_unit_name":{"singular":null,"plural":null},"default_variation":null},"tiered_pricing_minimum_quantity":null,"tiered_pricing_roles_data":[],"tiered_pricing_percentage_rules":[],"_links":{"self":[{"href":"https:\/\/purama.lt\/ee\/wp-json\/wp\/v2\/product\/33244","targetHints":{"allow":["GET"]}}],"collection":[{"href":"https:\/\/purama.lt\/ee\/wp-json\/wp\/v2\/product"}],"about":[{"href":"https:\/\/purama.lt\/ee\/wp-json\/wp\/v2\/types\/product"}],"replies":[{"embeddable":true,"href":"https:\/\/purama.lt\/ee\/wp-json\/wp\/v2\/comments?post=33244"}],"wp:featuredmedia":[{"embeddable":true,"href":"https:\/\/purama.lt\/ee\/wp-json\/wp\/v2\/media\/33241"}],"wp:attachment":[{"href":"https:\/\/purama.lt\/ee\/wp-json\/wp\/v2\/media?parent=33244"}],"wp:term":[{"taxonomy":"product_brand","embeddable":true,"href":"https:\/\/purama.lt\/ee\/wp-json\/wp\/v2\/product_brand?post=33244"},{"taxonomy":"product_cat","embeddable":true,"href":"https:\/\/purama.lt\/ee\/wp-json\/wp\/v2\/product_cat?post=33244"},{"taxonomy":"product_tag","embeddable":true,"href":"https:\/\/purama.lt\/ee\/wp-json\/wp\/v2\/product_tag?post=33244"}],"curies":[{"name":"wp","href":"https:\/\/api.w.org\/{rel}","templated":true}]}}