{"id":33062,"date":"2025-03-14T13:19:57","date_gmt":"2025-03-14T13:19:57","guid":{"rendered":"https:\/\/purama.lt\/produktas\/zenyth-colonhelp-ekologiski-milteliai\/"},"modified":"2026-03-18T14:46:06","modified_gmt":"2026-03-18T12:46:06","slug":"zenyth-colonhelp-orgaaniline-pulber","status":"publish","type":"product","link":"https:\/\/purama.lt\/ee\/produktas\/zenyth-colonhelp-ekologiski-milteliai\/","title":{"rendered":"ZENYTH ColonHelp orgaaniline pulber"},"content":{"rendered":"<h4 class=\"wp-block-heading\"><strong>Kuidas kasutada<\/strong>?<\/h4>\n\n\n\n<p>T\u00e4iskasvanutele soovitatakse v\u00f5tta <strong>1-3 lusikat\u00e4it<\/strong> (8-24 g) kiudaineid p\u00e4evas.<br>Laste ja noorukite (12-18 aastat) puhul on soovitatav kasutada j\u00e4rgmist. <strong>1 k\u00fchvel<\/strong> (8 g) kiudaineid p\u00e4evas.<br>Maksimaalne p\u00e4evane annus kuni <strong>4 lusikat\u00e4it<\/strong> (32 g) kiudaineid p\u00e4evas.<\/p>\n\n\n\n<p><strong>Ettevalmistus:<\/strong> Segage toode kokku <strong>200 ml vett, mahla v\u00f5i jogurtit<\/strong> ja v\u00f5tke \u00fcks jook. V\u00f5tke enne v\u00f5i p\u00e4rast s\u00f6\u00f6ki.<\/p>\n\n\n\n<p><strong>Oluline!<\/strong><br>P\u00e4rast <strong>ColonHelp<\/strong> toidulisandi kasutamine on vajalik joomiseks <strong>1-2 klaasi vett (umbes 400 ml)<\/strong>.<br>Soovitatav p\u00e4evane tarbimine peaks olema v\u00e4hemalt <strong>1,5-2 liitrit vett<\/strong>et tagada kiudainetega n\u00f5uetekohane kokkupuude ja v\u00e4ltida ebamugavustunnet seedes\u00fcsteemis.<\/p>\n\n\n\n<p><strong>Koostisained:<\/strong> lina k\u00fclvamiseks (<em>Linum usitatissimum<\/em>), linaseemned, valgete silmadega susanid (<em>Plantago ovata<\/em>) seemnekoored, purustatud k\u00f6\u00f6mne seemned (<em>Carum carvi<\/em>), purustatud koriandri seemned (<em>Coriandrum sativum<\/em>) seemned, pune (Origanum vulgare), hakitud peterselli (Petroselinum crispum) lehed. \u00a0<\/p>","protected":false},"excerpt":{"rendered":"<p data-start=\"88\" data-end=\"418\"><strong data-start=\"88\" data-end=\"108\">ZENYTH ColonHelp<\/strong> - see <strong data-start=\"115\" data-end=\"159\">unikaalne kiudkompleks<\/strong>, mille eesm\u00e4rk on tagada <strong data-start=\"190\" data-end=\"264\">hea seedimine, soolestiku tasakaal ja \u00fcldine heaolu<\/strong>. See valem \u00fchendab <strong data-start=\"286\" data-end=\"343\">ideaalselt tasakaalustatud lahustuvad ja lahustumatud kiudained<\/strong>mis paisuvad looduslikult soolestikus, reguleerides \u00f5rnalt selle tegevust.<\/p>\n<p data-start=\"420\" data-end=\"659\">T\u00e4iendavad <strong data-start=\"430\" data-end=\"517\">neli v\u00e4\u00e4rtuslikku v\u00fcrtsi - petersell, k\u00f6\u00f6mned, pune ja koriander.<\/strong>, samuti <strong data-start=\"528\" data-end=\"537\">savid<\/strong> - See segu ei soodusta mitte ainult paremat seedimist, vaid aitab ka k\u00f5rvaldada toksiine ja toetada normaalset maksafunktsiooni.<\/p>\n<p data-start=\"666\" data-end=\"713\"><strong data-start=\"670\" data-end=\"711\">Miks valida ZENYTH ColonHelp?<\/strong><\/p>\n<p data-start=\"715\" data-end=\"1423\">\u2714 Looduslik ja tasakaalustatud kiudainete koostis - lahustuvad ja lahustumatud kiudained toimivad s\u00fcnergiliselt, et tagada \u00f5rn, kuid t\u00f5hus soolestiku puhastamine.<br data-start=\"861\" data-end=\"864\" \/>\u2714 Soodustab normaalset seedimist - looduslikud koostisosad toetavad seedetrakti funktsiooni.<br data-start=\"963\" data-end=\"966\" \/>\u2714 Aitab s\u00e4ilitada tervislikku soolestiku mikrofloorat - parandab toitainete imendumist ja organismi loomulikku detoksikatsiooni.<br data-start=\"1087\" data-end=\"1090\" \/>\u2714 Aitab kaasa normaalsele kolesteroolitaseme saavutamisele - valge veeni seemnete kestad v\u00f5ivad aidata reguleerida kolesteroolitaset.<br data-start=\"1224\" data-end=\"1227\" \/>\u2714 Toetab maksafunktsiooni - pune on looduslikud omadused, mis v\u00f5ivad aidata tugevdada maksafunktsiooni<br data-start=\"1332\" data-end=\"1335\" \/>\u2714 Rikastatud looduslike v\u00fcrtside ja saviga - lisakasu seedetraktile<\/p>","protected":false},"featured_media":33068,"comment_status":"open","ping_status":"closed","template":"","meta":{"_acf_changed":false},"product_brand":[463],"product_cat":[123,266,267,500,264,265],"product_tag":[],"class_list":{"0":"post-33062","1":"product","2":"type-product","3":"status-publish","4":"has-post-thumbnail","6":"product_brand-zenyth","7":"product_cat-papildai-ilgaamziskumui","8":"product_cat-fermentai-ir-virskinimas","9":"product_cat-kepenu-detoksas","10":"product_cat-outlet","11":"product_cat-virskinimui-ir-detoksui","12":"product_cat-zarnynas-ir-mikrobioma","14":"first","15":"instock","16":"sale","17":"shipping-taxable","18":"purchasable","19":"product-type-simple"},"acf":[],"tiered_pricing_type":"fixed","tiered_pricing_fixed_rules":[],"tiered_pricing_product_settings":{"layout":"default","base_unit_name":{"singular":null,"plural":null},"default_variation":null},"tiered_pricing_minimum_quantity":null,"tiered_pricing_roles_data":[],"tiered_pricing_percentage_rules":[],"_links":{"self":[{"href":"https:\/\/purama.lt\/ee\/wp-json\/wp\/v2\/product\/33062","targetHints":{"allow":["GET"]}}],"collection":[{"href":"https:\/\/purama.lt\/ee\/wp-json\/wp\/v2\/product"}],"about":[{"href":"https:\/\/purama.lt\/ee\/wp-json\/wp\/v2\/types\/product"}],"replies":[{"embeddable":true,"href":"https:\/\/purama.lt\/ee\/wp-json\/wp\/v2\/comments?post=33062"}],"wp:featuredmedia":[{"embeddable":true,"href":"https:\/\/purama.lt\/ee\/wp-json\/wp\/v2\/media\/33068"}],"wp:attachment":[{"href":"https:\/\/purama.lt\/ee\/wp-json\/wp\/v2\/media?parent=33062"}],"wp:term":[{"taxonomy":"product_brand","embeddable":true,"href":"https:\/\/purama.lt\/ee\/wp-json\/wp\/v2\/product_brand?post=33062"},{"taxonomy":"product_cat","embeddable":true,"href":"https:\/\/purama.lt\/ee\/wp-json\/wp\/v2\/product_cat?post=33062"},{"taxonomy":"product_tag","embeddable":true,"href":"https:\/\/purama.lt\/ee\/wp-json\/wp\/v2\/product_tag?post=33062"}],"curies":[{"name":"wp","href":"https:\/\/api.w.org\/{rel}","templated":true}]}}