{"id":32575,"date":"2025-02-21T09:28:38","date_gmt":"2025-02-21T09:28:38","guid":{"rendered":"https:\/\/purama.lt\/produktas\/pulsetto-vagus-nervo-stimuliatoriaus-gelis\/"},"modified":"2025-06-16T06:48:06","modified_gmt":"2025-06-16T06:48:06","slug":"pulsetto-vagusnarvi-stimulatsioonigeel","status":"publish","type":"product","link":"https:\/\/purama.lt\/ee\/produktas\/pulsetto-vagus-nervo-stimuliatoriaus-gelis\/","title":{"rendered":"Pulsetto vagusn\u00e4rvi stimulatsioonigeel"},"content":{"rendered":"<p>Kasutamine: kandke enne kasutamist v\u00e4ike kogus geeli elektroodidele ja nautige veelgi t\u00f5husamat stimulatsiooni.<\/p>\n\n\n\n<p><strong>Pulsetto geel<\/strong> - h\u00e4davajalik tarvik maksimaalse mugavuse ja parimate tulemuste saavutamiseks!<\/p>","protected":false},"excerpt":{"rendered":"<p data-start=\"0\" data-end=\"307\"><strong data-start=\"0\" data-end=\"46\">Pulsetto vagusn\u00e4rvi stimulatsioonigeel<\/strong> - on spetsiaalselt loodud juhtiv geel, mis tagab Pulsetto optimaalse toimimise ja t\u00f5husa vagusn\u00e4rvi stimulatsiooni. Geel parandab elektriimpulsside juhtivust ja suurendab stimulatsiooni mugavust, tagades parima tulemuse iga kasutuskorraga.<\/p>\n<p data-start=\"309\" data-end=\"576\">Seda geeli on lihtne peale kanda, see kuivab kiiresti ja ei j\u00e4ta kleepuvat tunnet. See on valmistatud nii, et see ei \u00e4rrita ja sobib igap\u00e4evaseks kasutamiseks. <strong data-start=\"463\" data-end=\"481\">Pulsetto geel<\/strong> on h\u00e4davajalik lisatarvik, mis tagab vagusn\u00e4rvi stimulaatori maksimaalse t\u00f5hususe ja mugavuse.<\/p>\n<h4 data-start=\"578\" data-end=\"596\"><strong data-start=\"582\" data-end=\"594\">Omadused:<\/strong><\/h4>\n<ul data-start=\"597\" data-end=\"815\">\n<li data-start=\"597\" data-end=\"658\"><strong data-start=\"599\" data-end=\"627\">Parandab impulsijuhtivust<\/strong> ja stimuleerimise t\u00f5husus.<\/li>\n<li data-start=\"659\" data-end=\"701\"><strong data-start=\"661\" data-end=\"699\">Tagab mugavuse kasutamise ajal.<\/strong><\/li>\n<li data-start=\"702\" data-end=\"770\"><strong data-start=\"704\" data-end=\"740\">Lihtne kanda, kiire kuivamine<\/strong>, ei j\u00e4ta kleepuvat tunnet.<\/li>\n<li data-start=\"771\" data-end=\"815\"><strong data-start=\"773\" data-end=\"790\">H\u00fcpoallergeenne<\/strong> - sobib tundlikule nahale.<\/li>\n<\/ul>","protected":false},"featured_media":0,"comment_status":"open","ping_status":"closed","template":"","meta":{"_acf_changed":false},"product_brand":[],"product_cat":[282,285,283],"product_tag":[],"class_list":{"0":"post-32575","1":"product","2":"type-product","3":"status-publish","5":"product_cat-longevity-prietaisai","6":"product_cat-nervu-stimuliacija","7":"product_cat-sveikatingumo-prietaisai","9":"first","10":"outofstock","11":"shipping-taxable","12":"purchasable","13":"product-type-simple"},"acf":[],"tiered_pricing_type":"fixed","tiered_pricing_fixed_rules":[],"tiered_pricing_product_settings":{"layout":"default","base_unit_name":{"singular":null,"plural":null},"default_variation":null},"tiered_pricing_minimum_quantity":null,"tiered_pricing_roles_data":[],"tiered_pricing_percentage_rules":[],"_links":{"self":[{"href":"https:\/\/purama.lt\/ee\/wp-json\/wp\/v2\/product\/32575","targetHints":{"allow":["GET"]}}],"collection":[{"href":"https:\/\/purama.lt\/ee\/wp-json\/wp\/v2\/product"}],"about":[{"href":"https:\/\/purama.lt\/ee\/wp-json\/wp\/v2\/types\/product"}],"replies":[{"embeddable":true,"href":"https:\/\/purama.lt\/ee\/wp-json\/wp\/v2\/comments?post=32575"}],"wp:attachment":[{"href":"https:\/\/purama.lt\/ee\/wp-json\/wp\/v2\/media?parent=32575"}],"wp:term":[{"taxonomy":"product_brand","embeddable":true,"href":"https:\/\/purama.lt\/ee\/wp-json\/wp\/v2\/product_brand?post=32575"},{"taxonomy":"product_cat","embeddable":true,"href":"https:\/\/purama.lt\/ee\/wp-json\/wp\/v2\/product_cat?post=32575"},{"taxonomy":"product_tag","embeddable":true,"href":"https:\/\/purama.lt\/ee\/wp-json\/wp\/v2\/product_tag?post=32575"}],"curies":[{"name":"wp","href":"https:\/\/api.w.org\/{rel}","templated":true}]}}