{"id":32574,"date":"2025-02-21T09:28:37","date_gmt":"2025-02-21T09:28:37","guid":{"rendered":"https:\/\/purama.lt\/produktas\/pulsetto-vagus-nervo-stimuliatoriaus-kelioninis-deklas\/"},"modified":"2025-11-12T13:49:23","modified_gmt":"2025-11-12T11:49:23","slug":"pulsetto-vagusnarvi-stimulaatori-reisikleebis","status":"publish","type":"product","link":"https:\/\/purama.lt\/ee\/produktas\/pulsetto-vagus-nervo-stimuliatoriaus-kelioninis-deklas\/","title":{"rendered":"Pulsetto vagusn\u00e4rvi stimulaatori reisikohver"},"content":{"rendered":"<p><strong>Pulsetto puhul<\/strong> - see ei ole mitte ainult kaitse, vaid ka praktiline lahendus neile, kes soovivad oma seadet hoida <strong>turvaline, puhas ja alati k\u00e4ep\u00e4rast<\/strong>.<\/p>","protected":false},"excerpt":{"rendered":"<p data-start=\"85\" data-end=\"503\">Kanna oma <strong data-start=\"101\" data-end=\"113\">Pulsetto<\/strong> v\u00f5tke oma seade k\u00f5ikjale kaasa <strong data-start=\"148\" data-end=\"195\">vastupidav ja elegantne k\u00f5vakesta korpus<\/strong>. See on loodud kaitsma teie seadet l\u00f6\u00f6kide, kriimustuste ja keskkonnam\u00f5jude eest, tagades vastupidavuse ja ohutuse igap\u00e4evases kasutuses. Sisemine pehme kaitsematerjal kaitseb teie seadet mehaaniliste vigastuste eest ja tugev t\u00f5mblukus\u00fcsteem takistab selle ootamatut avanemist.<\/p>\n<p data-start=\"505\" data-end=\"819\">See on ideaalne mitte ainult kodus, vaid ka t\u00f6\u00f6kohal v\u00f5i v\u00e4ljas olles, nii et seade on alati kaitstud, olenemata sellest, kas kannate seda seljakotis, k\u00e4ekotis v\u00f5i taskus. <strong data-start=\"694\" data-end=\"737\">Minimalistlik ja ergonoomiline disain<\/strong> tagab, et \u00fcmbris ei v\u00f5ta palju ruumi, kuid t\u00e4idab oma funktsiooni suurep\u00e4raselt.<\/p>\n<h4 data-start=\"821\" data-end=\"839\"><strong data-start=\"825\" data-end=\"837\">Omadused:<\/strong><\/h4>\n<ul data-start=\"840\" data-end=\"1390\">\n<li data-start=\"840\" data-end=\"924\"><strong data-start=\"842\" data-end=\"858\">Kompaktne<\/strong> - Kohvri \u00f5huke, voolujooneline disain v\u00f5tab minimaalselt ruumi.<\/li>\n<li data-start=\"925\" data-end=\"1016\"><strong data-start=\"927\" data-end=\"939\">Vastupidav<\/strong> - vastupidavad ja vastupidavad materjalid pakuvad kaitset l\u00f6\u00f6kide ja kriimustuste eest.<\/li>\n<li data-start=\"1017\" data-end=\"1104\"><strong data-start=\"1019\" data-end=\"1051\">Kaitsev sisemine vooder<\/strong> - pehme materjal kaitseb seadet kriimustuste eest.<\/li>\n<li data-start=\"1105\" data-end=\"1191\"><strong data-start=\"1107\" data-end=\"1130\">Turvaline zip<\/strong> - tugev klambris\u00fcsteem takistab seadme v\u00e4lja kukkumist.<\/li>\n<li data-start=\"1192\" data-end=\"1283\"><strong data-start=\"1194\" data-end=\"1219\">Kerge ja kaasaskantav<\/strong> - mugav igap\u00e4evaseks kasutamiseks kodus ja teel olles.<\/li>\n<li data-start=\"1284\" data-end=\"1390\"><strong data-start=\"1286\" data-end=\"1299\">Stiilne<\/strong> - kaasaegne disain annab elegantse v\u00e4limuse ja sobib ideaalselt Pulsetto seadmega.<\/li>\n<\/ul>","protected":false},"featured_media":32578,"comment_status":"open","ping_status":"closed","template":"","meta":{"_acf_changed":false},"product_brand":[448],"product_cat":[282,285,61,283],"product_tag":[],"class_list":{"0":"post-32574","1":"product","2":"type-product","3":"status-publish","4":"has-post-thumbnail","6":"product_brand-pulsetto","7":"product_cat-longevity-prietaisai","8":"product_cat-nervu-stimuliacija","9":"product_cat-ramybei","10":"product_cat-sveikatingumo-prietaisai","12":"first","13":"instock","14":"shipping-taxable","15":"purchasable","16":"product-type-simple"},"acf":[],"tiered_pricing_type":"fixed","tiered_pricing_fixed_rules":[],"tiered_pricing_product_settings":{"layout":"default","base_unit_name":{"singular":null,"plural":null},"default_variation":null},"tiered_pricing_minimum_quantity":null,"tiered_pricing_roles_data":[],"tiered_pricing_percentage_rules":[],"_links":{"self":[{"href":"https:\/\/purama.lt\/ee\/wp-json\/wp\/v2\/product\/32574","targetHints":{"allow":["GET"]}}],"collection":[{"href":"https:\/\/purama.lt\/ee\/wp-json\/wp\/v2\/product"}],"about":[{"href":"https:\/\/purama.lt\/ee\/wp-json\/wp\/v2\/types\/product"}],"replies":[{"embeddable":true,"href":"https:\/\/purama.lt\/ee\/wp-json\/wp\/v2\/comments?post=32574"}],"wp:featuredmedia":[{"embeddable":true,"href":"https:\/\/purama.lt\/ee\/wp-json\/wp\/v2\/media\/32578"}],"wp:attachment":[{"href":"https:\/\/purama.lt\/ee\/wp-json\/wp\/v2\/media?parent=32574"}],"wp:term":[{"taxonomy":"product_brand","embeddable":true,"href":"https:\/\/purama.lt\/ee\/wp-json\/wp\/v2\/product_brand?post=32574"},{"taxonomy":"product_cat","embeddable":true,"href":"https:\/\/purama.lt\/ee\/wp-json\/wp\/v2\/product_cat?post=32574"},{"taxonomy":"product_tag","embeddable":true,"href":"https:\/\/purama.lt\/ee\/wp-json\/wp\/v2\/product_tag?post=32574"}],"curies":[{"name":"wp","href":"https:\/\/api.w.org\/{rel}","templated":true}]}}