{"id":32526,"date":"2025-02-18T11:07:13","date_gmt":"2025-02-18T11:07:13","guid":{"rendered":"https:\/\/purama.lt\/?post_type=product&#038;p=32526"},"modified":"2026-04-27T17:11:03","modified_gmt":"2026-04-27T15:11:03","slug":"kojines-jaada-magic-lilla-sporcks","status":"publish","type":"product","link":"https:\/\/purama.lt\/ee\/produktas\/kojines-stay-magic-purple-sporcks\/","title":{"rendered":"SPORCKS Stay Magic Purple spordisokid"},"content":{"rendered":"<p>Kas otsite rohkem? Vaadake t\u00e4ielikku <a href=\"\/ee\/tootesildid\/sporcks\/\">Sporcki sortiment<\/a>.<\/p>","protected":false},"excerpt":{"rendered":"<p data-start=\"0\" data-end=\"333\"><strong>SPORCKS P\u00fcsib Maagiline Lilla<\/strong> - on k\u00f5rge kvaliteediga jooksusokk, mis on loodud maksimaalse mugavuse, j\u00f5udluse ja ainulaadse stiili saavutamiseks. Ergonoomiline disain ja tugevdatud tugi pahkluu ja jalalaba juures tagavad stabiilsuse, aitavad v\u00e4hendada v\u00e4simust ja s\u00e4ilitada jala loomulikku asendit jooksu ajal.<\/p>\n<p data-start=\"335\" data-end=\"797\">Keskmise kompressiooni tase parandab vereringet, v\u00e4hendab lihaspinget ja p\u00f5letiku t\u00f5en\u00e4osust, mist\u00f5ttu on sokid ideaalsed nii l\u00fchikeseks kui ka pikaks jooksuks. Kanna ja varvaste piirkonnad on valmistatud <strong>COOLMAX\u00ae<\/strong> Kangas, mis neelab t\u00f5husalt p\u00f5rutusi, tagab \u00f5hu l\u00e4bilaskvuse ja takistab villide tekkimist. Kerge, kuid vastupidav kangas juhib kiiresti niiskust, aitab s\u00e4ilitada optimaalset nahatemperatuuri ja tagab v\u00e4rske tunde ka k\u00f5ige intensiivsemate treeningute ajal.<\/p>\n<h4 data-start=\"799\" data-end=\"829\"><strong data-start=\"803\" data-end=\"827\">Peamised omadused:<\/strong><\/h4>\n<ul data-start=\"830\" data-end=\"1410\">\n<li data-start=\"830\" data-end=\"906\"><strong data-start=\"832\" data-end=\"860\">T\u00e4iustatud toetus:<\/strong> Stabiilsus pahkluu ja talla juures.<\/li>\n<li data-start=\"907\" data-end=\"987\"><strong data-start=\"909\" data-end=\"940\">Keskmine kokkusurumine:<\/strong> Stimuleerib vereringet ja v\u00e4hendab lihasv\u00e4simust.<\/li>\n<li data-start=\"988\" data-end=\"1082\"><strong data-start=\"990\" data-end=\"1011\">COOLMAX\u00ae kangas:<\/strong> R\u00f5hup\u00f5letike kaitse, t\u00f5hus l\u00f6\u00f6gisummutus ja \u00f5hu l\u00e4bilaskvus.<\/li>\n<li data-start=\"1083\" data-end=\"1165\"><strong data-start=\"1085\" data-end=\"1110\">Hingav v\u00f5rk:<\/strong> Optimeerib naha temperatuuri aktiivse liikumise ajal.<\/li>\n<li data-start=\"1166\" data-end=\"1242\"><strong data-start=\"1168\" data-end=\"1200\">Kiire niiskuse eemaldamine:<\/strong> Sokid p\u00fcsivad kuivad ja mugavad.<\/li>\n<li data-start=\"1243\" data-end=\"1339\"><strong data-start=\"1245\" data-end=\"1270\">Valmistatud Hispaanias:<\/strong> Garantii tippkvaliteedile, mis on inspireeritud professionaalsetest sportlastest.<\/li>\n<li data-start=\"1340\" data-end=\"1410\"><strong data-start=\"1342\" data-end=\"1354\">Koostis:<\/strong> COOLMAX\u00ae ja nailon tagavad pehmuse ja vastupidavuse.<\/li>\n<\/ul>\n<p data-start=\"1412\" data-end=\"1640\" data-is-last-node=\"\"><strong data-start=\"1412\" data-end=\"1443\">\u201eStay Magic Purple\u201c SPORCKS<\/strong> - mitte ainult tehnoloogiliselt t\u00e4iustatud, vaid ka stiilsed sokid, mis aitavad teil saavutada uusi sportlikke eesm\u00e4rke mugavuse ja enesekindlusega. Vali kvaliteet, mis kohandub sinu liikumise r\u00fctmiga!<\/p>","protected":false},"featured_media":32529,"comment_status":"open","ping_status":"closed","template":"","meta":{"_acf_changed":false},"product_brand":[246],"product_cat":[98,57,102],"product_tag":[],"class_list":{"0":"post-32526","1":"product","2":"type-product","3":"status-publish","4":"has-post-thumbnail","6":"product_brand-sporcks","7":"product_cat-sportui","8":"product_cat-akcijos","9":"product_cat-kojines","11":"first","12":"instock","13":"sale","14":"shipping-taxable","15":"purchasable","16":"product-type-variable"},"acf":[],"tiered_pricing_type":"fixed","tiered_pricing_fixed_rules":[],"tiered_pricing_product_settings":{"layout":"default","base_unit_name":{"singular":null,"plural":null},"default_variation":null},"tiered_pricing_minimum_quantity":null,"tiered_pricing_roles_data":[],"tiered_pricing_percentage_rules":[],"_links":{"self":[{"href":"https:\/\/purama.lt\/ee\/wp-json\/wp\/v2\/product\/32526","targetHints":{"allow":["GET"]}}],"collection":[{"href":"https:\/\/purama.lt\/ee\/wp-json\/wp\/v2\/product"}],"about":[{"href":"https:\/\/purama.lt\/ee\/wp-json\/wp\/v2\/types\/product"}],"replies":[{"embeddable":true,"href":"https:\/\/purama.lt\/ee\/wp-json\/wp\/v2\/comments?post=32526"}],"wp:featuredmedia":[{"embeddable":true,"href":"https:\/\/purama.lt\/ee\/wp-json\/wp\/v2\/media\/32529"}],"wp:attachment":[{"href":"https:\/\/purama.lt\/ee\/wp-json\/wp\/v2\/media?parent=32526"}],"wp:term":[{"taxonomy":"product_brand","embeddable":true,"href":"https:\/\/purama.lt\/ee\/wp-json\/wp\/v2\/product_brand?post=32526"},{"taxonomy":"product_cat","embeddable":true,"href":"https:\/\/purama.lt\/ee\/wp-json\/wp\/v2\/product_cat?post=32526"},{"taxonomy":"product_tag","embeddable":true,"href":"https:\/\/purama.lt\/ee\/wp-json\/wp\/v2\/product_tag?post=32526"}],"curies":[{"name":"wp","href":"https:\/\/api.w.org\/{rel}","templated":true}]}}