{"id":32516,"date":"2025-02-18T08:03:27","date_gmt":"2025-02-18T08:03:27","guid":{"rendered":"https:\/\/purama.lt\/produktas\/hayejin-ricefila-valomasis-aliejus\/"},"modified":"2026-04-10T13:03:26","modified_gmt":"2026-04-10T11:03:26","slug":"hayejin-ricefila-puhastav-oli","status":"publish","type":"product","link":"https:\/\/purama.lt\/ee\/produktas\/hayejin-ricefila-valomasis-aliejus\/","title":{"rendered":"HAYEJIN RiceFila puhastav \u00f5li"},"content":{"rendered":"<h4 class=\"wp-block-heading\"><strong>Kuidas toimib HAYEJIN RiceFila puhastav \u00f5li?<\/strong><\/h4>\n\n\n\n<ul class=\"wp-block-list\">\n<li><strong>Lahustab t\u00f5husalt meiki<\/strong>, eemaldab isegi veekindlad kosmeetikatooted<\/li>\n\n\n\n<li><strong>Eemaldab nahalt mustuse ja liigse rasu<\/strong>h\u00e4irimata loomulikku niiskustasakaalu<\/li>\n\n\n\n<li><strong>J\u00e4tab naha niisutatuks, pehmeks ja elastseks.<\/strong><\/li>\n\n\n\n<li><strong>Ei p\u00f5hjusta pooride ummistumist<\/strong>sobib k\u00f5ikidele nahat\u00fc\u00fcpidele<\/li>\n<\/ul>\n\n\n\n<h4 class=\"wp-block-heading\"><strong>Kuidas kasutada?<\/strong><\/h4>\n\n\n\n<ol class=\"wp-block-list\">\n<li><strong>Kuivad k\u00e4ed<\/strong> kandke \u00f5li kuivale nahale.<\/li>\n\n\n\n<li>Masseerige ringjate liigutustega, kuni meik ja mustus lahustuvad.<\/li>\n\n\n\n<li>Niisutage k\u00e4ed sooja veega ja j\u00e4tkake massaa\u017ei - \u00f5li muutub kergeks kreemiks.<\/li>\n\n\n\n<li>Loputage h\u00e4sti sooja veega.<\/li>\n\n\n\n<li><strong>Parima tulemuse saavutamiseks<\/strong> kasutamine koos <strong><a href=\"https:\/\/purama.lt\/ee\/toode\/hayejin-ricefila-puhastusvaht\/\">HAYEJIN RiceFila puhastusvaht<\/a><\/strong> kahekordseks puhastamiseks.<\/li>\n<\/ol>\n\n\n\n<p><strong>Koostisained:<\/strong> Riisi ekstrakt, taime\u00f5lid (nt p\u00e4evalill, jojoba), looduslikud niisutavad komponendid.<\/p>\n\n\n\n<p><strong>HAYEJIN RiceFila puhastav \u00f5li<\/strong> - puhastab s\u00fcgavuti, niisutab ja j\u00e4tab naha s\u00e4ravaks!<\/p>","protected":false},"excerpt":{"rendered":"<p data-start=\"93\" data-end=\"548\"><strong data-start=\"93\" data-end=\"131\">HAYEJIN RiceFila puhastav \u00f5li<\/strong> - see <strong data-start=\"138\" data-end=\"201\">\u00f5rn, kuid v\u00e4ga t\u00f5hus meigi- ja mustuse eemaldaja<\/strong>, rikastatud <strong data-start=\"216\" data-end=\"259\">riisiekstrakt ja taime\u00f5lid<\/strong>mis <strong data-start=\"267\" data-end=\"349\">lahustab t\u00f5husalt meigi, liigse \u00f5li ja p\u00e4ikesekaitses\u00fcsteemi<\/strong>kahjustamata naha loomulikku niiskustasakaalu. See \u00f5li mitte ainult <strong data-start=\"416\" data-end=\"466\">Eemaldab suurep\u00e4raselt isegi veekindla meigi<\/strong>, aga ka <strong data-start=\"475\" data-end=\"504\">pehmendab ja toidab nahka<\/strong>annab sellele pehmuse ja elastsuse.<\/p>\n<h4 data-start=\"550\" data-end=\"613\"><strong data-start=\"554\" data-end=\"611\">Miks valida HAYEJIN RiceFila puhastav \u00f5li?<\/strong><\/h4>\n<p data-start=\"614\" data-end=\"981\">\u2714 <strong data-start=\"616\" data-end=\"635\">Puhastab naha s\u00fcgavuti<\/strong>, eemaldab t\u00f5husalt meigi, SPF-i ja mustuse<br data-start=\"683\" data-end=\"686\" \/>\u2714 <strong data-start=\"688\" data-end=\"720\">Rikastatud riisi ekstraktiga<\/strong> - niisutab ja toidab nahka puhastamise ajal<br data-start=\"757\" data-end=\"760\" \/>\u2714 <strong data-start=\"762\" data-end=\"801\">Ei kahjusta naha kaitsebarj\u00e4\u00e4ri.<\/strong> - ei j\u00e4ta venivat v\u00f5i kuiva tunnet<br data-start=\"840\" data-end=\"843\" \/>\u2714 <strong data-start=\"845\" data-end=\"873\">Kerge, siidine tekstuur<\/strong> - ei tundu rasvane ja peseb kergesti maha<br data-start=\"922\" data-end=\"925\" \/>\u2714 <strong data-start=\"927\" data-end=\"951\">Sobib k\u00f5ikidele nahat\u00fc\u00fcpidele<\/strong>, sealhulgas tundlikud ja kuivad<\/p>","protected":false},"featured_media":32523,"comment_status":"open","ping_status":"closed","template":"","meta":{"_acf_changed":false},"product_brand":[427],"product_cat":[92,500,150,59],"product_tag":[],"class_list":{"0":"post-32516","1":"product","2":"type-product","3":"status-publish","4":"has-post-thumbnail","6":"product_brand-hayejin","7":"product_cat-groziui","8":"product_cat-outlet","9":"product_cat-veido-prausikliai","10":"product_cat-veidui","12":"first","13":"instock","14":"sale","15":"shipping-taxable","16":"purchasable","17":"product-type-simple"},"acf":[],"tiered_pricing_type":"fixed","tiered_pricing_fixed_rules":[],"tiered_pricing_product_settings":{"layout":"default","base_unit_name":{"singular":null,"plural":null},"default_variation":null},"tiered_pricing_minimum_quantity":null,"tiered_pricing_roles_data":[],"tiered_pricing_percentage_rules":[],"_links":{"self":[{"href":"https:\/\/purama.lt\/ee\/wp-json\/wp\/v2\/product\/32516","targetHints":{"allow":["GET"]}}],"collection":[{"href":"https:\/\/purama.lt\/ee\/wp-json\/wp\/v2\/product"}],"about":[{"href":"https:\/\/purama.lt\/ee\/wp-json\/wp\/v2\/types\/product"}],"replies":[{"embeddable":true,"href":"https:\/\/purama.lt\/ee\/wp-json\/wp\/v2\/comments?post=32516"}],"wp:featuredmedia":[{"embeddable":true,"href":"https:\/\/purama.lt\/ee\/wp-json\/wp\/v2\/media\/32523"}],"wp:attachment":[{"href":"https:\/\/purama.lt\/ee\/wp-json\/wp\/v2\/media?parent=32516"}],"wp:term":[{"taxonomy":"product_brand","embeddable":true,"href":"https:\/\/purama.lt\/ee\/wp-json\/wp\/v2\/product_brand?post=32516"},{"taxonomy":"product_cat","embeddable":true,"href":"https:\/\/purama.lt\/ee\/wp-json\/wp\/v2\/product_cat?post=32516"},{"taxonomy":"product_tag","embeddable":true,"href":"https:\/\/purama.lt\/ee\/wp-json\/wp\/v2\/product_tag?post=32516"}],"curies":[{"name":"wp","href":"https:\/\/api.w.org\/{rel}","templated":true}]}}