{"id":32492,"date":"2025-02-17T09:34:25","date_gmt":"2025-02-17T09:34:25","guid":{"rendered":"https:\/\/purama.lt\/produktas\/norsan-omega-3-fisk-jelly-braskiu-citrinu-skonio-guminukai-2\/"},"modified":"2026-04-15T13:45:14","modified_gmt":"2026-04-15T11:45:14","slug":"norsan-omega-3-fisk-zelee-sidruni-maitsega-narimiskummid-2","status":"publish","type":"product","link":"https:\/\/purama.lt\/ee\/produktas\/norsan-omega-3-fisk-jelly-braskiu-citrinu-skonio-guminukai-2\/","title":{"rendered":"NORSAN, OMEGA-3 FISK JELLY, BRACHIAN CITRINE SKIN kumm 120tk."},"content":{"rendered":"<h4 class=\"wp-block-heading\"><strong>Kuidas NORSAN Omega-3 Fisk Jelly toimib?<\/strong><\/h4>\n\n\n\n<ul class=\"wp-block-list\">\n<li><strong>Edendab kognitiivset funktsiooni<\/strong>, aitab s\u00e4ilitada selget m\u00f5tlemist<\/li>\n\n\n\n<li><strong>Parandab s\u00fcdame-veresoonkonna tervist<\/strong>, reguleerib vere kolesteroolitaset<\/li>\n\n\n\n<li><strong>Toetab silmade tervist<\/strong>, DHA on oluline n\u00e4gemise s\u00e4ilitamiseks<\/li>\n\n\n\n<li><strong>Tagab igap\u00e4evase omega-3 tarbimise.<\/strong>, ilma keerulise tarbimiseta - lihtsalt naudi maitsvat kommi!<\/li>\n<\/ul>\n\n\n\n<h4 class=\"wp-block-heading\"><strong>Kuidas kasutada?<\/strong><\/h4>\n\n\n\n<ol class=\"wp-block-list\">\n<li><strong>Soovitatav p\u00e4evane annus - 2 n\u00e4rimiskummi<\/strong>.<\/li>\n\n\n\n<li>Kasutage <strong>mis tahes kellaaegadel<\/strong>.<\/li>\n\n\n\n<li><strong>Sobib lastele ja t\u00e4iskasvanutele<\/strong> - tore viis oma omega-3 varude t\u00e4iendamiseks.<\/li>\n<\/ol>\n\n\n\n<p><strong>Koostisained:<\/strong> Looduslik kala\u00f5li (oomega-3 allikas), looduslikud puuvilja l\u00f5hna- ja maitseained (maasikas, sidrun), pektiin, taimne \u017eelatiin, looduslikud antioks\u00fcdandid.<\/p>\n\n\n\n<p><strong>NORSAN Omega-3 Fisk Jelly (120 tk)<\/strong> - rohkem maitsvaid oomega-3 kummikuid sinu ja su pere tervise heaks!<\/p>","protected":false},"excerpt":{"rendered":"<p data-start=\"107\" data-end=\"418\"><strong data-start=\"107\" data-end=\"136\">NORSAN Omega-3 Fisk Jelly<\/strong> - see <strong data-start=\"143\" data-end=\"182\">naturaalsed, maitsvad omega-3 kummikud<\/strong>, rikastatud k\u00f5rge kvaliteediga <strong data-start=\"212\" data-end=\"240\">looduslik kala\u00f5li<\/strong>, mis on rikas <strong data-start=\"256\" data-end=\"286\">EPA ja DHA rasvhapped<\/strong>. Need toitained <strong data-start=\"317\" data-end=\"373\">toetab ajufunktsiooni, n\u00e4gemist ja s\u00fcdame tervist<\/strong>, pakkudes kehale igap\u00e4evast kaitset. See <strong data-start=\"426\" data-end=\"462\">suuremas pakendis 120 n\u00e4rimiskummi<\/strong> Omega-3 varud kestavad kauem, mist\u00f5ttu on see suurep\u00e4rane valik kogu perele! <strong data-start=\"537\" data-end=\"566\">Maasika ja sidruni maitse<\/strong> tagab meeldiva tarbimiskogemuse ilma kalase j\u00e4relmaitseta, mist\u00f5ttu sobivad need n\u00e4rimiskummid nii lastele kui ka t\u00e4iskasvanutele.<\/p>\n<p data-start=\"679\" data-end=\"756\"><strong data-start=\"683\" data-end=\"754\">Miks valida NORSAN Omega-3 Fisk Jelly kummikud?<br \/><\/strong>\u2714 Looduslik omega-3 allikas looduslikust kala\u00f5list<br data-start=\"817\" data-end=\"820\" \/>\u2714 Maitsev maasika ja sidruni maitse - ilma ebameeldiva j\u00e4relmaitseta<br data-start=\"883\" data-end=\"886\" \/>\u2714 Suurem pakend pikemaks kasutamiseks!<br data-start=\"931\" data-end=\"934\" \/>\u2714 Toetab ajufunktsiooni, m\u00e4lu ja keskendumisv\u00f5imet<br data-start=\"988\" data-end=\"991\" \/>\u2714 aitab kaasa s\u00fcdame-veresoonkonna tervisele<br data-start=\"1045\" data-end=\"1048\" \/>\u2714 Parandab n\u00e4gemist - DHA on oluline v\u00f5rkkesta toimimiseks<br data-start=\"1103\" data-end=\"1106\" \/>\u2714 Ilma kunstlike lisaainete ja s\u00e4ilitusaineta<\/p>\n<p data-start=\"679\" data-end=\"756\">\u00a0<\/p>\n<p data-start=\"679\" data-end=\"756\">\u00a0<\/p>","protected":false},"featured_media":32499,"comment_status":"open","ping_status":"closed","template":"","meta":{"_acf_changed":false},"product_brand":[445],"product_cat":[123,253,252,279,280,255,256,254],"product_tag":[],"class_list":{"0":"post-32492","1":"product","2":"type-product","3":"status-publish","4":"has-post-thumbnail","6":"product_brand-norsan","7":"product_cat-papildai-ilgaamziskumui","8":"product_cat-imuniteto-palaikymas","9":"product_cat-imunitetui","10":"product_cat-kaulams-ir-sanariams","11":"product_cat-kaulu-stiprinimas","12":"product_cat-oksidacinio-streso-mazinimas","13":"product_cat-smegenims-ir-atminciai","14":"product_cat-uzdegimo-mazinimas","16":"first","17":"outofstock","18":"shipping-taxable","19":"purchasable","20":"product-type-simple"},"acf":[],"tiered_pricing_type":"fixed","tiered_pricing_fixed_rules":[],"tiered_pricing_product_settings":{"layout":"default","base_unit_name":{"singular":null,"plural":null},"default_variation":null},"tiered_pricing_minimum_quantity":null,"tiered_pricing_roles_data":[],"tiered_pricing_percentage_rules":[],"_links":{"self":[{"href":"https:\/\/purama.lt\/ee\/wp-json\/wp\/v2\/product\/32492","targetHints":{"allow":["GET"]}}],"collection":[{"href":"https:\/\/purama.lt\/ee\/wp-json\/wp\/v2\/product"}],"about":[{"href":"https:\/\/purama.lt\/ee\/wp-json\/wp\/v2\/types\/product"}],"replies":[{"embeddable":true,"href":"https:\/\/purama.lt\/ee\/wp-json\/wp\/v2\/comments?post=32492"}],"wp:featuredmedia":[{"embeddable":true,"href":"https:\/\/purama.lt\/ee\/wp-json\/wp\/v2\/media\/32499"}],"wp:attachment":[{"href":"https:\/\/purama.lt\/ee\/wp-json\/wp\/v2\/media?parent=32492"}],"wp:term":[{"taxonomy":"product_brand","embeddable":true,"href":"https:\/\/purama.lt\/ee\/wp-json\/wp\/v2\/product_brand?post=32492"},{"taxonomy":"product_cat","embeddable":true,"href":"https:\/\/purama.lt\/ee\/wp-json\/wp\/v2\/product_cat?post=32492"},{"taxonomy":"product_tag","embeddable":true,"href":"https:\/\/purama.lt\/ee\/wp-json\/wp\/v2\/product_tag?post=32492"}],"curies":[{"name":"wp","href":"https:\/\/api.w.org\/{rel}","templated":true}]}}