{"id":32391,"date":"2025-02-10T15:39:04","date_gmt":"2025-02-10T15:39:04","guid":{"rendered":"https:\/\/purama.lt\/produktas\/hempo-transderminis-cbd-pleistras\/"},"modified":"2026-03-09T17:37:29","modified_gmt":"2026-03-09T15:37:29","slug":"kanepi-transdermaalne-cbd-plaaster","status":"publish","type":"product","link":"https:\/\/purama.lt\/ee\/produktas\/hempo-transderminis-cbd-pleistras\/","title":{"rendered":"HEMPO transdermaalne CBD plaaster"},"content":{"rendered":"<h4 class=\"wp-block-heading\"><strong>Kuidas toimib Hempo transdermaalne CBD plaaster?<\/strong><\/h4>\n\n\n\n<ul class=\"wp-block-list\">\n<li><strong>CBD aeglane ja pidev vabanemine<\/strong>kauakestva m\u00f5ju saavutamiseks kogu p\u00e4eva jooksul<\/li>\n\n\n\n<li><strong>S\u00e4ilitab keha loomuliku tasakaalu<\/strong>, aidates v\u00e4hendada pingeid ja ebamugavustunnet<\/li>\n\n\n\n<li><strong>Aitab l\u00f5\u00f5gastuda ja v\u00e4hendada lihasv\u00e4simust<\/strong> p\u00e4rast intensiivset f\u00fc\u00fcsilist pingutust<\/li>\n\n\n\n<li><strong>V\u00e4hendab liigese j\u00e4ikust<\/strong>, soodustab paindlikkust ja paremat heaolu<\/li>\n<\/ul>\n\n\n\n<h4 class=\"wp-block-heading\"><strong>Kuidas kasutada?<\/strong><\/h4>\n\n\n\n<ol class=\"wp-block-list\">\n<li>Enne plaastri rakendamist, <strong>veenduge, et teie nahk on puhas ja kuiv<\/strong>.<\/li>\n\n\n\n<li>Eemaldage kaitsekile ja <strong>kanda plaaster soovitud kehapiirkonnale<\/strong> (selg, \u00f5lad, p\u00f5lved, k\u00e4ed v\u00f5i muud piirkonnad).<\/li>\n\n\n\n<li><strong>Vahetage iga 24 tunni j\u00e4rel<\/strong>P\u00e4rast plaastri eemaldamist peske k\u00f5ik j\u00e4\u00e4gid maha sooja veega.<\/li>\n\n\n\n<li>Mitte kasutada katkisele nahale v\u00f5i n\u00e4ole.<\/li>\n<\/ol>\n\n\n\n<p><strong>Koostisained:<\/strong> Laiatarbe kanabidiool (600 mg CBD), vesi, akr\u00fclaatkopol\u00fcmeer, kapr\u00fc\u00fcl\/kapriksete trigl\u00fctseriidid.<\/p>\n\n\n\n<h4 class=\"wp-block-heading\"><strong>Erakordne kvaliteet ja j\u00e4tkusuutlikkus<\/strong><\/h4>\n\n\n\n<p>Hempo CBD plaastrite kasutamine <strong>kaasaegne \u00fclekriitilise CO\u2082 ekstraheerimise meetod<\/strong>mis v\u00f5imaldab <strong>ekstraheerida k\u00f5ik kanepi kasulikud omadused ilma selle struktuuri kahjustamata<\/strong>. Toorkanepi kasvatatakse <strong>orgaaniliselt, ilma keemiliste v\u00e4etiste ja s\u00fcnteetiliste pestitsiidideta.<\/strong>tagades <strong>k\u00f5rgeim toote puhtus ja kvaliteet<\/strong>.<\/p>\n\n\n\n<p><strong>Hempo transdermaalne CBD plaaster<\/strong> - mugav, t\u00f5hus ja loomulik viis <strong>v\u00e4hendada lihas- ja liigesepingeid ning s\u00e4ilitada aktiivne eluviis ilma ebamugavustunneteta<\/strong>!<\/p>","protected":false},"excerpt":{"rendered":"<p><strong>Hempo transdermaalsed CBD plaastrid<\/strong> - uuenduslik, mugav ja t\u00f5hus viis <strong>leevendab lokaalselt lihaste ja liigeste ebamugavustunnet ning soodustab l\u00f5\u00f5gastumist.<\/strong>. Iga plaaster vabastab j\u00e4rk-j\u00e4rgult <strong>laia spektriga kannabidiool (CBD)<\/strong> otse l\u00e4bi naha, tagades <strong>kauakestev m\u00f5ju kuni 24 tundi<\/strong>. Need aktiivse elustiili jaoks m\u00f5eldud plaastrid aitavad p\u00e4rast <strong>intensiivne treening, f\u00fc\u00fcsiline koormus, nihestused v\u00f5i vigastused<\/strong>. Sest <strong>ainulaadne transdermaalne toime<\/strong>, tungivad toimeained otse s\u00fcgavamatesse kudedesse, m\u00f6\u00f6dudes seedes\u00fcsteemist, tagades seega <strong>maksimaalne t\u00f5husus ja kiirem m\u00f5ju<\/strong>.<\/p>\n<h4><strong>Miks valida Hempo transdermaalsed CBD plaastrid?<\/strong><\/h4>\n<p>\u2714 <strong>Pikaajaline tulemuslikkus<\/strong> - toimeainete kontrollitud vabanemine kuni 24 tunni jooksul<br \/>\u2714 <strong>Sihtotstarbeline m\u00f5ju<\/strong> - toimib otse seal, kus seda vajatakse, leevendades lihas- ja liigesepingeid.<br \/>\u2714 <strong>Sobib sportimiseks ja aktiivseks eluviisiks<\/strong> - aitab taastuda p\u00e4rast treeningut<br \/>\u2714 <strong>Laia spektriga CBD<\/strong> - s\u00e4ilitab k\u00f5ik kanepi kasulikud omadused ilma THC m\u00f5juta.<br \/>\u2714 <strong>Orgaaniline p\u00e4ritolu<\/strong> - ekstraheeritakse looduslikult kasvatatud kanepist, mida kasvatatakse kiu tootmiseks.<br \/>\u2714 <strong>Mugav ja diskreetne<\/strong> - kleepub kergesti nahale, ei ole igap\u00e4evaste tegevuste ajal tunda. \u00a0<\/p>","protected":false},"featured_media":32400,"comment_status":"open","ping_status":"closed","template":"","meta":{"_acf_changed":false},"product_brand":[429],"product_cat":[98],"product_tag":[],"class_list":{"0":"post-32391","1":"product","2":"type-product","3":"status-publish","4":"has-post-thumbnail","6":"product_brand-hempo","7":"product_cat-sportui","9":"first","10":"instock","11":"shipping-taxable","12":"purchasable","13":"product-type-simple"},"acf":[],"tiered_pricing_type":"fixed","tiered_pricing_fixed_rules":[],"tiered_pricing_product_settings":{"layout":"default","base_unit_name":{"singular":null,"plural":null},"default_variation":null},"tiered_pricing_minimum_quantity":null,"tiered_pricing_roles_data":[],"tiered_pricing_percentage_rules":[],"_links":{"self":[{"href":"https:\/\/purama.lt\/ee\/wp-json\/wp\/v2\/product\/32391","targetHints":{"allow":["GET"]}}],"collection":[{"href":"https:\/\/purama.lt\/ee\/wp-json\/wp\/v2\/product"}],"about":[{"href":"https:\/\/purama.lt\/ee\/wp-json\/wp\/v2\/types\/product"}],"replies":[{"embeddable":true,"href":"https:\/\/purama.lt\/ee\/wp-json\/wp\/v2\/comments?post=32391"}],"wp:featuredmedia":[{"embeddable":true,"href":"https:\/\/purama.lt\/ee\/wp-json\/wp\/v2\/media\/32400"}],"wp:attachment":[{"href":"https:\/\/purama.lt\/ee\/wp-json\/wp\/v2\/media?parent=32391"}],"wp:term":[{"taxonomy":"product_brand","embeddable":true,"href":"https:\/\/purama.lt\/ee\/wp-json\/wp\/v2\/product_brand?post=32391"},{"taxonomy":"product_cat","embeddable":true,"href":"https:\/\/purama.lt\/ee\/wp-json\/wp\/v2\/product_cat?post=32391"},{"taxonomy":"product_tag","embeddable":true,"href":"https:\/\/purama.lt\/ee\/wp-json\/wp\/v2\/product_tag?post=32391"}],"curies":[{"name":"wp","href":"https:\/\/api.w.org\/{rel}","templated":true}]}}