{"id":32382,"date":"2025-02-10T15:39:01","date_gmt":"2025-02-10T15:39:01","guid":{"rendered":"https:\/\/purama.lt\/produktas\/hempo-plataus-spektro-cbd-kanapiu-aliejus-20\/"},"modified":"2026-04-10T12:17:46","modified_gmt":"2026-04-10T10:17:46","slug":"kanepi-laia-spektriga-cbd-kanepioli-20","status":"publish","type":"product","link":"https:\/\/purama.lt\/ee\/produktas\/hempo-plataus-spektro-cbd-kanapiu-aliejus-20\/","title":{"rendered":"HEMPO laia spektriga CBD kanepi\u00f5li 20%"},"content":{"rendered":"<h4 class=\"wp-block-heading\"><strong>Kuidas toimib HEMPO laia spektriga CBD-\u00f5li?<\/strong><\/h4>\n\n\n\n<ul class=\"wp-block-list\">\n<li><strong>V\u00e4hendab stressi ja emotsionaalset pinget<\/strong>, aitab s\u00e4ilitada sisemist rahu<\/li>\n\n\n\n<li><strong>Toetab organismi loomulikku reaktsiooni p\u00f5letikuprotsessidele<\/strong><\/li>\n\n\n\n<li><strong>Parandab une kvaliteeti<\/strong>, v\u00e4hendades \u00f6iste \u00e4rkamiste sagedust<\/li>\n\n\n\n<li><strong>Aitab s\u00e4ilitada keha \u00fcldist tasakaalu<\/strong> ja looduslik kaitse<\/li>\n\n\n\n<li><strong>Sobib nii aktiivseks kui ka l\u00f5dvestunud eluviisiks<\/strong>, aitab s\u00e4ilitada energiat ja keskendumisv\u00f5imet<\/li>\n<\/ul>\n\n\n\n<p>HEMPO laia spektriga CBD \u00f5li ekstraheeritakse <strong>\u00fclekriitilise CO\u2082 ekstraheerimise teel<\/strong>mis v\u00f5imaldab <strong>s\u00e4ilitada k\u00f5ik taime looduslikud omadused<\/strong>. Kanepi kasvatamine <strong>mahep\u00f5llumajanduslikult, ilma pestitsiidide ja s\u00fcnteetiliste v\u00e4etisteta<\/strong>tagada <strong>k\u00f5rgeim tootepuhtus ja t\u00f5husus<\/strong>. <strong>HEMPO laia spektriga CBD kanepi\u00f5li 20%<\/strong> - <strong>v\u00f5imas looduslik lahendus emotsionaalseks tasakaaluks, f\u00fc\u00fcsiliseks heaoluks ja l\u00f5\u00f5gastumiseks!<\/strong><\/p>\n\n\n\n<p><strong>Koostisained:<\/strong> laia spektriga kanepiekstrakt, looduslik kanepiseemne\u00f5li, looduslikud kannabinoidid (CBD, CBG, CBC, CBN), terpeenid, flavonoidid.<\/p>\n\n\n\n<p><\/p>","protected":false},"excerpt":{"rendered":"<p><strong>HEMPO laia spektriga 20% CBD \u00f5li<\/strong> - see <strong>K\u00f5rge kontsentreeritud kanepiekstrakt<\/strong>, m\u00f5eldud neile, kes otsivad <strong>maksimaalne m\u00f5ju emotsionaalsele ja f\u00fc\u00fcsilisele heaolule<\/strong>. See \u00f5li aitab <strong>v\u00e4hendab stressi, s\u00e4ilitab tasakaalu, parandab une kvaliteeti ja soodustab organismi loomulikke taastumisprotsesse.<\/strong>.\u00a0<strong>Laia spektriga valemiga<\/strong> t\u00e4hendab, et \u00f5li s\u00e4ilitab k\u00f5ik looduslikud kannabinoidid (v\u00e4lja arvatud THC), terpeenid ja flavonoidid, mis toimivad s\u00fcnergiliselt, et anda <strong>v\u00f5imas \u201esaatjaskonna efekt\u201d<\/strong> - See t\u00e4hendab, et taime erinevad toimeained tugevdavad \u00fcksteise m\u00f5ju.<\/p>\n<h4><strong>Miks valida HEMPO laia spektriga CBD-\u00f5li 20%?<\/strong><\/h4>\n<p>\u2714 <strong>Laia spektriga CBD<\/strong> - terviklik m\u00f5ju ilma THC-ta<br \/>\u2714 <strong>20% kontsentratsioon<\/strong> - tugev ja t\u00f5hus m\u00f5ju organismile<br \/>\u2714 <strong>V\u00e4hendab stressi ja pingeid<\/strong> - aitab l\u00f5\u00f5gastuda ja s\u00e4ilitada emotsionaalset tasakaalu<br \/>\u2714 <strong>Parandab une kvaliteeti<\/strong> - aitab teil loomulikult uinuda ja saada s\u00fcgavamale unele<br \/>\u2714 <strong>Looduslik p\u00f5letikuvastane kaitse<\/strong> - toetab organismi vastupanuv\u00f5imet ja \u00fcldist heaolu<br \/>\u2714 <strong>K\u00f5rgeima kvaliteediga ekstraheerimine<\/strong> - ekstraheeritud <strong>CO\u2082 meetod<\/strong>, tagab looduslike toimeainete maksimaalse s\u00e4ilimise<\/p>","protected":false},"featured_media":47899,"comment_status":"open","ping_status":"closed","template":"","meta":{"_acf_changed":false},"product_brand":[429],"product_cat":[61,77],"product_tag":[],"class_list":{"0":"post-32382","1":"product","2":"type-product","3":"status-publish","4":"has-post-thumbnail","6":"product_brand-hempo","7":"product_cat-ramybei","8":"product_cat-cbd-aliejai","10":"first","11":"instock","12":"shipping-taxable","13":"purchasable","14":"product-type-simple"},"acf":[],"tiered_pricing_type":"fixed","tiered_pricing_fixed_rules":[],"tiered_pricing_product_settings":{"layout":"default","base_unit_name":{"singular":null,"plural":null},"default_variation":null},"tiered_pricing_minimum_quantity":null,"tiered_pricing_roles_data":[],"tiered_pricing_percentage_rules":[],"_links":{"self":[{"href":"https:\/\/purama.lt\/ee\/wp-json\/wp\/v2\/product\/32382","targetHints":{"allow":["GET"]}}],"collection":[{"href":"https:\/\/purama.lt\/ee\/wp-json\/wp\/v2\/product"}],"about":[{"href":"https:\/\/purama.lt\/ee\/wp-json\/wp\/v2\/types\/product"}],"replies":[{"embeddable":true,"href":"https:\/\/purama.lt\/ee\/wp-json\/wp\/v2\/comments?post=32382"}],"wp:featuredmedia":[{"embeddable":true,"href":"https:\/\/purama.lt\/ee\/wp-json\/wp\/v2\/media\/47899"}],"wp:attachment":[{"href":"https:\/\/purama.lt\/ee\/wp-json\/wp\/v2\/media?parent=32382"}],"wp:term":[{"taxonomy":"product_brand","embeddable":true,"href":"https:\/\/purama.lt\/ee\/wp-json\/wp\/v2\/product_brand?post=32382"},{"taxonomy":"product_cat","embeddable":true,"href":"https:\/\/purama.lt\/ee\/wp-json\/wp\/v2\/product_cat?post=32382"},{"taxonomy":"product_tag","embeddable":true,"href":"https:\/\/purama.lt\/ee\/wp-json\/wp\/v2\/product_tag?post=32382"}],"curies":[{"name":"wp","href":"https:\/\/api.w.org\/{rel}","templated":true}]}}