{"id":32381,"date":"2025-02-10T15:39:01","date_gmt":"2025-02-10T15:39:01","guid":{"rendered":"https:\/\/purama.lt\/produktas\/hempo-pilno-spektro-cbd-kanapiu-aliejus-5\/"},"modified":"2026-04-10T12:15:36","modified_gmt":"2026-04-10T10:15:36","slug":"kanepi-taieliku-spektri-cbd-kanepioli-5","status":"publish","type":"product","link":"https:\/\/purama.lt\/ee\/produktas\/hempo-pilno-spektro-cbd-kanapiu-aliejus-5\/","title":{"rendered":"HEMPO T\u00e4isspektri CBD kanepi\u00f5li 5%"},"content":{"rendered":"<h4 class=\"wp-block-heading\"><strong>Kuidas toimib HEMPO Full Spectrum CBD Oil?<\/strong><\/h4>\n\n\n\n<ul class=\"wp-block-list\">\n<li><strong>V\u00e4hendab stressi ja emotsionaalset pinget<\/strong>aitab s\u00e4ilitada sisemist tasakaalu<\/li>\n\n\n\n<li><strong>Edendab l\u00f5\u00f5gastumist<\/strong>, s\u00e4ilitab emotsionaalse stabiilsuse ja parema meeleolu<\/li>\n\n\n\n<li><strong>Parandab une kvaliteeti<\/strong>, aitab kergemini magama j\u00e4\u00e4da ja v\u00e4hendab \u00f6iste \u00e4rkamiste sagedust<\/li>\n\n\n\n<li><strong>Toetab organismi loomulikku kaitsev\u00f5imet.<\/strong>, v\u00f5ib aidata reguleerida p\u00f5letikulisi protsesse<\/li>\n\n\n\n<li><strong>Sobib aktiivseks eluviisiks<\/strong>, aitab s\u00e4ilitada energiat ja heaolu<\/li>\n<\/ul>\n\n\n\n<p>HEMPO Full Spectrum CBD \u00f5li ekstraheeritakse <strong>\u00fclekriitilise CO\u2082 ekstraheerimise teel<\/strong>mis v\u00f5imaldab <strong>s\u00e4ilitades kannabinoidide maksimaalse puhtuse ja t\u00f5hususe<\/strong>. Kanepi kasvatamine <strong>mahep\u00f5llumajanduslikult, ilma pestitsiidide ja s\u00fcnteetiliste v\u00e4etisteta<\/strong>tagada <strong>tippkvaliteediga toode<\/strong>. <strong>HEMPO T\u00e4isspektri CBD kanepi\u00f5li 5%<\/strong> - <strong>\u00f5rn, kuid t\u00f5hus lahendus emotsionaalsele tasakaalule ja \u00fcldisele kehalisele heaolule!<\/strong><\/p>\n\n\n\n<p><strong>Koostisained:<\/strong> laia spektriga kanepiekstrakt, looduslik kanepiseemne\u00f5li, looduslikud kannabinoidid (CBD, CBG, CBC, CBN), terpeenid, flavonoidid.<\/p>","protected":false},"excerpt":{"rendered":"<p><strong>HEMPO T\u00e4isspektri 5% CBD \u00f5li<\/strong> - see on \u00f5rn, kuid t\u00f5hus <strong>looduslik valem<\/strong>. <strong>s\u00e4ilitada emotsionaalne tasakaal, v\u00e4hendada stressi, parandada une kvaliteeti ja suurendada vastupidavust.<\/strong>. See kontsentratsioon sobib ideaalselt algajatele v\u00f5i neile, kes otsivad <strong>igap\u00e4evase CBD kerge, kuid t\u00f5hus m\u00f5ju<\/strong>.<\/p>\n<h4><strong>Miks valida HEMPO Full Spectrum CBD Oil 5%?<\/strong><\/h4>\n<p>\u2714 <strong>T\u00e4ieliku spektriga CBD<\/strong> - s\u00e4ilitab k\u00f5ik looduslikud kannabinoidid, terpeenid ja flavonoidid, tagades s\u00fcnergilise toime.<br \/>\u2714 <strong>5% kerge kontsentratsioon<\/strong> - Ideaalne algajatele v\u00f5i igap\u00e4evaseks kasutamiseks<br \/>\u2714 <strong>V\u00e4hendab stressi ja aitab l\u00f5\u00f5gastuda<\/strong> - s\u00e4ilitab sisemise rahu ja emotsionaalse tasakaalu<br \/>\u2714 <strong>Parandab une kvaliteeti<\/strong> - aitab teil kiiremini magama j\u00e4\u00e4da ja paremini v\u00e4lja magada.<br \/>\u2714 <strong>Looduslik kaitse kehale<\/strong> - toetab loomulikku immuuns\u00fcsteemi ja \u00fcldist heaolu<br \/>\u2714 <strong>Premium CO\u2082 ekstraheerimine<\/strong> - s\u00e4ilitab taime looduslikud toimeained<\/p>","protected":false},"featured_media":47898,"comment_status":"open","ping_status":"closed","template":"","meta":{"_acf_changed":false},"product_brand":[429],"product_cat":[61,77,500],"product_tag":[],"class_list":{"0":"post-32381","1":"product","2":"type-product","3":"status-publish","4":"has-post-thumbnail","6":"product_brand-hempo","7":"product_cat-ramybei","8":"product_cat-cbd-aliejai","9":"product_cat-outlet","11":"first","12":"instock","13":"sale","14":"shipping-taxable","15":"purchasable","16":"product-type-simple"},"acf":[],"tiered_pricing_type":"fixed","tiered_pricing_fixed_rules":[],"tiered_pricing_product_settings":{"layout":"default","base_unit_name":{"singular":null,"plural":null},"default_variation":null},"tiered_pricing_minimum_quantity":null,"tiered_pricing_roles_data":[],"tiered_pricing_percentage_rules":[],"_links":{"self":[{"href":"https:\/\/purama.lt\/ee\/wp-json\/wp\/v2\/product\/32381","targetHints":{"allow":["GET"]}}],"collection":[{"href":"https:\/\/purama.lt\/ee\/wp-json\/wp\/v2\/product"}],"about":[{"href":"https:\/\/purama.lt\/ee\/wp-json\/wp\/v2\/types\/product"}],"replies":[{"embeddable":true,"href":"https:\/\/purama.lt\/ee\/wp-json\/wp\/v2\/comments?post=32381"}],"wp:featuredmedia":[{"embeddable":true,"href":"https:\/\/purama.lt\/ee\/wp-json\/wp\/v2\/media\/47898"}],"wp:attachment":[{"href":"https:\/\/purama.lt\/ee\/wp-json\/wp\/v2\/media?parent=32381"}],"wp:term":[{"taxonomy":"product_brand","embeddable":true,"href":"https:\/\/purama.lt\/ee\/wp-json\/wp\/v2\/product_brand?post=32381"},{"taxonomy":"product_cat","embeddable":true,"href":"https:\/\/purama.lt\/ee\/wp-json\/wp\/v2\/product_cat?post=32381"},{"taxonomy":"product_tag","embeddable":true,"href":"https:\/\/purama.lt\/ee\/wp-json\/wp\/v2\/product_tag?post=32381"}],"curies":[{"name":"wp","href":"https:\/\/api.w.org\/{rel}","templated":true}]}}