{"id":32329,"date":"2025-02-10T11:26:45","date_gmt":"2025-02-10T11:26:45","guid":{"rendered":"https:\/\/purama.lt\/produktas\/brite-lemon-lime-nootropinis-gerimas\/"},"modified":"2026-04-22T12:52:39","modified_gmt":"2026-04-22T10:52:39","slug":"brite-sidruni-laimi-nootroopne-jook","status":"publish","type":"product","link":"https:\/\/purama.lt\/ee\/produktas\/brite-lemon-lime-nootropinis-gerimas\/","title":{"rendered":"BRITE Lemon Lime nootroopne jook"},"content":{"rendered":"<h4 class=\"wp-block-heading\"><strong>Kuidas BRITE Lemon Lime Nootropic Drink t\u00f6\u00f6tab?<\/strong><\/h4>\n\n\n\n<ul class=\"wp-block-list\">\n<li>Edendab <strong>vaimne selgus<\/strong>, s\u00e4ilitab pikaajalise kontsentratsiooni<\/li>\n\n\n\n<li>Pakutud <strong>looduslik energia<\/strong>, aidates teil j\u00e4\u00e4da t\u00e4helepanelikuks ilma \u00e4kilise v\u00e4simuseta<\/li>\n\n\n\n<li><strong>Aitab v\u00e4hendada nii f\u00fc\u00fcsilist kui ka vaimset v\u00e4simust<\/strong>, toetab tootlikkust<\/li>\n\n\n\n<li><strong>Ideaalne valik treeningueelseks treeninguks<\/strong>vastupidavuse ja keskendumisv\u00f5ime s\u00e4ilitamiseks<\/li>\n\n\n\n<li>Sobib nii <strong>ryte<\/strong>samuti p\u00e4eva jooksul, kui vajate lisaenergiat ja motivatsiooni.<\/li>\n<\/ul>\n\n\n\n<p><strong>Koostisained:<\/strong> vesi, looduslik sidruni- ja laimimahl, L-teaniin, rohelise tee ekstraktist saadud kofeiin, B-vitamiinid, looduslikud antioks\u00fcdandid.<\/p>\n\n\n\n<p><strong>BRITE Lemon Lime nootroopne jook <\/strong>- see on ideaalne valik neile, kes otsivad looduslikku energiat, v\u00e4rskust ja vaimset selgust \u00fches lonksus!<\/p>","protected":false},"excerpt":{"rendered":"<p><strong>BRITE Lemon Lime nootroopne jook<\/strong> - see <strong>looduslik nootroopne<\/strong>. <strong>keskendumisv\u00f5ime, vaimse v\u00f5imekuse ja p\u00fcsiva energia tagamiseks<\/strong>. V\u00e4rskendav <strong>sidrunid ja laimid<\/strong> maitse annab loomuliku elustatuse tunde ja tasakaalustatud koostisega <strong>parandab tootlikkust, v\u00e4hendab v\u00e4simust ning s\u00e4ilitab vaimse ja f\u00fc\u00fcsilise v\u00f5imekuse.<\/strong>. See jook <strong>Ideaalne aktiivse eluviisi ja spordi jaoks<\/strong>kuna see aitab s\u00e4ilitada vastupidavust ja kiiremat taastumist p\u00e4rast treeningut.<\/p>\n<h4><strong>Miks valida BRITE Lemon Lime?<\/strong><\/h4>\n<p>\u2714 <strong>Looduslikud nootroopikumid<\/strong> - toetab keskendumisv\u00f5imet ja m\u00e4lu<br \/>\u2714 <strong>Ideaalne spordi jaoks<\/strong> - aitab v\u00f5idelda v\u00e4simuse vastu ja s\u00e4ilitada vastupidavust<br \/>\u2714 <strong>\u00c4\u00e4rmiselt v\u00e4rskendav maitse<\/strong> - sidruni ja laimi kombinatsioon annab loomuliku ergutava efekti.<br \/>\u2714 <strong>Ilma s\u00fcnteetiliste lisaaineteta<\/strong> - ei sisalda kunstlikke v\u00e4rvaineid ega s\u00e4ilitusaineid<br \/>\u2714 <strong>Tasakaalustatud energia<\/strong> - s\u00e4ilitab pikaajalise t\u00e4helepanelikkuse ilma j\u00e4rskude suhkru piikideta<\/p>","protected":false},"featured_media":32338,"comment_status":"open","ping_status":"closed","template":"","meta":{"_acf_changed":false},"product_brand":[413],"product_cat":[98,165,60],"product_tag":[],"class_list":{"0":"post-32329","1":"product","2":"type-product","3":"status-publish","4":"has-post-thumbnail","6":"product_brand-brite","7":"product_cat-sportui","8":"product_cat-gerimai","9":"product_cat-mitybai","11":"first","12":"instock","13":"shipping-taxable","14":"purchasable","15":"product-type-simple"},"acf":[],"tiered_pricing_type":"fixed","tiered_pricing_fixed_rules":[],"tiered_pricing_product_settings":{"layout":"default","base_unit_name":{"singular":null,"plural":null},"default_variation":null},"tiered_pricing_minimum_quantity":null,"tiered_pricing_roles_data":[],"tiered_pricing_percentage_rules":[],"_links":{"self":[{"href":"https:\/\/purama.lt\/ee\/wp-json\/wp\/v2\/product\/32329","targetHints":{"allow":["GET"]}}],"collection":[{"href":"https:\/\/purama.lt\/ee\/wp-json\/wp\/v2\/product"}],"about":[{"href":"https:\/\/purama.lt\/ee\/wp-json\/wp\/v2\/types\/product"}],"replies":[{"embeddable":true,"href":"https:\/\/purama.lt\/ee\/wp-json\/wp\/v2\/comments?post=32329"}],"wp:featuredmedia":[{"embeddable":true,"href":"https:\/\/purama.lt\/ee\/wp-json\/wp\/v2\/media\/32338"}],"wp:attachment":[{"href":"https:\/\/purama.lt\/ee\/wp-json\/wp\/v2\/media?parent=32329"}],"wp:term":[{"taxonomy":"product_brand","embeddable":true,"href":"https:\/\/purama.lt\/ee\/wp-json\/wp\/v2\/product_brand?post=32329"},{"taxonomy":"product_cat","embeddable":true,"href":"https:\/\/purama.lt\/ee\/wp-json\/wp\/v2\/product_cat?post=32329"},{"taxonomy":"product_tag","embeddable":true,"href":"https:\/\/purama.lt\/ee\/wp-json\/wp\/v2\/product_tag?post=32329"}],"curies":[{"name":"wp","href":"https:\/\/api.w.org\/{rel}","templated":true}]}}