{"id":32328,"date":"2025-02-10T11:26:45","date_gmt":"2025-02-10T11:26:45","guid":{"rendered":"https:\/\/purama.lt\/produktas\/brite-raspberry-mint-nootropinis-gerimas\/"},"modified":"2026-04-02T08:16:46","modified_gmt":"2026-04-02T06:16:46","slug":"brite-vaarika-piparmunt-nootroopne-jook","status":"publish","type":"product","link":"https:\/\/purama.lt\/ee\/produktas\/brite-raspberry-mint-nootropinis-gerimas\/","title":{"rendered":"BRITE Vaarika piparm\u00fcndi nootroopne jook"},"content":{"rendered":"<h4 class=\"wp-block-heading\"><strong>Kuidas BRITE Vaarika Mint Nootropic Drink t\u00f6\u00f6tab?<\/strong><\/h4>\n\n\n\n<ul class=\"wp-block-list\">\n<li>Edendab <strong>selge m\u00f5tlemine<\/strong>, parandab keskendumisv\u00f5imet ja pikaajalist m\u00e4lu<\/li>\n\n\n\n<li>Pakutud <strong>looduslik energia<\/strong>, ilma j\u00e4rskude suhkru piikide tekkimiseta<\/li>\n\n\n\n<li>Aitab v\u00e4hendada <strong>vaimne ja f\u00fc\u00fcsiline v\u00e4simus<\/strong>, parandab tootlikkust ja reageerimisaega<\/li>\n\n\n\n<li><strong>Ideaalne enne sportimist<\/strong>, kuna see v\u00f5ib aidata s\u00e4ilitada vastupidavust ja parandada treeningu tulemuslikkust<\/li>\n\n\n\n<li>Sobib nii <strong>ryte<\/strong>, nii p\u00e4eva jooksul, kui vajate t\u00e4iendavat keskendumist ja energiat<\/li>\n<\/ul>\n\n\n\n<p><strong>Koostisained:<\/strong> vesi, looduslikud vaarika- ja piparm\u00fcndimahlad, L-teaniin, rohelise tee ekstraktist saadud kofeiin, B-vitamiinid, looduslikud antioks\u00fcdandid.<\/p>\n\n\n\n<p><strong>BRITE Vaarika piparm\u00fcndi nootroopne jook<\/strong> - See ei ole mitte ainult v\u00e4rskendav maitse, vaid ka suurep\u00e4rane liitlane vaimse tegevuse ja spordi jaoks!<\/p>","protected":false},"excerpt":{"rendered":"<p><strong>BRITE Vaarika piparm\u00fcndi nootroopne jook<\/strong> - See on v\u00e4rskendav ja t\u00f5hus <strong>looduslik nootroopne<\/strong>, mille on loonud <strong>keskendumisv\u00f5ime, vaimne j\u00f5udlus ja energia<\/strong>. Sest <strong>vaarikate magusus ja v\u00e4rskendav piparm\u00fcndi j\u00e4relmaitse<\/strong> Lisaks sellele, et see jook annab ajule olulisi toitaineid, on see suurep\u00e4rane t\u00e4iendus teie igap\u00e4evasele rutiinile. Samuti on see <strong>ideaalne aktiivse eluviisi ja spordi jaoks<\/strong>, aidates s\u00e4ilitada <strong>f\u00fc\u00fcsiline vastupidavus, paranenud reaktsiooniaeg ja v\u00e4henenud v\u00e4simus<\/strong>.<\/p>\n<h4><strong>Miks valida BRITE Vaarika Mint?<\/strong><\/h4>\n<p>\u2714 <strong>Looduslikud nootroopikumid<\/strong> - toetab ajufunktsiooni, parandab keskendumisv\u00f5imet ja m\u00e4lu \u2714 <strong>Sobib sportimiseks<\/strong> - aitab s\u00e4ilitada f\u00fc\u00fcsilist vastupidavust, v\u00e4hendab lihasv\u00e4simust ja soodustab kiiremat taastumist \u2714 <strong>V\u00e4rskendav maitse<\/strong> - vaarikate magusus ja piparm\u00fcndi v\u00e4rskus annavad meeldiva tunde \u2714 <strong>Ilma s\u00fcnteetiliste lisaaineteta<\/strong> - ei sisalda kunstlikke v\u00e4rvaineid ega s\u00e4ilitusaineid \u2714 <strong>Toetab keskendumist ja tootlikkust<\/strong> - aitab teil j\u00e4\u00e4da energiliseks nii vaimses kui ka f\u00fc\u00fcsilises tegevuses<\/p>","protected":false},"featured_media":32335,"comment_status":"open","ping_status":"closed","template":"","meta":{"_acf_changed":false},"product_brand":[413],"product_cat":[60,165],"product_tag":[],"class_list":{"0":"post-32328","1":"product","2":"type-product","3":"status-publish","4":"has-post-thumbnail","6":"product_brand-brite","7":"product_cat-mitybai","8":"product_cat-gerimai","10":"first","11":"instock","12":"shipping-taxable","13":"purchasable","14":"product-type-simple"},"acf":[],"tiered_pricing_type":"fixed","tiered_pricing_fixed_rules":[],"tiered_pricing_product_settings":{"layout":"default","base_unit_name":{"singular":null,"plural":null},"default_variation":null},"tiered_pricing_minimum_quantity":null,"tiered_pricing_roles_data":[],"tiered_pricing_percentage_rules":[],"_links":{"self":[{"href":"https:\/\/purama.lt\/ee\/wp-json\/wp\/v2\/product\/32328","targetHints":{"allow":["GET"]}}],"collection":[{"href":"https:\/\/purama.lt\/ee\/wp-json\/wp\/v2\/product"}],"about":[{"href":"https:\/\/purama.lt\/ee\/wp-json\/wp\/v2\/types\/product"}],"replies":[{"embeddable":true,"href":"https:\/\/purama.lt\/ee\/wp-json\/wp\/v2\/comments?post=32328"}],"wp:featuredmedia":[{"embeddable":true,"href":"https:\/\/purama.lt\/ee\/wp-json\/wp\/v2\/media\/32335"}],"wp:attachment":[{"href":"https:\/\/purama.lt\/ee\/wp-json\/wp\/v2\/media?parent=32328"}],"wp:term":[{"taxonomy":"product_brand","embeddable":true,"href":"https:\/\/purama.lt\/ee\/wp-json\/wp\/v2\/product_brand?post=32328"},{"taxonomy":"product_cat","embeddable":true,"href":"https:\/\/purama.lt\/ee\/wp-json\/wp\/v2\/product_cat?post=32328"},{"taxonomy":"product_tag","embeddable":true,"href":"https:\/\/purama.lt\/ee\/wp-json\/wp\/v2\/product_tag?post=32328"}],"curies":[{"name":"wp","href":"https:\/\/api.w.org\/{rel}","templated":true}]}}