{"id":32327,"date":"2025-02-10T11:26:44","date_gmt":"2025-02-10T11:26:44","guid":{"rendered":"https:\/\/purama.lt\/produktas\/brite-pineapple-mango-nootropinis-gerimas\/"},"modified":"2026-04-22T12:54:23","modified_gmt":"2026-04-22T10:54:23","slug":"brite-ananass-mango-nootroopne-jook","status":"publish","type":"product","link":"https:\/\/purama.lt\/ee\/produktas\/brite-pineapple-mango-nootropinis-gerimas\/","title":{"rendered":"BRITE Pineapple Mango nootroopne jook"},"content":{"rendered":"<h4 class=\"wp-block-heading\"><strong>Kuidas BRITE Pineapple Mango Nootropic Drink t\u00f6\u00f6tab?<\/strong><\/h4>\n\n\n\n<ul class=\"wp-block-list\">\n<li>Edendab <strong>vaimne selgus<\/strong>, parandab keskendumisv\u00f5imet ja tootlikkust<\/li>\n\n\n\n<li><strong>Annab looduslikku energiat<\/strong>tekitamata kunstlikku stimuleerivat m\u00f5ju<\/li>\n\n\n\n<li>Aitab v\u00e4hendada <strong>vaimne ja f\u00fc\u00fcsiline v\u00e4simus<\/strong>, toetab vastupidavust<\/li>\n\n\n\n<li><strong>Ideaalne valik treeningueelseks treeninguks<\/strong>aitab s\u00e4ilitada energiat ja keskendumisv\u00f5imet<\/li>\n\n\n\n<li>Sobib nii <strong>ryte<\/strong>ja p\u00e4eva jooksul, kui vajate lisamotivatsiooni<\/li>\n<\/ul>\n\n\n\n<p><strong>Koostisained:<\/strong> Vesi, looduslik ananassi- ja mangomahl, L-teaniin, rohelise tee ekstraktist saadud kofeiin, B-vitamiinid, looduslikud antioks\u00fcdandid.<\/p>\n\n\n\n<p><strong>BRITE Pineapple Mango nootroopne jook<\/strong> - See on ideaalne valik neile, kes soovivad loomulikku energiat nii vaimseks kui ka f\u00fc\u00fcsiliseks tegevuseks!<\/p>\n\n\n\n<p><\/p>","protected":false},"excerpt":{"rendered":"<p><strong>BRITE Pineapple Mango nootroopne jook<\/strong> - see on troopilise maitsega <strong>looduslik nootroopne<\/strong>. <strong>keskendumisv\u00f5ime, vaimse v\u00f5imekuse ja energia toetamiseks<\/strong>. Sest <strong>mahlase ananassi ja magusa mango kombinatsioon.<\/strong>Lisaks meeldivale maitsele on see jook ka loomulik abimees ajufunktsiooni ja f\u00fc\u00fcsilise vastupidavuse jaoks. See on ideaalne <strong>aktiivse p\u00e4eva, spordi ja parema tootlikkuse jaoks<\/strong>sest valemis sisalduvad looduslikud koostisosad v\u00e4hendavad v\u00e4simust ja s\u00e4ilitavad pikaajalise energia ilma j\u00e4rskude suhkrukukkudeta.<\/p>\n<h4><strong>Miks valida BRITE Pineapple Mango?<\/strong><\/h4>\n<p>\u2714 <strong>Looduslikud nootroopikumid<\/strong> - toetab keskendumisv\u00f5imet, m\u00e4lu ja vaimset v\u00f5imekust \u2714 <strong>Sobib sportimiseks<\/strong> - suurendab vastupidavust, parandab reaktsioonikiirust ja aitab v\u00f5idelda v\u00e4simuse vastu \u2714 <strong>V\u00e4rskendav troopiline maitse<\/strong> - ananassi ja mango kombinatsioon annab loomuliku magususe \u2714 <strong>Ilma s\u00fcnteetiliste lisaaineteta<\/strong> - ei sisalda kunstlikke v\u00e4rvaineid ega s\u00e4ilitusaineid \u2714 <strong>Toetab pikaajalist energiat<\/strong> - ilma j\u00e4rskude suhkru piikide ja energiakrahhita<\/p>","protected":false},"featured_media":32333,"comment_status":"open","ping_status":"closed","template":"","meta":{"_acf_changed":false},"product_brand":[413],"product_cat":[165,60,98],"product_tag":[],"class_list":{"0":"post-32327","1":"product","2":"type-product","3":"status-publish","4":"has-post-thumbnail","6":"product_brand-brite","7":"product_cat-gerimai","8":"product_cat-mitybai","9":"product_cat-sportui","11":"first","12":"instock","13":"shipping-taxable","14":"purchasable","15":"product-type-simple"},"acf":[],"tiered_pricing_type":"fixed","tiered_pricing_fixed_rules":[],"tiered_pricing_product_settings":{"layout":"default","base_unit_name":{"singular":null,"plural":null},"default_variation":null},"tiered_pricing_minimum_quantity":null,"tiered_pricing_roles_data":[],"tiered_pricing_percentage_rules":[],"_links":{"self":[{"href":"https:\/\/purama.lt\/ee\/wp-json\/wp\/v2\/product\/32327","targetHints":{"allow":["GET"]}}],"collection":[{"href":"https:\/\/purama.lt\/ee\/wp-json\/wp\/v2\/product"}],"about":[{"href":"https:\/\/purama.lt\/ee\/wp-json\/wp\/v2\/types\/product"}],"replies":[{"embeddable":true,"href":"https:\/\/purama.lt\/ee\/wp-json\/wp\/v2\/comments?post=32327"}],"wp:featuredmedia":[{"embeddable":true,"href":"https:\/\/purama.lt\/ee\/wp-json\/wp\/v2\/media\/32333"}],"wp:attachment":[{"href":"https:\/\/purama.lt\/ee\/wp-json\/wp\/v2\/media?parent=32327"}],"wp:term":[{"taxonomy":"product_brand","embeddable":true,"href":"https:\/\/purama.lt\/ee\/wp-json\/wp\/v2\/product_brand?post=32327"},{"taxonomy":"product_cat","embeddable":true,"href":"https:\/\/purama.lt\/ee\/wp-json\/wp\/v2\/product_cat?post=32327"},{"taxonomy":"product_tag","embeddable":true,"href":"https:\/\/purama.lt\/ee\/wp-json\/wp\/v2\/product_tag?post=32327"}],"curies":[{"name":"wp","href":"https:\/\/api.w.org\/{rel}","templated":true}]}}