{"id":32226,"date":"2025-02-06T14:25:10","date_gmt":"2025-02-06T14:25:10","guid":{"rendered":"https:\/\/purama.lt\/produktas\/hempo-pilno-spektro-cbd-aliejaus-kapsules-1500-mg\/"},"modified":"2026-01-05T14:37:30","modified_gmt":"2026-01-05T12:37:30","slug":"kanepi-taisspektri-cbd-oli-kapslid-1500-mg","status":"publish","type":"product","link":"https:\/\/purama.lt\/ee\/produktas\/hempo-pilno-spektro-cbd-aliejaus-kapsules-1500-mg\/","title":{"rendered":"HEMPO T\u00e4isspektri CBD \u00f5li kapslid 1500 mg"},"content":{"rendered":"<h4 class=\"wp-block-heading\"><strong>Kuidas toimivad HEMPO Full Spectrum CBD kapslid?<\/strong><\/h4>\n\n\n\n<ul class=\"wp-block-list\">\n<li>Aitab toetada <strong>emotsionaalne tasakaal<\/strong> ja heaolutunnet<\/li>\n\n\n\n<li>Aitab kaasa <strong>kvaliteetne uni<\/strong>aitab l\u00f5\u00f5gastuda ja leevendada pingeid<\/li>\n\n\n\n<li>Edendab <strong>organismi loomulik vastus stressile ja p\u00f5letikule<\/strong><\/li>\n\n\n\n<li>Toetab <strong>tasakaalustab n\u00e4rvis\u00fcsteemi<\/strong>, v\u00f5ib aidata kaasa paremale keskendumisele ja keskendumisele<\/li>\n<\/ul>\n\n\n\n<h4 class=\"wp-block-heading\"><strong>Kuidas kasutada?<\/strong><\/h4>\n\n\n\n<ol class=\"wp-block-list\">\n<li>Jook <strong>1-2 kapslit p\u00e4evas<\/strong>koos klaasi veega.<\/li>\n\n\n\n<li>Soovitatav on v\u00f5tta \u00f5htul v\u00f5i individuaalselt.<\/li>\n\n\n\n<li>Alustage v\u00e4iksema annusega ja suurendage j\u00e4rk-j\u00e4rgult, j\u00e4lgides oma keha reaktsiooni.<\/li>\n\n\n\n<li>\u00c4rge \u00fcletage p\u00e4evast piirm\u00e4\u00e4ra.<\/li>\n<\/ol>\n\n\n\n<p><strong>Koostisained:<\/strong> T\u00e4ieliku spektriga kanepi\u00f5li, kapslikest (looduslikud materjalid), looduslikud kannabinoidid, terpeenid ja flavonoidid.<\/p>\n\n\n\n<p><strong>HEMPO T\u00e4isspektri CBD \u00f5li kapslid 1500 mg<\/strong> - loomulik valik parema emotsionaalse heaolu, l\u00f5\u00f5gastumise ja tasakaalu saavutamiseks.<\/p>","protected":false},"excerpt":{"rendered":"<p><strong>HEMPO T\u00e4isspektri CBD \u00f5li kapslid 1500 mg<\/strong> - tasakaalustatud <strong>CBD toidulisand<\/strong>. <strong>parema heaolu, stressi maandamise ja tasakaalu saavutamiseks<\/strong>. Need kapslid tagavad <strong>t\u00e4pne doseerimine, mugav manustamine ja lihtne integreerimine igap\u00e4evarutiini<\/strong>s\u00e4ilitades samal ajal k\u00f5ik kanepi looduslikud omadused.<\/p>\n<h4><strong>Miks valida HEMPO Full Spectrum CBD kapslid?<\/strong><\/h4>\n<p>\u2714 <strong>T\u00e4ieliku spektriga CBD<\/strong> - s\u00e4ilitab k\u00f5ik looduslikud kannabinoidid, terpeenid ja flavonoidid<br \/>\u2714 <strong>Keskmine CBD kontsentratsioon<\/strong> - optimaalne tugevus igap\u00e4evaseks kasutamiseks<br \/>\u2714 <strong>Mugav kasutamine<\/strong> - Lihtne lisada oma igap\u00e4evasesse tervishoiurutiini<br \/>\u2714 <strong>Ilma ps\u00fchhoaktiivse m\u00f5juta<\/strong> - toode ei sisalda THC-d sellisel m\u00e4\u00e4ral, et see p\u00f5hjustaks m\u00fcrgistust<br \/>\u2714 <strong>K\u00f5rgeim kvaliteet<\/strong> - ekstraheeritakse CO\u2082 ekstraheerimise teel, mis tagab maksimaalse puhtuse.<\/p>","protected":false},"featured_media":32141,"comment_status":"open","ping_status":"closed","template":"","meta":{"_acf_changed":false},"product_brand":[429],"product_cat":[61,110],"product_tag":[],"class_list":{"0":"post-32226","1":"product","2":"type-product","3":"status-publish","4":"has-post-thumbnail","6":"product_brand-hempo","7":"product_cat-ramybei","8":"product_cat-cbd-kapsules","10":"first","11":"instock","12":"shipping-taxable","13":"purchasable","14":"product-type-simple"},"acf":[],"tiered_pricing_type":"fixed","tiered_pricing_fixed_rules":[],"tiered_pricing_product_settings":{"layout":"default","base_unit_name":{"singular":null,"plural":null},"default_variation":null},"tiered_pricing_minimum_quantity":null,"tiered_pricing_roles_data":[],"tiered_pricing_percentage_rules":[],"_links":{"self":[{"href":"https:\/\/purama.lt\/ee\/wp-json\/wp\/v2\/product\/32226","targetHints":{"allow":["GET"]}}],"collection":[{"href":"https:\/\/purama.lt\/ee\/wp-json\/wp\/v2\/product"}],"about":[{"href":"https:\/\/purama.lt\/ee\/wp-json\/wp\/v2\/types\/product"}],"replies":[{"embeddable":true,"href":"https:\/\/purama.lt\/ee\/wp-json\/wp\/v2\/comments?post=32226"}],"wp:featuredmedia":[{"embeddable":true,"href":"https:\/\/purama.lt\/ee\/wp-json\/wp\/v2\/media\/32141"}],"wp:attachment":[{"href":"https:\/\/purama.lt\/ee\/wp-json\/wp\/v2\/media?parent=32226"}],"wp:term":[{"taxonomy":"product_brand","embeddable":true,"href":"https:\/\/purama.lt\/ee\/wp-json\/wp\/v2\/product_brand?post=32226"},{"taxonomy":"product_cat","embeddable":true,"href":"https:\/\/purama.lt\/ee\/wp-json\/wp\/v2\/product_cat?post=32226"},{"taxonomy":"product_tag","embeddable":true,"href":"https:\/\/purama.lt\/ee\/wp-json\/wp\/v2\/product_tag?post=32226"}],"curies":[{"name":"wp","href":"https:\/\/api.w.org\/{rel}","templated":true}]}}