{"id":32133,"date":"2025-02-04T13:13:45","date_gmt":"2025-02-04T13:13:45","guid":{"rendered":"https:\/\/purama.lt\/produktas\/dr-ohhira-mizuki-lakstine-kremine-veido-kauke\/"},"modified":"2026-04-10T13:03:26","modified_gmt":"2026-04-10T11:03:26","slug":"dr-ohhira-mizuki-fox-cream-naomask","status":"publish","type":"product","link":"https:\/\/purama.lt\/ee\/produktas\/dr-ohhira-mizuki-lakstine-kremine-veido-kauke\/","title":{"rendered":"Dr.OHHIRA\u00ae MIZUKI kreemjas n\u00e4omask"},"content":{"rendered":"<h4 class=\"wp-block-heading\"><strong>Kuidas kasutada<\/strong>:<\/h4>\n\n\n\n<ol class=\"wp-block-list\">\n<li>Puhastage oma n\u00e4gu p\u00f5hjalikult.<\/li>\n\n\n\n<li>V\u00f5tke mask pakendist v\u00e4lja ja kandke see \u00f5rnalt nahale, sobitades selle tihedalt n\u00e4o kontuuridele.<\/li>\n\n\n\n<li>J\u00e4tke 15-20 minutiks, seej\u00e4rel eemaldage.<\/li>\n\n\n\n<li>Masseerige \u00fclej\u00e4\u00e4nud seerum nahale ilma loputamata.<\/li>\n<\/ol>\n\n\n\n<p>Dr.OHHIRA\u00ae MIZUKI n\u00e4omask - luksuslik naha niisutamine ja taastamine vaid m\u00f5ne minutiga.<\/p>\n\n\n\n<p><strong>Koostis:<\/strong> Fermenteeritud taimeekstraktid, kollageen, h\u00fcaluroonhape, looduslikud \u00f5lid, taimsed antioks\u00fcdandid.<\/p>\n\n\n\n<p><\/p>","protected":false},"excerpt":{"rendered":"<p><strong>Dr.OHHIRA\u00ae MIZUKI kreemjas n\u00e4omask<\/strong> - on kvaliteetne nahahooldustoode, mis on m\u00f5eldud naha intensiivseks niisutamiseks, toitmiseks ja taastamiseks. Mask \u00fchendab endas leht- ja kreemja tekstuuri eelised, et tagada pikaajaline toime ja naha s\u00fcgav toitmine. Koostis on rikastatud looduslike fermenteeritud ekstraktide, kollageeni ja h\u00fcaluroonhappega, mis aitavad s\u00e4ilitada naha elastsust, pehmust ja loomulikku s\u00e4ra. See mask sobib k\u00f5ikidele nahat\u00fc\u00fcpidele, eriti kuivale ja v\u00e4sinud nahale, andes sellele v\u00e4rskendatud ja eluj\u00f5ulise v\u00e4limuse. Ideaalne inimestele, kes soovivad:<\/p>\n<ul>\n<li>Intensiivselt niisutab ja toidab nahka<\/li>\n<li>Taastab naha loomuliku s\u00e4ra ja elastsuse.<\/li>\n<li>V\u00e4hendavad v\u00e4simuse m\u00e4rke ja v\u00e4rskendavad nahka<\/li>\n<li>Nautige esmaklassilist nahahooldust kodus<\/li>\n<\/ul>","protected":false},"featured_media":32151,"comment_status":"open","ping_status":"closed","template":"","meta":{"_acf_changed":false},"product_brand":[421],"product_cat":[92,57,142,59],"product_tag":[],"class_list":{"0":"post-32133","1":"product","2":"type-product","3":"status-publish","4":"has-post-thumbnail","6":"product_brand-dr-ohhira","7":"product_cat-groziui","8":"product_cat-akcijos","9":"product_cat-veido-kaukes","10":"product_cat-veidui","12":"first","13":"instock","14":"sale","15":"shipping-taxable","16":"purchasable","17":"product-type-simple"},"acf":[],"tiered_pricing_type":"fixed","tiered_pricing_fixed_rules":[],"tiered_pricing_product_settings":{"layout":"default","base_unit_name":{"singular":null,"plural":null},"default_variation":null},"tiered_pricing_minimum_quantity":null,"tiered_pricing_roles_data":[],"tiered_pricing_percentage_rules":[],"_links":{"self":[{"href":"https:\/\/purama.lt\/ee\/wp-json\/wp\/v2\/product\/32133","targetHints":{"allow":["GET"]}}],"collection":[{"href":"https:\/\/purama.lt\/ee\/wp-json\/wp\/v2\/product"}],"about":[{"href":"https:\/\/purama.lt\/ee\/wp-json\/wp\/v2\/types\/product"}],"replies":[{"embeddable":true,"href":"https:\/\/purama.lt\/ee\/wp-json\/wp\/v2\/comments?post=32133"}],"wp:featuredmedia":[{"embeddable":true,"href":"https:\/\/purama.lt\/ee\/wp-json\/wp\/v2\/media\/32151"}],"wp:attachment":[{"href":"https:\/\/purama.lt\/ee\/wp-json\/wp\/v2\/media?parent=32133"}],"wp:term":[{"taxonomy":"product_brand","embeddable":true,"href":"https:\/\/purama.lt\/ee\/wp-json\/wp\/v2\/product_brand?post=32133"},{"taxonomy":"product_cat","embeddable":true,"href":"https:\/\/purama.lt\/ee\/wp-json\/wp\/v2\/product_cat?post=32133"},{"taxonomy":"product_tag","embeddable":true,"href":"https:\/\/purama.lt\/ee\/wp-json\/wp\/v2\/product_tag?post=32133"}],"curies":[{"name":"wp","href":"https:\/\/api.w.org\/{rel}","templated":true}]}}