{"id":32126,"date":"2025-02-04T13:13:44","date_gmt":"2025-02-04T13:13:44","guid":{"rendered":"https:\/\/purama.lt\/produktas\/dr-ohhira-fermentuotas-augalinis-ekstraktas\/"},"modified":"2026-04-14T14:03:35","modified_gmt":"2026-04-14T12:03:35","slug":"dr-ohhira-kaaritatud-taimne-ekstrakt","status":"publish","type":"product","link":"https:\/\/purama.lt\/ee\/produktas\/dr-ohhira-fermentuotas-augalinis-ekstraktas\/","title":{"rendered":"Dr.OHHIRA\u00ae fermenteeritud taimsete taimede ekstrakt"},"content":{"rendered":"<h4 class=\"wp-block-heading\"><strong>Kuidas Dr.OHHIRA\u00ae fermenteeritud taimne ekstrakt toimib?<\/strong><\/h4>\n\n\n\n<ul class=\"wp-block-list\">\n<li><strong>Toetab tervislikku seedimist<\/strong>, leevendab ebamugavustunnet ja aitab sujuvat toitainete ainevahetust<\/li>\n\n\n\n<li><strong>Tugevdab immuuns\u00fcsteemi<\/strong>, sest looduslikud k\u00e4\u00e4ritatud taimed annavad olulisi toitaineid<\/li>\n\n\n\n<li><strong>aitab kaasa keha detoksikatsioonile<\/strong>, sest looduslikud antioks\u00fcdandid aitavad v\u00f5idelda oks\u00fcdatiivse stressi vastu.<\/li>\n\n\n\n<li><strong>Parandab \u00fcldist heaolu<\/strong>, aitab s\u00e4ilitada keha sisemist tasakaalu ja eluj\u00f5udu<\/li>\n<\/ul>\n\n\n\n<h4 class=\"wp-block-heading\"><strong>Kuidas kasutada:<\/strong><\/h4>\n\n\n\n<ol class=\"wp-block-list\">\n<li>V\u00f5tke p\u00e4rast <strong>\u00fcks kott p\u00e4evas<\/strong>, n\u00f5udluse alusel - <strong>3-7 korda n\u00e4dalas<\/strong>.<\/li>\n\n\n\n<li>Parima imendumise saavutamiseks on soovitatav v\u00f5tta <strong>hommikul, enne s\u00f6\u00f6ki<\/strong>.<\/li>\n\n\n\n<li>Koti sisu <strong>pigistada otse suhu ja neelata<\/strong>, Kui soovite, v\u00f5ite seda juua leige veega.<\/li>\n\n\n\n<li>P\u00e4rast koti avamist, <strong>tarbida kohe<\/strong>, et s\u00e4ilitada k\u00f5ik toitev\u00e4\u00e4rtuslikud omadused.<\/li>\n<\/ol>\n\n\n\n<p><strong>Koostisained:<\/strong> k\u00e4\u00e4ritatud taimeekstraktid, prebiootikumid, postbiootikumid, looduslikud antioks\u00fcdandid, ens\u00fc\u00fcmid, kiudained.<\/p>\n\n\n\n<p><strong>Dr.OHHIRA\u00ae fermenteeritud taimsete taimede ekstrakt<\/strong> - looduslik ja t\u00f5hus toetus teie kehale.<\/p>","protected":false},"excerpt":{"rendered":"<p><strong>Dr.OHHIRA\u00ae fermenteeritud taimsete taimede ekstrakt<\/strong> - Ainulaadne, kaua fermenteeritud kompleks, mis \u00fchendab looduslikke taimeekstrakte, prebiootikume, postbiootikume ja antioks\u00fcdante. K\u00e4\u00e4ritamise k\u00e4igus tekkivad toimeained aitavad kaasa sellele, et <strong>seedimise parandamine, immuunsuse tugevdamine ja organismi \u00fcldise tasakaalu s\u00e4ilitamine.<\/strong>. See valem on m\u00f5eldud neile, kes otsivad looduslikku ja t\u00f5husat toetust kehale oma igap\u00e4evases toitumises.<\/p>\n<h4><strong>Miks valida Dr.OHHIRA\u00ae fermenteeritud taimne ekstrakt?<\/strong><\/h4>\n<p>\u2714 <strong>Pikalt k\u00e4\u00e4ritatud valemiga<\/strong> - toimeainete parem imendumine ja suurem t\u00f5husus<br \/>\u2714 <strong>Prebiootikumid, postbiootikumid ja k\u00e4\u00e4ritatud taimed<\/strong> - toetab seedimist ja soolestiku mikrofloorat<br \/>\u2714 <strong>Looduslikud antioks\u00fcdandid<\/strong> - kaitseb organismi vabade radikaalide m\u00f5ju eest<br \/>\u2714 <strong>Sobib paljude erinevate toitumisviiside jaoks<\/strong> - laktoosivaba, gluteenivaba, kunstlike lisaainete ja GMOde vaba.<br \/>\u2714 <strong>Kasutamise lihtsus<\/strong> - v\u00f5ib v\u00f5tta \u00fcksi v\u00f5i koos teiste toidulisanditega<\/p>","protected":false},"featured_media":32139,"comment_status":"open","ping_status":"closed","template":"","meta":{"_acf_changed":false},"product_brand":[421],"product_cat":[57,266,253,252,267,255,254,264,265],"product_tag":[],"class_list":{"0":"post-32126","1":"product","2":"type-product","3":"status-publish","4":"has-post-thumbnail","6":"product_brand-dr-ohhira","7":"product_cat-akcijos","8":"product_cat-fermentai-ir-virskinimas","9":"product_cat-imuniteto-palaikymas","10":"product_cat-imunitetui","11":"product_cat-kepenu-detoksas","12":"product_cat-oksidacinio-streso-mazinimas","13":"product_cat-uzdegimo-mazinimas","14":"product_cat-virskinimui-ir-detoksui","15":"product_cat-zarnynas-ir-mikrobioma","17":"first","18":"instock","19":"sale","20":"shipping-taxable","21":"purchasable","22":"product-type-simple"},"acf":[],"tiered_pricing_type":"fixed","tiered_pricing_fixed_rules":[],"tiered_pricing_product_settings":{"layout":"default","base_unit_name":{"singular":null,"plural":null},"default_variation":null},"tiered_pricing_minimum_quantity":null,"tiered_pricing_roles_data":[],"tiered_pricing_percentage_rules":[],"_links":{"self":[{"href":"https:\/\/purama.lt\/ee\/wp-json\/wp\/v2\/product\/32126","targetHints":{"allow":["GET"]}}],"collection":[{"href":"https:\/\/purama.lt\/ee\/wp-json\/wp\/v2\/product"}],"about":[{"href":"https:\/\/purama.lt\/ee\/wp-json\/wp\/v2\/types\/product"}],"replies":[{"embeddable":true,"href":"https:\/\/purama.lt\/ee\/wp-json\/wp\/v2\/comments?post=32126"}],"wp:featuredmedia":[{"embeddable":true,"href":"https:\/\/purama.lt\/ee\/wp-json\/wp\/v2\/media\/32139"}],"wp:attachment":[{"href":"https:\/\/purama.lt\/ee\/wp-json\/wp\/v2\/media?parent=32126"}],"wp:term":[{"taxonomy":"product_brand","embeddable":true,"href":"https:\/\/purama.lt\/ee\/wp-json\/wp\/v2\/product_brand?post=32126"},{"taxonomy":"product_cat","embeddable":true,"href":"https:\/\/purama.lt\/ee\/wp-json\/wp\/v2\/product_cat?post=32126"},{"taxonomy":"product_tag","embeddable":true,"href":"https:\/\/purama.lt\/ee\/wp-json\/wp\/v2\/product_tag?post=32126"}],"curies":[{"name":"wp","href":"https:\/\/api.w.org\/{rel}","templated":true}]}}