{"id":32125,"date":"2025-02-04T13:13:44","date_gmt":"2025-02-04T13:13:44","guid":{"rendered":"https:\/\/purama.lt\/produktas\/dr-ohhira-geriamas-skystas-kolagenas\/"},"modified":"2026-04-08T09:09:35","modified_gmt":"2026-04-08T07:09:35","slug":"dr-ohhira-suukaudne-vedel-kollageen","status":"publish","type":"product","link":"https:\/\/purama.lt\/ee\/produktas\/dr-ohhira-geriamas-skystas-kolagenas\/","title":{"rendered":"Dr.OHHIRA\u00ae suukaudne vedel kollageen"},"content":{"rendered":"<h4 class=\"wp-block-heading\"><strong>Kuidas Dr.OHHIRA\u00ae Oral Liquid Collagen t\u00f6\u00f6tab?<\/strong><\/h4>\n\n\n\n<ul class=\"wp-block-list\">\n<li><strong>Parandab naha elastsust ja niisutust<\/strong>, v\u00e4hendab kortsude v\u00e4limust<\/li>\n\n\n\n<li><strong>Tugevdab juukseid ja k\u00fc\u00fcsi<\/strong>, andes neile rohkem tugevust ja loomulikku s\u00e4ra<\/li>\n\n\n\n<li><strong>Kaitseb oks\u00fcdatiivse stressi eest<\/strong>, mis p\u00f5hjustab naha vananemist<\/li>\n\n\n\n<li><strong>Stimuleerib loomulikku kollageeni tootmist<\/strong>, mis v\u00e4heneb vanusega<\/li>\n\n\n\n<li><strong>Toetab liigeste ja sidekoe tervist<\/strong>, mis aitab kaasa nende paindlikkusele<\/li>\n<\/ul>\n\n\n\n<h4 class=\"wp-block-heading\"><strong>Kuidas kasutada:<\/strong><\/h4>\n\n\n\n<ol class=\"wp-block-list\">\n<li>Tarbimism\u00e4\u00e4r koosneb j\u00e4rgmistest osadest <strong>10 pudelit<\/strong>, mida soovitatakse tarbida <strong>3 n\u00e4dalat<\/strong>.<\/li>\n\n\n\n<li>Esimene <strong>5 p\u00e4eva<\/strong> jook p\u00e4rast <strong>\u00fcks viaal (20 ml) p\u00e4evas<\/strong>, parim <strong>\u00d5htul<\/strong>, optimaalseks tarbimiseks.<\/li>\n\n\n\n<li>P\u00e4rast <strong>2 p\u00e4evane paus<\/strong> j\u00e4tkake kursust teise pakiga.<\/li>\n\n\n\n<li>J\u00e4tkata joomist p\u00e4rast <strong>\u00fcks viaal iga kolme p\u00e4eva tagant<\/strong>, s\u00e4ilitada pikaajaline m\u00f5ju kehale.<\/li>\n\n\n\n<li>Vajaduse korral v\u00f5ib lisada v\u00e4ikese koguse vett.<\/li>\n\n\n\n<li><strong>Soovitatav on 3-4 kursust aastas<\/strong>, naha, juuste ja k\u00fc\u00fcnte ilu ja tervise s\u00e4ilitamiseks.<\/li>\n\n\n\n<li>P\u00e4rast pudeli avamist, <strong>tarbida kohe<\/strong>, et s\u00e4ilitada k\u00f5ik toimeained.<\/li>\n<\/ol>\n\n\n\n<p><strong>Koostisained:<\/strong> H\u00fcdrol\u00fc\u00fcsitud kollageen, h\u00fcaluroonhape, elastiin, koens\u00fc\u00fcm Q10, C-vitamiin, looduslikud antioks\u00fcdandid, kiudained.<\/p>\n\n\n\n<p><strong>Dr.OHHIRA\u00ae suukaudne vedel kollageen<\/strong> - Looduslik iluhooldusvahend, mis aitab s\u00e4ilitada nooruslikku nahka, tugevaid juukseid ja terveid, ilusaid k\u00fc\u00fcsi.<\/p>\n\n\n\n<p>Loe kollageeni kohta l\u00e4hemalt meie <a href=\"\/ee\/kollageeni-juhend\/\">kollageeni giid<\/a>.<\/p>","protected":false},"excerpt":{"rendered":"<p><strong>Dr.OHHIRA\u00ae Oral Liquid Collagen - nooruslikule nahale, juustele ja k\u00fc\u00fcntele<\/strong> - on kvaliteetne h\u00fcdrol\u00fc\u00fcsitud kollageen, mis on rikastatud h\u00fcaluroonhappe, koens\u00fc\u00fcmi Q10, elastiini ja C-vitamiiniga, mis aitavad s\u00e4ilitada naha elastsust, tugevdada juukseid ja k\u00fc\u00fcsi ning stimuleerida keha loomulikku kollageeni tootmisprotsessi. See uuenduslik vedel koostis tagab kiire ja t\u00f5husa imendumise, mist\u00f5ttu on see ideaalne neile, kes soovivad s\u00e4ilitada noorusliku v\u00e4limusega nahka, terveid juukseid ja tugevaid k\u00fc\u00fcsi.<\/p>\n<h4><strong>Miks valida Dr.OHHIRA\u00ae Oral Liquid Collagen?<\/strong><\/h4>\n<p>\u2714 <strong>H\u00fcdrol\u00fc\u00fcsitud kollageen<\/strong> - tagab parema kasutuselev\u00f5tu ja t\u00f5husama m\u00f5ju<br \/>\u2714 <strong>H\u00fcaluroonhape ja elastiin<\/strong> - aitab s\u00e4ilitada naha niiskust ja elastsust<br \/>\u2714 <strong>Koens\u00fc\u00fcm Q10 ja antioks\u00fcdandid<\/strong> - kaitseb nahka enneaegse vananemise eest<br \/>\u2714 <strong>C-vitamiin<\/strong> - stimuleerib organismi loomulikku kollageeni s\u00fcnteesi.<br \/>\u2714 <strong>Vedel valemiga<\/strong> - kasutusmugavus ja toimeainete kiire imendumine<\/p>","protected":false},"featured_media":32154,"comment_status":"open","ping_status":"closed","template":"","meta":{"_acf_changed":false},"product_brand":[421],"product_cat":[273,57,274,123,275],"product_tag":[],"class_list":{"0":"post-32125","1":"product","2":"type-product","3":"status-publish","4":"has-post-thumbnail","6":"product_brand-dr-ohhira","7":"product_cat-odai-plaukams-nagams","8":"product_cat-akcijos","9":"product_cat-odos-jaunyste","10":"product_cat-papildai-ilgaamziskumui","11":"product_cat-plauku-ir-nagu-prieziura","13":"first","14":"instock","15":"sale","16":"shipping-taxable","17":"purchasable","18":"product-type-simple"},"acf":[],"tiered_pricing_type":"fixed","tiered_pricing_fixed_rules":[],"tiered_pricing_product_settings":{"layout":"default","base_unit_name":{"singular":null,"plural":null},"default_variation":null},"tiered_pricing_minimum_quantity":null,"tiered_pricing_roles_data":[],"tiered_pricing_percentage_rules":[],"_links":{"self":[{"href":"https:\/\/purama.lt\/ee\/wp-json\/wp\/v2\/product\/32125","targetHints":{"allow":["GET"]}}],"collection":[{"href":"https:\/\/purama.lt\/ee\/wp-json\/wp\/v2\/product"}],"about":[{"href":"https:\/\/purama.lt\/ee\/wp-json\/wp\/v2\/types\/product"}],"replies":[{"embeddable":true,"href":"https:\/\/purama.lt\/ee\/wp-json\/wp\/v2\/comments?post=32125"}],"wp:featuredmedia":[{"embeddable":true,"href":"https:\/\/purama.lt\/ee\/wp-json\/wp\/v2\/media\/32154"}],"wp:attachment":[{"href":"https:\/\/purama.lt\/ee\/wp-json\/wp\/v2\/media?parent=32125"}],"wp:term":[{"taxonomy":"product_brand","embeddable":true,"href":"https:\/\/purama.lt\/ee\/wp-json\/wp\/v2\/product_brand?post=32125"},{"taxonomy":"product_cat","embeddable":true,"href":"https:\/\/purama.lt\/ee\/wp-json\/wp\/v2\/product_cat?post=32125"},{"taxonomy":"product_tag","embeddable":true,"href":"https:\/\/purama.lt\/ee\/wp-json\/wp\/v2\/product_tag?post=32125"}],"curies":[{"name":"wp","href":"https:\/\/api.w.org\/{rel}","templated":true}]}}