{"id":32124,"date":"2025-02-04T13:13:43","date_gmt":"2025-02-04T13:13:43","guid":{"rendered":"https:\/\/purama.lt\/produktas\/nacific-green-tea-cica-collagen-gel-mask-kolageno-geline-kauke-su-zaliosios-arbatos-ir-azijines-centeles-kompleksu\/"},"modified":"2026-04-10T13:03:25","modified_gmt":"2026-04-10T11:03:25","slug":"nacific-geel-kollageeni-naomask-rohelise-tee-ja-aasia-tsentella-kompleksiga","status":"publish","type":"product","link":"https:\/\/purama.lt\/ee\/produktas\/nacific-geline-kolageno-veido-kauke-su-zaliosios-arbatos-ir-azijines-centeles-kompleksu\/","title":{"rendered":"NACIFIC kollageeni geel n\u00e4omask rohelise tee ja Aasia Centella kompleksiga"},"content":{"rendered":"<h4 class=\"wp-block-heading\"><strong>Kuidas t\u00f6\u00f6tab NACIFIC Green Tea Cica kollageeni geelmask?<\/strong><\/h4>\n\n\n\n<ul class=\"wp-block-list\">\n<li><strong>Niisutab nahka s\u00fcgavuti ja elustab seda<\/strong>, andes sellele p\u00fcsiva mugavuse<\/li>\n\n\n\n<li><strong>Rahustab tundlikku ja \u00e4rritunud nahka<\/strong>, v\u00e4hendab punetust ja p\u00f5letikku<\/li>\n\n\n\n<li><strong>Parandab naha elastsust<\/strong>, tugevdab kaitsebarj\u00e4\u00e4ri<\/li>\n\n\n\n<li><strong>Kaitseb vabade radikaalide eest<\/strong>, soodustab tervisliku v\u00e4limusega nahka<\/li>\n<\/ul>\n\n\n\n<h4 class=\"wp-block-heading\"><strong>Kuidas kasutada:<\/strong><\/h4>\n\n\n\n<ol class=\"wp-block-list\">\n<li>Puhastage oma n\u00e4gu p\u00f5hjalikult ja patsutage nahk kuivaks.<\/li>\n\n\n\n<li>V\u00f5tke mask pakendist v\u00e4lja ja kandke see oma n\u00e4ole, sobitades selle tihedalt naha kontuuridele.<\/li>\n\n\n\n<li>J\u00e4ta jooksma <strong>15-20 minutit<\/strong>, toimeainete imendumiseks.<\/li>\n\n\n\n<li>Eemaldage mask ja masseerige j\u00e4relej\u00e4\u00e4nud seerum nahale - loputada ei ole vaja.<\/li>\n<\/ol>\n\n\n\n<p><strong>Koostisained:<\/strong> Kollageen, rohelise tee ekstrakt, Aasia Centella kompleks, h\u00fcaluroonhape, taimsed antioks\u00fcdandid, niisutavad koostisosad.<\/p>\n\n\n\n<p><strong>NACIFIC Green Tea Cica kollageeni geelmask<\/strong> - Intensiivne hooldus teie nahale, mis niisutab, rahustab ja muudab naha elastseks.<\/p>","protected":false},"excerpt":{"rendered":"<p><strong>NACIFIC Green Tea Cica Collagen Gel Mask - kollageeni geelmask rohelise tee ja Aasia tsentella kompleksiga<\/strong> - Intensiivselt niisutav ja rahustav n\u00e4ohooldus, mis on rikastatud kollageeni, rohelise tee ekstrakti ja Aasia tsentella kompleksiga. See ainulaadne koostis aitab taastada naha niiskustasakaalu, leevendab \u00e4rritusi ja tugevdab naha elastsust, j\u00e4ttes selle s\u00e4ravaks ja siledaks. T\u00e4nu oma kergele geelstruktuurile haakub mask ideaalselt nahale ja kannab toimeained t\u00f5husalt edasi, et saavutada intensiivne toime.<\/p>\n<p><strong>Miks valida NACIFIC geel-kollageeni n\u00e4omask rohelise tee ja Aasia Centella kompleksiga?<\/strong><\/p>\n<p>\u2714 <strong>Kollageen<\/strong> - aitab s\u00e4ilitada naha tugevust ja elastsust<br \/>\u2714 <strong>Rohelise tee ekstrakt<\/strong> - Toimib v\u00f5imsa antioks\u00fcdandina, kaitstes keskkonnastressi eest.<br \/>\u2714 <strong>Aasia Centella Complex<\/strong> - rahustab \u00e4rritunud nahka ja aitab taastada selle loomulikku kaitsev\u00f5imet<br \/>\u2714 <strong>Geeli tekstuur<\/strong> - niisutab intensiivselt, jahutab ja annab mugavustunde<br \/>\u2714 <strong>Sobib k\u00f5ikidele nahat\u00fc\u00fcpidele<\/strong>, eriti tundlikule ja \u00e4rritunud nahale<\/p>","protected":false},"featured_media":32135,"comment_status":"open","ping_status":"closed","template":"","meta":{"_acf_changed":false},"product_brand":[440],"product_cat":[92,500,142,59],"product_tag":[],"class_list":{"0":"post-32124","1":"product","2":"type-product","3":"status-publish","4":"has-post-thumbnail","6":"product_brand-nacific","7":"product_cat-groziui","8":"product_cat-outlet","9":"product_cat-veido-kaukes","10":"product_cat-veidui","12":"first","13":"instock","14":"sale","15":"shipping-taxable","16":"purchasable","17":"product-type-simple"},"acf":[],"tiered_pricing_type":"fixed","tiered_pricing_fixed_rules":[],"tiered_pricing_product_settings":{"layout":"default","base_unit_name":{"singular":null,"plural":null},"default_variation":null},"tiered_pricing_minimum_quantity":null,"tiered_pricing_roles_data":[],"tiered_pricing_percentage_rules":[],"_links":{"self":[{"href":"https:\/\/purama.lt\/ee\/wp-json\/wp\/v2\/product\/32124","targetHints":{"allow":["GET"]}}],"collection":[{"href":"https:\/\/purama.lt\/ee\/wp-json\/wp\/v2\/product"}],"about":[{"href":"https:\/\/purama.lt\/ee\/wp-json\/wp\/v2\/types\/product"}],"replies":[{"embeddable":true,"href":"https:\/\/purama.lt\/ee\/wp-json\/wp\/v2\/comments?post=32124"}],"wp:featuredmedia":[{"embeddable":true,"href":"https:\/\/purama.lt\/ee\/wp-json\/wp\/v2\/media\/32135"}],"wp:attachment":[{"href":"https:\/\/purama.lt\/ee\/wp-json\/wp\/v2\/media?parent=32124"}],"wp:term":[{"taxonomy":"product_brand","embeddable":true,"href":"https:\/\/purama.lt\/ee\/wp-json\/wp\/v2\/product_brand?post=32124"},{"taxonomy":"product_cat","embeddable":true,"href":"https:\/\/purama.lt\/ee\/wp-json\/wp\/v2\/product_cat?post=32124"},{"taxonomy":"product_tag","embeddable":true,"href":"https:\/\/purama.lt\/ee\/wp-json\/wp\/v2\/product_tag?post=32124"}],"curies":[{"name":"wp","href":"https:\/\/api.w.org\/{rel}","templated":true}]}}