{"id":32122,"date":"2025-02-04T13:13:43","date_gmt":"2025-02-04T13:13:43","guid":{"rendered":"https:\/\/purama.lt\/produktas\/nacific-uyu-cream-nourishing-maitinamoji-lakstine-veido-kauke\/"},"modified":"2026-04-10T13:03:25","modified_gmt":"2026-04-10T11:03:25","slug":"nacific-uyu-kreem-toitev-toitev-lehe-naomask","status":"publish","type":"product","link":"https:\/\/purama.lt\/ee\/produktas\/nacific-uyu-cream-nourishing-maitinamoji-lakstine-veido-kauke\/","title":{"rendered":"NACIFIC UYU Cream Nourishing Nourishing Sheet Face Mask (toitev n\u00e4omask)"},"content":{"rendered":"<h4 class=\"wp-block-heading\"><strong>Kuidas NACIFIC UYU Cream Nourishing t\u00f6\u00f6tab?<\/strong><\/h4>\n\n\n\n<ul class=\"wp-block-list\">\n<li><strong>Toidab ja niisutab nahka intensiivselt<\/strong>, andes sellele p\u00fcsiva mugavuse<\/li>\n\n\n\n<li><strong>Taastab naha kaitsebarj\u00e4\u00e4ri<\/strong>, v\u00e4hendab kuivamist ja venitamist<\/li>\n\n\n\n<li><strong>Pehmendab ja silub nahka<\/strong>, annab sellele s\u00e4ra ja pehmuse<\/li>\n\n\n\n<li><strong>Aitab v\u00f5idelda kuivuse vastu<\/strong>, annab nahale elastsuse ja tugevdab selle struktuuri.<\/li>\n<\/ul>\n\n\n\n<h4 class=\"wp-block-heading\"><strong>Kuidas kasutada:<\/strong><\/h4>\n\n\n\n<ol class=\"wp-block-list\">\n<li>Puhastage n\u00e4gu ja patsutage nahk kuivaks.<\/li>\n\n\n\n<li>V\u00f5tke mask pakendist v\u00e4lja ja kandke see oma n\u00e4ole, sobitades selle tihedalt naha kontuuridele.<\/li>\n\n\n\n<li>J\u00e4ta jooksma <strong>15-20 minutit<\/strong>, et v\u00f5imaldada toimeainete imendumist.<\/li>\n\n\n\n<li>Eemaldage mask ja masseerige j\u00e4relej\u00e4\u00e4nud seerum \u00f5rnalt naha sisse - loputada ei ole vaja.<\/li>\n<\/ol>\n\n\n\n<p><strong>Koostisained:<\/strong> Piimaproteiinid, taime\u00f5lid, niisutavad koostisosad, looduslikud antioks\u00fcdandid, nahka tugevdavad ained.<\/p>\n\n\n\n<p><strong>NACIFIC UYU Cream toitev kreem<\/strong> - S\u00fcgavalt toitev ja taastav n\u00e4omask, mis tagab pikaajalise pehmuse ja mugavuse.<\/p>","protected":false},"excerpt":{"rendered":"<p><strong>NACIFIC UYU Cream toitev kreem<\/strong> - intensiivselt toitev ja niisutav n\u00e4omask, mis on v\u00e4lja t\u00f6\u00f6tatud <strong>kuivale, v\u00e4sinud ja deh\u00fcdreeritud nahale<\/strong>. V\u00e4lja otsitud aadressilt <strong>piimavalgud, looduslikud taime\u00f5lid ja niisutavad komponendid<\/strong>, See mask toidab nahka s\u00fcgavuti, annab sellele elastsust ja aitab taastada naha kaitsva barj\u00e4\u00e4ri. Kerge kreemjas tekstuur tagab kauakestva mugavustunde ja siidise pehmuse.<\/p>\n<h4><strong>Miks valida NACIFIC UYU Cream Nourishing?<\/strong><\/h4>\n<p>\u2714 <strong>Piimavalkud<\/strong> - toidab s\u00fcgavuti ja tugevdab naha kaitsvat barj\u00e4\u00e4ri.<br \/>\u2714 <strong>H\u00fcdratsioonikompleksid<\/strong> - aitab s\u00e4ilitada pikaajalist niiskustasakaalu<br \/>\u2714 <strong>Taimsed \u00f5lid<\/strong> - Pehmendab, pehmendab ja hoiab \u00e4ra kuivuse<br \/>\u2714 <strong>Lehtede struktuur<\/strong> - v\u00f5imaldab toimeainete optimaalset imendumist nahka<br \/>\u2714 <strong>Sobib k\u00f5ikidele nahat\u00fc\u00fcpidele<\/strong>, eriti kuivale ja tundlikule nahale<\/p>","protected":false},"featured_media":32173,"comment_status":"open","ping_status":"closed","template":"","meta":{"_acf_changed":false},"product_brand":[440],"product_cat":[92,500,142,59],"product_tag":[],"class_list":{"0":"post-32122","1":"product","2":"type-product","3":"status-publish","4":"has-post-thumbnail","6":"product_brand-nacific","7":"product_cat-groziui","8":"product_cat-outlet","9":"product_cat-veido-kaukes","10":"product_cat-veidui","12":"first","13":"instock","14":"sale","15":"shipping-taxable","16":"purchasable","17":"product-type-simple"},"acf":[],"tiered_pricing_type":"fixed","tiered_pricing_fixed_rules":[],"tiered_pricing_product_settings":{"layout":"default","base_unit_name":{"singular":null,"plural":null},"default_variation":null},"tiered_pricing_minimum_quantity":null,"tiered_pricing_roles_data":[],"tiered_pricing_percentage_rules":[],"_links":{"self":[{"href":"https:\/\/purama.lt\/ee\/wp-json\/wp\/v2\/product\/32122","targetHints":{"allow":["GET"]}}],"collection":[{"href":"https:\/\/purama.lt\/ee\/wp-json\/wp\/v2\/product"}],"about":[{"href":"https:\/\/purama.lt\/ee\/wp-json\/wp\/v2\/types\/product"}],"replies":[{"embeddable":true,"href":"https:\/\/purama.lt\/ee\/wp-json\/wp\/v2\/comments?post=32122"}],"wp:featuredmedia":[{"embeddable":true,"href":"https:\/\/purama.lt\/ee\/wp-json\/wp\/v2\/media\/32173"}],"wp:attachment":[{"href":"https:\/\/purama.lt\/ee\/wp-json\/wp\/v2\/media?parent=32122"}],"wp:term":[{"taxonomy":"product_brand","embeddable":true,"href":"https:\/\/purama.lt\/ee\/wp-json\/wp\/v2\/product_brand?post=32122"},{"taxonomy":"product_cat","embeddable":true,"href":"https:\/\/purama.lt\/ee\/wp-json\/wp\/v2\/product_cat?post=32122"},{"taxonomy":"product_tag","embeddable":true,"href":"https:\/\/purama.lt\/ee\/wp-json\/wp\/v2\/product_tag?post=32122"}],"curies":[{"name":"wp","href":"https:\/\/api.w.org\/{rel}","templated":true}]}}